{"id":26346,"date":"2022-11-25T10:44:20","date_gmt":"2022-11-25T10:44:20","guid":{"rendered":"http:\/\/www.sakababeauty.com\/?post_type=product&#038;p=26346"},"modified":"2023-04-03T15:38:12","modified_gmt":"2023-04-03T15:38:12","slug":"paula-choice-oil-reducing-cleanser","status":"publish","type":"product","link":"https:\/\/sakaba.mghosteur.com\/en\/product\/paula-choice-oil-reducing-cleanser\/","title":{"rendered":"PAULA CHOICE OIL REDUCING CLEANSER"},"content":{"rendered":"<p>Le Nettoyant r\u00e9ducteur de s\u00e9bum est un produit de nettoyage doux qui \u00e9limine efficacement le maquillage, l&#8217;exc\u00e8s de s\u00e9bum et les impuret\u00e9s de la peau. Sa formule concentr\u00e9e cr\u00e8me-mousse laisse la peau douce au toucher tout en \u00e9vitant de la dess\u00e9cher. Ce produit peut \u00eatre utilis\u00e9 comme premi\u00e8re \u00e9tape de votre routine de soins de la peau AM\/PM pour une peau nettoy\u00e9e en profondeur.<\/p>","protected":false},"excerpt":{"rendered":"<p>Le Nettoyant r\u00e9ducteur de s\u00e9bum est un produit de nettoyage doux qui \u00e9limine efficacement le maquillage, l&#8217;exc\u00e8s de s\u00e9bum et les impuret\u00e9s de la peau. Sa formule concentr\u00e9e cr\u00e8me-mousse laisse la peau douce au toucher tout en \u00e9vitant de la dess\u00e9cher. Ce produit peut \u00eatre utilis\u00e9 comme premi\u00e8re \u00e9tape de votre routine de soins de<span class=\"read-more-faq\"><a href=\"https:\/\/sakaba.mghosteur.com\/en\/product\/paula-choice-oil-reducing-cleanser\/\">Read More<\/a><\/span><\/p>","protected":false},"featured_media":0,"comment_status":"closed","ping_status":"closed","template":"","meta":[],"product_brand":[],"product_cat":[377],"product_tag":[],"class_list":{"0":"post-26346","1":"product","2":"type-product","3":"status-publish","5":"product_cat-bath-body-works","7":"first","8":"instock","9":"shipping-taxable","10":"product-type-simple"},"jetpack-related-posts":[{"id":31388,"url":"https:\/\/sakaba.mghosteur.com\/en\/product\/beauty-of-joseon-red-bean-water-gel-100ml\/","url_meta":{"origin":26346,"position":0},"title":"BEAUTY OF JOSEON RED BEAN WATER GEL 100ML","author":"admin","date":"May 10, 2024","format":false,"excerpt":"Red Bean Water Gel Ce qu'il est \u00c0 mesure que la peau m\u00fbrit, elle a tendance \u00e0 perdre de l\u2019humidit\u00e9 et du s\u00e9bum, ce qui facilite la formation des rides. Lorsque la peau manque d\u2019hydratation, elle compense en produisant plus de s\u00e9bum pour se prot\u00e9ger. Ce d\u00e9s\u00e9quilibre peut augmenter le\u2026","rel":"","context":"Similar post","block_context":{"text":"Similar post","link":""},"img":{"alt_text":"","src":"","width":0,"height":0},"classes":[]},{"id":30233,"url":"https:\/\/sakaba.mghosteur.com\/en\/product\/glow-serum-propolis-niacinamide\/","url_meta":{"origin":26346,"position":1},"title":"GLOW SERUM PROPOLIS +NIACINAMIDE","author":"admin","date":"May 4, 2023","format":false,"excerpt":"D\u00e9couvrez le S\u00e9rum \u00c9clat de la marque Beauty of Joseon, con\u00e7u pour les probl\u00e8mes de pores dilat\u00e9s et de peau enflamm\u00e9e. Ce s\u00e9rum contient 60 % d'extrait de propolis, ingr\u00e9dient traditionnel de soin de la peau utilis\u00e9 par les femmes de la dynastie Joseon pour hydrater et am\u00e9liorer la peau\u2026","rel":"","context":"Similar post","block_context":{"text":"Similar post","link":""},"img":{"alt_text":"","src":"","width":0,"height":0},"classes":[]},{"id":30296,"url":"https:\/\/sakaba.mghosteur.com\/en\/product\/beauty-of-joseon-red-bean-refreshing-pore-mask\/","url_meta":{"origin":26346,"position":2},"title":"BEAUTY OF JOSEON RED BEAN REFRESHING PORE MASK","author":"admin","date":"May 8, 2023","format":false,"excerpt":"D\u00e9couvrez le Masque rafra\u00eechissant pour les pores aux haricots rouges de la marque Beauty of Joseon. Ce masque est con\u00e7u pour prendre soin de vos pores en \u00e9liminant les cellules mortes de la peau, en lavant le s\u00e9bum et les d\u00e9chets accumul\u00e9s et en abaissant la temp\u00e9rature de la peau.\u2026","rel":"","context":"Similar post","block_context":{"text":"Similar post","link":""},"img":{"alt_text":"","src":"","width":0,"height":0},"classes":[]},{"id":30424,"url":"https:\/\/sakaba.mghosteur.com\/en\/product\/rapid-clear-oil-eliminating-foaming-cleanser\/","url_meta":{"origin":26346,"position":3},"title":"RAPID CLEAR OIL ELIMINATING FOAMING CLEANSER","author":"admin","date":"May 10, 2023","format":false,"excerpt":"D\u00e9couvrez le nettoyant moussant \u00e9liminateur de s\u00e9bum Rapid Clear de la marque Neutrogena, sp\u00e9cialement con\u00e7u pour aider \u00e0 contr\u00f4ler le s\u00e9bum de votre peau pendant des heures. Ce nettoyant moussant anti-s\u00e9bum est formul\u00e9 avec une texture riche et cr\u00e9meuse qui se transforme en une mousse l\u00e9g\u00e8re et sans huile pour\u2026","rel":"","context":"Similar post","block_context":{"text":"Similar post","link":""},"img":{"alt_text":"","src":"","width":0,"height":0},"classes":[]},{"id":31439,"url":"https:\/\/sakaba.mghosteur.com\/en\/product\/kojie-san-skin-lightening-cleanser-toner\/","url_meta":{"origin":26346,"position":4},"title":"KOJIE SAN SKIN LIGHTENING CLEANSER +TONER","author":"admin","date":"May 10, 2024","format":false,"excerpt":"D\u00e9couvrez le Kojie San Dual Action Cleanser + Toner - SUPER SAVINGS Profitez des avantages du Kojie San Dual Action Cleanser + Toner Ce nettoyant et tonique combin\u00e9 gardera votre peau fra\u00eeche en \u00e9liminant l'exc\u00e8s de s\u00e9bum. Les ingr\u00e9dients actifs nettoient d\u00e9licatement la peau, resserrent les pores et exfolient la\u2026","rel":"","context":"Similar post","block_context":{"text":"Similar post","link":""},"img":{"alt_text":"","src":"","width":0,"height":0},"classes":[]},{"id":31501,"url":"https:\/\/sakaba.mghosteur.com\/en\/product\/madagascar-centella-probio-cica-50ml\/","url_meta":{"origin":26346,"position":5},"title":"MADAGASCAR CENTELLA PROBIO CICA 50ML","author":"admin","date":"May 10, 2024","format":false,"excerpt":"PROBIO-CICA INTENSIVE AMPOULE DESCRIPTION : La Probio-Cica Intensive Ampoule est une solution hautement concentr\u00e9e, infus\u00e9e des bienfaits nourrissants et efficaces de la Centella ferment\u00e9e. Elle prend soin de la peau de mani\u00e8re saine, offrant une action apaisante rapide sur les peaux irrit\u00e9es. POLYVALENTE ET TOUT-EN-UN : Cette ampoule polyvalente est\u2026","rel":"","context":"Similar post","block_context":{"text":"Similar post","link":""},"img":{"alt_text":"","src":"","width":0,"height":0},"classes":[]}],"_links":{"self":[{"href":"https:\/\/sakaba.mghosteur.com\/en\/wp-json\/wp\/v2\/product\/26346","targetHints":{"allow":["GET"]}}],"collection":[{"href":"https:\/\/sakaba.mghosteur.com\/en\/wp-json\/wp\/v2\/product"}],"about":[{"href":"https:\/\/sakaba.mghosteur.com\/en\/wp-json\/wp\/v2\/types\/product"}],"replies":[{"embeddable":true,"href":"https:\/\/sakaba.mghosteur.com\/en\/wp-json\/wp\/v2\/comments?post=26346"}],"version-history":[{"count":0,"href":"https:\/\/sakaba.mghosteur.com\/en\/wp-json\/wp\/v2\/product\/26346\/revisions"}],"wp:attachment":[{"href":"https:\/\/sakaba.mghosteur.com\/en\/wp-json\/wp\/v2\/media?parent=26346"}],"wp:term":[{"taxonomy":"product_brand","embeddable":true,"href":"https:\/\/sakaba.mghosteur.com\/en\/wp-json\/wp\/v2\/product_brand?post=26346"},{"taxonomy":"product_cat","embeddable":true,"href":"https:\/\/sakaba.mghosteur.com\/en\/wp-json\/wp\/v2\/product_cat?post=26346"},{"taxonomy":"product_tag","embeddable":true,"href":"https:\/\/sakaba.mghosteur.com\/en\/wp-json\/wp\/v2\/product_tag?post=26346"}],"curies":[{"name":"wp","href":"https:\/\/api.w.org\/{rel}","templated":true}]}}