{"id":26350,"date":"2022-11-25T10:58:17","date_gmt":"2022-11-25T10:58:17","guid":{"rendered":"http:\/\/www.sakababeauty.com\/?post_type=product&#038;p=26350"},"modified":"2024-08-08T03:43:00","modified_gmt":"2024-08-08T03:43:00","slug":"naturium-retinol-complex-serum","status":"publish","type":"product","link":"https:\/\/sakaba.mghosteur.com\/en\/product\/naturium-retinol-complex-serum\/","title":{"rendered":"NATURIUM RETINOL COMPLEX SERUM"},"content":{"rendered":"","protected":false},"excerpt":{"rendered":"","protected":false},"featured_media":0,"comment_status":"closed","ping_status":"closed","template":"","meta":[],"product_brand":[],"product_cat":[1095,451,334],"product_tag":[],"class_list":{"0":"post-26350","1":"product","2":"type-product","3":"status-publish","5":"product_cat-anti-age","6":"product_cat-aab-soin-du-visage","7":"product_cat-traitement-serum","9":"first","10":"instock","11":"shipping-taxable","12":"product-type-simple"},"jetpack-related-posts":[{"id":32076,"url":"https:\/\/sakaba.mghosteur.com\/en\/product\/naturium-skin-renewing-retinol-body-lotion-414ml\/","url_meta":{"origin":26350,"position":0},"title":"NATURIUM SKIN RENEWING RETINOL BODY LOTION 414ML","author":"admin","date":"May 13, 2024","format":false,"excerpt":"La lotion corporelle au r\u00e9tinol favorise le renouvellement cutan\u00e9, am\u00e9liorant la texture, le teint et la fermet\u00e9 de la peau. Formul\u00e9e avec un complexe de r\u00e9tinol pur stabilis\u00e9 encapsul\u00e9 et de l'allanto\u00efne apaisante pour la peau, cette lotion laisse la peau douce, souple et nourrie tout en r\u00e9duisant les rougeurs\u2026","rel":"","context":"Similar post","block_context":{"text":"Similar post","link":""},"img":{"alt_text":"","src":"","width":0,"height":0},"classes":[]},{"id":28064,"url":"https:\/\/sakaba.mghosteur.com\/en\/product\/naturium-vitamin-c-complex-serum\/","url_meta":{"origin":26350,"position":1},"title":"NATURIUM VITAMIN C COMPLEX SERUM","author":"admin","date":"November 29, 2022","format":false,"excerpt":"Le puissant s\u00e9rum \u00e0 la vitamine C est formul\u00e9 avec un complexe de vitamine C \u00e0 base d'or et d'acide L-ascorbique hautement stabilis\u00e9, du phosphate d'ascorbyle de sodium et un m\u00e9lange de fruits bioactifs qui aide \u00e0 d\u00e9fendre la peau contre les facteurs de stress environnementaux, favorisant ainsi une peau\u2026","rel":"","context":"Similar post","block_context":{"text":"Similar post","link":""},"img":{"alt_text":"","src":"","width":0,"height":0},"classes":[]},{"id":27766,"url":"https:\/\/sakaba.mghosteur.com\/en\/product\/advanced-retinol-1-5-complex-night-concentrate\/","url_meta":{"origin":26350,"position":2},"title":"ADVANCED RETINOL 1.5% COMPLEX NIGHT CONCENTRATE","author":"admin","date":"November 29, 2022","format":false,"excerpt":"","rel":"","context":"Similar post","block_context":{"text":"Similar post","link":""},"img":{"alt_text":"","src":"","width":0,"height":0},"classes":[]},{"id":28075,"url":"https:\/\/sakaba.mghosteur.com\/en\/product\/naturium-vitamin-c-super-serum-plus\/","url_meta":{"origin":26350,"position":3},"title":"NATURIUM VITAMIN C SUPER SERUM PLUS","author":"admin","date":"November 29, 2022","format":false,"excerpt":"Le s\u00e9rum suraliment\u00e9 et multi-b\u00e9n\u00e9fices est formul\u00e9 avec de la vitamine C, du r\u00e9tinol, de l'acide hyaluronique, de la niacinamide et de l'acide salicylique pour aider \u00e0 am\u00e9liorer l'apparence des ridules et des rides, lisser et \u00e9claircir l'apparence de la peau, tout en aidant \u00e0 prot\u00e9ger la peau des facteurs\u2026","rel":"","context":"Similar post","block_context":{"text":"Similar post","link":""},"img":{"alt_text":"","src":"","width":0,"height":0},"classes":[]},{"id":27657,"url":"https:\/\/sakaba.mghosteur.com\/en\/product\/carrot-vitamin-c-vitamin-c-serum\/","url_meta":{"origin":26350,"position":4},"title":"40 CARROT VITAMIN SERUM + VITAMIN C","author":"admin","date":"November 29, 2022","format":false,"excerpt":"Soins de la peau riches en r\u00e9tinol 40 Carrots contiennent un complexe exclusif Betanol Age-Radiance. Ce complexe unique est une combinaison de b\u00eata-carot\u00e8ne \u00e9claircissant et de r\u00e9tinol (vitamine A) antirides recommand\u00e9 par les dermatologues. Ce puissant combo aide \u00e0 r\u00e9duire l'apparence des ridules et des rides tout en lissant le\u2026","rel":"","context":"Similar post","block_context":{"text":"Similar post","link":""},"img":{"alt_text":"","src":"","width":0,"height":0},"classes":[]},{"id":32068,"url":"https:\/\/sakaba.mghosteur.com\/en\/product\/naturium-skin-renewing-retinol-body-lotion\/","url_meta":{"origin":26350,"position":5},"title":"NATURIUM SKIN RENEWING RETINOL BODY LOTION","author":"admin","date":"May 13, 2024","format":false,"excerpt":"","rel":"","context":"Similar post","block_context":{"text":"Similar post","link":""},"img":{"alt_text":"","src":"","width":0,"height":0},"classes":[]}],"_links":{"self":[{"href":"https:\/\/sakaba.mghosteur.com\/en\/wp-json\/wp\/v2\/product\/26350","targetHints":{"allow":["GET"]}}],"collection":[{"href":"https:\/\/sakaba.mghosteur.com\/en\/wp-json\/wp\/v2\/product"}],"about":[{"href":"https:\/\/sakaba.mghosteur.com\/en\/wp-json\/wp\/v2\/types\/product"}],"replies":[{"embeddable":true,"href":"https:\/\/sakaba.mghosteur.com\/en\/wp-json\/wp\/v2\/comments?post=26350"}],"version-history":[{"count":0,"href":"https:\/\/sakaba.mghosteur.com\/en\/wp-json\/wp\/v2\/product\/26350\/revisions"}],"wp:attachment":[{"href":"https:\/\/sakaba.mghosteur.com\/en\/wp-json\/wp\/v2\/media?parent=26350"}],"wp:term":[{"taxonomy":"product_brand","embeddable":true,"href":"https:\/\/sakaba.mghosteur.com\/en\/wp-json\/wp\/v2\/product_brand?post=26350"},{"taxonomy":"product_cat","embeddable":true,"href":"https:\/\/sakaba.mghosteur.com\/en\/wp-json\/wp\/v2\/product_cat?post=26350"},{"taxonomy":"product_tag","embeddable":true,"href":"https:\/\/sakaba.mghosteur.com\/en\/wp-json\/wp\/v2\/product_tag?post=26350"}],"curies":[{"name":"wp","href":"https:\/\/api.w.org\/{rel}","templated":true}]}}