{"id":26353,"date":"2022-11-25T10:52:24","date_gmt":"2022-11-25T10:52:24","guid":{"rendered":"http:\/\/www.sakababeauty.com\/?post_type=product&#038;p=26353"},"modified":"2023-04-03T12:10:55","modified_gmt":"2023-04-03T12:10:55","slug":"paula-choice-daily-skin-clearing-treatment","status":"publish","type":"product","link":"https:\/\/sakaba.mghosteur.com\/en\/product\/paula-choice-daily-skin-clearing-treatment\/","title":{"rendered":"PAULA CHOICE Extra Strength Daily Skin Clearing Treatment with 5% Benzoyl Peroxide"},"content":{"rendered":"<p>Ce traitement quotidien pour le nettoyage de la peau est extra-puissant gr\u00e2ce \u00e0 sa formule contenant 5% de peroxyde de benzoyle. Il est sp\u00e9cialement con\u00e7u pour combattre l&#8217;acn\u00e9 tenace, pr\u00e9venir les \u00e9ruptions futures et r\u00e9duire les marques rouges. Contrairement \u00e0 d&#8217;autres produits similaires, celui-ci ne contient pas d&#8217;ingr\u00e9dients agressifs qui pourraient causer une peau s\u00e8che et \u00e9caill\u00e9e. La lotion l\u00e9g\u00e8re donne un fini mat doux qui n&#8217;alourdit pas la peau. Il suffit de l&#8217;utiliser deux fois par jour apr\u00e8s le nettoyage et l&#8217;exfoliation pour un r\u00e9sultat optimal. Le produit est sign\u00e9 de la marque PAULA&#8217;S CHOICE, une r\u00e9f\u00e9rence dans le domaine des soins de la peau.<\/p>","protected":false},"excerpt":{"rendered":"<p>Ce traitement quotidien pour le nettoyage de la peau est extra-puissant gr\u00e2ce \u00e0 sa formule contenant 5% de peroxyde de benzoyle. Il est sp\u00e9cialement con\u00e7u pour combattre l&#8217;acn\u00e9 tenace, pr\u00e9venir les \u00e9ruptions futures et r\u00e9duire les marques rouges. Contrairement \u00e0 d&#8217;autres produits similaires, celui-ci ne contient pas d&#8217;ingr\u00e9dients agressifs qui pourraient causer une peau s\u00e8che<span class=\"read-more-faq\"><a href=\"https:\/\/sakaba.mghosteur.com\/en\/product\/paula-choice-daily-skin-clearing-treatment\/\">Read More<\/a><\/span><\/p>","protected":false},"featured_media":0,"comment_status":"closed","ping_status":"closed","template":"","meta":[],"product_brand":[],"product_cat":[450,451],"product_tag":[],"class_list":{"0":"post-26353","1":"product","2":"type-product","3":"status-publish","5":"product_cat-soin-de-la-peau","6":"product_cat-aab-soin-du-visage","8":"first","9":"instock","10":"shipping-taxable","11":"product-type-simple"},"jetpack-related-posts":[],"_links":{"self":[{"href":"https:\/\/sakaba.mghosteur.com\/en\/wp-json\/wp\/v2\/product\/26353","targetHints":{"allow":["GET"]}}],"collection":[{"href":"https:\/\/sakaba.mghosteur.com\/en\/wp-json\/wp\/v2\/product"}],"about":[{"href":"https:\/\/sakaba.mghosteur.com\/en\/wp-json\/wp\/v2\/types\/product"}],"replies":[{"embeddable":true,"href":"https:\/\/sakaba.mghosteur.com\/en\/wp-json\/wp\/v2\/comments?post=26353"}],"version-history":[{"count":0,"href":"https:\/\/sakaba.mghosteur.com\/en\/wp-json\/wp\/v2\/product\/26353\/revisions"}],"wp:attachment":[{"href":"https:\/\/sakaba.mghosteur.com\/en\/wp-json\/wp\/v2\/media?parent=26353"}],"wp:term":[{"taxonomy":"product_brand","embeddable":true,"href":"https:\/\/sakaba.mghosteur.com\/en\/wp-json\/wp\/v2\/product_brand?post=26353"},{"taxonomy":"product_cat","embeddable":true,"href":"https:\/\/sakaba.mghosteur.com\/en\/wp-json\/wp\/v2\/product_cat?post=26353"},{"taxonomy":"product_tag","embeddable":true,"href":"https:\/\/sakaba.mghosteur.com\/en\/wp-json\/wp\/v2\/product_tag?post=26353"}],"curies":[{"name":"wp","href":"https:\/\/api.w.org\/{rel}","templated":true}]}}