{"id":26367,"date":"2022-11-25T11:03:41","date_gmt":"2022-11-25T11:03:41","guid":{"rendered":"http:\/\/www.sakababeauty.com\/?post_type=product&#038;p=26367"},"modified":"2022-11-25T11:03:41","modified_gmt":"2022-11-25T11:03:41","slug":"petterthomasroth-water-drench","status":"publish","type":"product","link":"https:\/\/sakaba.mghosteur.com\/en\/product\/petterthomasroth-water-drench\/","title":{"rendered":"PETTERTHOMASROTH WATER DRENCH"},"content":{"rendered":"","protected":false},"excerpt":{"rendered":"","protected":false},"featured_media":0,"comment_status":"closed","ping_status":"closed","template":"","meta":[],"product_brand":[],"product_cat":[377],"product_tag":[],"class_list":{"0":"post-26367","1":"product","2":"type-product","3":"status-publish","5":"product_cat-bath-body-works","7":"first","8":"instock","9":"shipping-taxable","10":"product-type-simple"},"jetpack-related-posts":[{"id":33344,"url":"https:\/\/sakaba.mghosteur.com\/en\/product\/petterthomasroth-water-drench-2\/","url_meta":{"origin":26367,"position":0},"title":"PETTERTHOMASROTH WATER DRENCH","author":"admin","date":"May 21, 2024","format":false,"excerpt":"Impr\u00e9gnez votre peau d'un nuage liquide d'humidit\u00e9 l\u00e9g\u00e8re et moelleuse qui est douce et l\u00e9g\u00e8re comme des nuages \u200b\u200bdans l'atmosph\u00e8re. La cr\u00e8me concentr\u00e9e \u00e0 30 % d'acide hyaluronique contient trois tailles mol\u00e9culaires d'acide hyaluronique, un puissant hydratant qui attire l'eau. Pentavitin \u00ae\u00a0aide \u00e0 fournir une hydratation jusqu'\u00e0 72 heures, m\u00eame\u2026","rel":"","context":"Similar post","block_context":{"text":"Similar post","link":""},"img":{"alt_text":"","src":"","width":0,"height":0},"classes":[]},{"id":26449,"url":"https:\/\/sakaba.mghosteur.com\/en\/product\/peterthomasroth-water-drench\/","url_meta":{"origin":26367,"position":1},"title":"PETERTHOMASROTH WATER DRENCH","author":"admin","date":"November 25, 2022","format":false,"excerpt":"Impr\u00e9gnez votre peau d'un nuage liquide d'humidit\u00e9 l\u00e9g\u00e8re et moelleuse qui est douce et l\u00e9g\u00e8re comme des nuages \u200b\u200bdans l'atmosph\u00e8re. La cr\u00e8me concentr\u00e9e \u00e0 30 % d'acide hyaluronique contient trois tailles mol\u00e9culaires d'acide hyaluronique, un puissant hydratant qui attire l'eau. Pentavitin \u00ae\u00a0aide \u00e0 fournir une hydratation jusqu'\u00e0 72 heures, m\u00eame\u2026","rel":"","context":"Similar post","block_context":{"text":"Similar post","link":""},"img":{"alt_text":"","src":"","width":0,"height":0},"classes":[]},{"id":33421,"url":"https:\/\/sakaba.mghosteur.com\/en\/product\/petterthomasroth-8-glycolic-solutions-toner\/","url_meta":{"origin":26367,"position":2},"title":"Petter Thomas Roth 8% GLYCOLIC SOLUTIONS TONER","author":"admin","date":"May 21, 2024","format":false,"excerpt":"","rel":"","context":"Similar post","block_context":{"text":"Similar post","link":""},"img":{"alt_text":"","src":"","width":0,"height":0},"classes":[]},{"id":33418,"url":"https:\/\/sakaba.mghosteur.com\/en\/product\/petterthomasroth-10-glycolic-solutions-moisturizer-63ml\/","url_meta":{"origin":26367,"position":3},"title":"Petter Thomas Roth 10% GLYCOLIC SOLUTIONS MOISTURIZER 63ML","author":"admin","date":"May 21, 2024","format":false,"excerpt":"","rel":"","context":"Similar post","block_context":{"text":"Similar post","link":""},"img":{"alt_text":"","src":"","width":0,"height":0},"classes":[]},{"id":32043,"url":"https:\/\/sakaba.mghosteur.com\/en\/product\/victoria-secret-melon-drench\/","url_meta":{"origin":26367,"position":4},"title":"Victoria Secret MELON DRENCH","author":"admin","date":"May 13, 2024","format":false,"excerpt":"Laissez-vous enivrer par ce parfum juteux, fruit\u00e9 et accrocheur qui vous emportera vers un paradis ensoleill\u00e9. Note de rhum coco, de chair de melon et d\u2019\u00e9corce de mangue. Type : solaire et sensuel Notes : chair de melon, copeaux de noix de coco, cl\u00e9mentine Brillez dans un nuage radieux de\u2026","rel":"","context":"Similar post","block_context":{"text":"Similar post","link":""},"img":{"alt_text":"","src":"","width":0,"height":0},"classes":[]},{"id":32398,"url":"https:\/\/sakaba.mghosteur.com\/en\/product\/sol-janeiro-delicia-drench-body-butter-75ml\/","url_meta":{"origin":26367,"position":5},"title":"SOL JANEIRO DELICIA DRENCH BODY BUTTER 75ml","author":"admin","date":"May 14, 2024","format":false,"excerpt":"Dites adieu \u00e0 la peau s\u00e8che avec le beurre corporel Delicia Drench (75 ml) de Sol de Janeiro. Ce d\u00e9licieux beurre corporel est une v\u00e9ritable oasis pour votre peau assoiff\u00e9e. Infus\u00e9 avec un m\u00e9lange exotique d'ingr\u00e9dients riches, incluant le complexe apaisant br\u00e9silien de la marque - un mariage subtil de\u2026","rel":"","context":"Similar post","block_context":{"text":"Similar post","link":""},"img":{"alt_text":"","src":"","width":0,"height":0},"classes":[]}],"_links":{"self":[{"href":"https:\/\/sakaba.mghosteur.com\/en\/wp-json\/wp\/v2\/product\/26367","targetHints":{"allow":["GET"]}}],"collection":[{"href":"https:\/\/sakaba.mghosteur.com\/en\/wp-json\/wp\/v2\/product"}],"about":[{"href":"https:\/\/sakaba.mghosteur.com\/en\/wp-json\/wp\/v2\/types\/product"}],"replies":[{"embeddable":true,"href":"https:\/\/sakaba.mghosteur.com\/en\/wp-json\/wp\/v2\/comments?post=26367"}],"version-history":[{"count":0,"href":"https:\/\/sakaba.mghosteur.com\/en\/wp-json\/wp\/v2\/product\/26367\/revisions"}],"wp:attachment":[{"href":"https:\/\/sakaba.mghosteur.com\/en\/wp-json\/wp\/v2\/media?parent=26367"}],"wp:term":[{"taxonomy":"product_brand","embeddable":true,"href":"https:\/\/sakaba.mghosteur.com\/en\/wp-json\/wp\/v2\/product_brand?post=26367"},{"taxonomy":"product_cat","embeddable":true,"href":"https:\/\/sakaba.mghosteur.com\/en\/wp-json\/wp\/v2\/product_cat?post=26367"},{"taxonomy":"product_tag","embeddable":true,"href":"https:\/\/sakaba.mghosteur.com\/en\/wp-json\/wp\/v2\/product_tag?post=26367"}],"curies":[{"name":"wp","href":"https:\/\/api.w.org\/{rel}","templated":true}]}}