{"id":26370,"date":"2022-11-25T11:03:06","date_gmt":"2022-11-25T11:03:06","guid":{"rendered":"http:\/\/www.sakababeauty.com\/?post_type=product&#038;p=26370"},"modified":"2024-08-30T03:40:58","modified_gmt":"2024-08-30T03:40:58","slug":"paulas-choice-invisible-finish-moisture-gel","status":"publish","type":"product","link":"https:\/\/sakaba.mghosteur.com\/en\/product\/paulas-choice-invisible-finish-moisture-gel\/","title":{"rendered":"PAULA&#8217;S CHOICE INVISIBLE FINISH MOISTURE GEL"},"content":{"rendered":"<p>Le gel hydratant finition invisible de la marque Paula&#8217;s Choice est un produit essentiel pour hydrater votre peau et minimiser l&#8217;apparence des pores. Sa formule l\u00e9g\u00e8re en gel rafra\u00eechit et hydrate votre peau tout en fournissant des antioxydants pour aider \u00e0 se prot\u00e9ger contre les agressions environnementales. Utilisez-le comme derni\u00e8re \u00e9tape de votre routine de soins de la peau PM pour obtenir une peau douce et hydrat\u00e9e.<\/p>","protected":false},"excerpt":{"rendered":"<p>Le gel hydratant finition invisible de la marque Paula&#8217;s Choice est un produit essentiel pour hydrater votre peau et minimiser l&#8217;apparence des pores. Sa formule l\u00e9g\u00e8re en gel rafra\u00eechit et hydrate votre peau tout en fournissant des antioxydants pour aider \u00e0 se prot\u00e9ger contre les agressions environnementales. Utilisez-le comme derni\u00e8re \u00e9tape de votre routine de<span class=\"read-more-faq\"><a href=\"https:\/\/sakaba.mghosteur.com\/en\/product\/paulas-choice-invisible-finish-moisture-gel\/\">Read More<\/a><\/span><\/p>","protected":false},"featured_media":0,"comment_status":"closed","ping_status":"closed","template":"","meta":[],"product_brand":[],"product_cat":[331,384,451],"product_tag":[],"class_list":{"0":"post-26370","1":"product","2":"type-product","3":"status-publish","5":"product_cat-hydratant-visage","6":"product_cat-peaux-grasses","7":"product_cat-aab-soin-du-visage","9":"first","10":"instock","11":"shipping-taxable","12":"product-type-simple"},"jetpack-related-posts":[{"id":26845,"url":"https:\/\/sakaba.mghosteur.com\/en\/product\/paula-choice-c15-super-booster-2\/","url_meta":{"origin":26370,"position":0},"title":"PAULA CHOICE C5 SUPER BOOST MOISTURIZER","author":"admin","date":"November 28, 2022","format":false,"excerpt":"Le Hydratant Super Boost C5 de Paula's Choice est un produit multi-actif qui hydrate votre peau tout en vous offrant des bienfaits anti-\u00e2ge. Avec une formule cliniquement prouv\u00e9e, cet hydratant combine une hydratation efficace avec 5% de vitamine C stabilis\u00e9e pour \u00e9claircir votre teint terne. Le Hexapeptide-5 renforce la fermet\u00e9\u2026","rel":"","context":"Similar post","block_context":{"text":"Similar post","link":""},"img":{"alt_text":"","src":"","width":0,"height":0},"classes":[]},{"id":29354,"url":"https:\/\/sakaba.mghosteur.com\/en\/product\/paula-choice-hydrating-gel-to-cream-cleanser\/","url_meta":{"origin":26370,"position":1},"title":"PAULA CHOICE HYDRATING GEL TO CREAM CLEANSER","author":"admin","date":"April 3, 2023","format":false,"excerpt":"D\u00e9couvrez ce nettoyant gel-cr\u00e8me hydratant de la marque Paula's Choice. Il nettoie en douceur votre peau en \u00e9liminant la salet\u00e9, le s\u00e9bum et le maquillage, tout en rin\u00e7ant les polluants nocifs qui peuvent causer des signes pr\u00e9matur\u00e9s de vieillissement. Sa formule \u00e0 base de superaliments rend votre peau fra\u00eeche et\u2026","rel":"","context":"Similar post","block_context":{"text":"Similar post","link":""},"img":{"alt_text":"","src":"","width":0,"height":0},"classes":[]},{"id":26828,"url":"https:\/\/sakaba.mghosteur.com\/en\/product\/paula-choice-hyauloronic-acid-booster\/","url_meta":{"origin":26370,"position":2},"title":"PAULA CHOICE  HYAULORONIC ACID BOOSTER","author":"admin","date":"November 28, 2022","format":false,"excerpt":"Le booster d'acide hyaluronique de la marque Paula's Choice est un produit de soin hautement concentr\u00e9 qui aide \u00e0 r\u00e9tablir le niveau d'humidit\u00e9 de la peau pour lui donner un aspect plus souple, repulp\u00e9 et lisse. Il est parfait pour les peaux d\u00e9shydrat\u00e9es et ternes, et peut am\u00e9liorer l'apparence des\u2026","rel":"","context":"Similar post","block_context":{"text":"Similar post","link":""},"img":{"alt_text":"","src":"","width":0,"height":0},"classes":[]},{"id":26892,"url":"https:\/\/sakaba.mghosteur.com\/en\/product\/10-azelaic-acid-booster\/","url_meta":{"origin":26370,"position":3},"title":"10% AZELAIC ACID BOOSTER","author":"admin","date":"November 28, 2022","format":false,"excerpt":"Le Booster 10% Acide Az\u00e9la\u00efque de la marque Paula's Choice est une formule unique qui utilise de l'acide az\u00e9la\u00efque puissant ainsi que d'autres ingr\u00e9dients puissants pour clarifier le teint irr\u00e9gulier, cibler les taches tenaces et apaiser les irritations. Cette formule vous donnera une peau plus lisse, plus radieuse et d'apparence\u2026","rel":"","context":"Similar post","block_context":{"text":"Similar post","link":""},"img":{"alt_text":"","src":"","width":0,"height":0},"classes":[]},{"id":29413,"url":"https:\/\/sakaba.mghosteur.com\/en\/product\/paula-choice-water-infusing-moisturizer\/","url_meta":{"origin":26370,"position":4},"title":"PAULA CHOICE WATER-INFUSING MOISTURIZER","author":"admin","date":"April 4, 2023","format":false,"excerpt":"D\u00e9couvrez l'hydratant aux \u00e9lectrolytes infusant d'eau de la marque Paula's Choice, un produit qui permet de r\u00e9hydrater votre peau en profondeur pour un r\u00e9sultat durable et un aspect ros\u00e9 et repulp\u00e9 instantan\u00e9. Gr\u00e2ce \u00e0 sa formule rafra\u00eechissante et l\u00e9g\u00e8re, cet hydratant recharge votre peau en \u00e9lectrolytes essentiels tels que le\u2026","rel":"","context":"Similar post","block_context":{"text":"Similar post","link":""},"img":{"alt_text":"","src":"","width":0,"height":0},"classes":[]},{"id":26344,"url":"https:\/\/sakaba.mghosteur.com\/en\/product\/paulas-choice-enriched-calming-toner-with-vitamin-eprimrose\/","url_meta":{"origin":26370,"position":5},"title":"PAULA&#8217;S CHOICE ENRICHED CALMING TONER WITH VITAMIN E+PRIMROSE","author":"admin","date":"November 25, 2022","format":false,"excerpt":"Le Tonique Calmant Enrichi de la marque Paula's Choice est un toner hydratant qui apaise la peau s\u00e8che et squameuse, tout en revitalisant et en restaurant l'humidit\u00e9 perdue. Cette formule lact\u00e9e et hydratante nourrit et r\u00e9conforte les peaux s\u00e8ches, gr\u00e2ce aux huiles v\u00e9g\u00e9tales riches en antioxydants qui apaisent et prot\u00e8gent\u2026","rel":"","context":"Similar post","block_context":{"text":"Similar post","link":""},"img":{"alt_text":"","src":"","width":0,"height":0},"classes":[]}],"_links":{"self":[{"href":"https:\/\/sakaba.mghosteur.com\/en\/wp-json\/wp\/v2\/product\/26370","targetHints":{"allow":["GET"]}}],"collection":[{"href":"https:\/\/sakaba.mghosteur.com\/en\/wp-json\/wp\/v2\/product"}],"about":[{"href":"https:\/\/sakaba.mghosteur.com\/en\/wp-json\/wp\/v2\/types\/product"}],"replies":[{"embeddable":true,"href":"https:\/\/sakaba.mghosteur.com\/en\/wp-json\/wp\/v2\/comments?post=26370"}],"version-history":[{"count":0,"href":"https:\/\/sakaba.mghosteur.com\/en\/wp-json\/wp\/v2\/product\/26370\/revisions"}],"wp:attachment":[{"href":"https:\/\/sakaba.mghosteur.com\/en\/wp-json\/wp\/v2\/media?parent=26370"}],"wp:term":[{"taxonomy":"product_brand","embeddable":true,"href":"https:\/\/sakaba.mghosteur.com\/en\/wp-json\/wp\/v2\/product_brand?post=26370"},{"taxonomy":"product_cat","embeddable":true,"href":"https:\/\/sakaba.mghosteur.com\/en\/wp-json\/wp\/v2\/product_cat?post=26370"},{"taxonomy":"product_tag","embeddable":true,"href":"https:\/\/sakaba.mghosteur.com\/en\/wp-json\/wp\/v2\/product_tag?post=26370"}],"curies":[{"name":"wp","href":"https:\/\/api.w.org\/{rel}","templated":true}]}}