{"id":26382,"date":"2022-11-25T11:09:15","date_gmt":"2022-11-25T11:09:15","guid":{"rendered":"http:\/\/www.sakababeauty.com\/?post_type=product&#038;p=26382"},"modified":"2022-11-25T11:09:15","modified_gmt":"2022-11-25T11:09:15","slug":"miracle-serum-30-days-aha-bha-pha","status":"publish","type":"product","link":"https:\/\/sakaba.mghosteur.com\/en\/product\/miracle-serum-30-days-aha-bha-pha\/","title":{"rendered":"MIRACLE SERUM 30 DAYS AHA BHA PHA"},"content":{"rendered":"","protected":false},"excerpt":{"rendered":"","protected":false},"featured_media":0,"comment_status":"closed","ping_status":"closed","template":"","meta":[],"product_brand":[],"product_cat":[377],"product_tag":[],"class_list":{"0":"post-26382","1":"product","2":"type-product","3":"status-publish","5":"product_cat-bath-body-works","7":"first","8":"instock","9":"shipping-taxable","10":"product-type-simple"},"jetpack-related-posts":[{"id":26419,"url":"https:\/\/sakaba.mghosteur.com\/en\/product\/miracle-serum-30-days-aha-bha-pha-2\/","url_meta":{"origin":26382,"position":0},"title":"MIRACLE SERUM 30 DAYS AHA BHA PHA","author":"admin","date":"November 25, 2022","format":false,"excerpt":"","rel":"","context":"Similar post","block_context":{"text":"Similar post","link":""},"img":{"alt_text":"","src":"","width":0,"height":0},"classes":[]},{"id":26459,"url":"https:\/\/sakaba.mghosteur.com\/en\/product\/miracle-cream-aha-bha-pha-30-days\/","url_meta":{"origin":26382,"position":1},"title":"MIRACLE CREAM AHA BHA PHA 30 DAYS","author":"admin","date":"November 25, 2022","format":false,"excerpt":"","rel":"","context":"Similar post","block_context":{"text":"Similar post","link":""},"img":{"alt_text":"","src":"","width":0,"height":0},"classes":[]},{"id":27777,"url":"https:\/\/sakaba.mghosteur.com\/en\/product\/bha-pha-6-serum-pores\/","url_meta":{"origin":26382,"position":2},"title":"BHA PHA 6% SERUM PORES","author":"admin","date":"November 29, 2022","format":false,"excerpt":"Un s\u00e9rum visage con\u00e7u pour les personnes ayant des probl\u00e8mes de pores dilat\u00e9s, visibles et obstru\u00e9s. Compos\u00e9 \u00e0 96 % d'ingr\u00e9dients naturels, dont 6 % d'acide salicylique naturel (BHA) et d'acide polyhydroxy (PHA), ce s\u00e9rum commence \u00e0 matifier et \u00e0 lisser votre peau d\u00e8s la premi\u00e8re utilisation et continue de\u2026","rel":"","context":"Similar post","block_context":{"text":"Similar post","link":""},"img":{"alt_text":"","src":"","width":0,"height":0},"classes":[]},{"id":33116,"url":"https:\/\/sakaba.mghosteur.com\/en\/product\/medix-5-5-20-aha-pha-renew-booster-serum-50ml\/","url_meta":{"origin":26382,"position":3},"title":"MEDIX 5.5 20% AHA PHA RENEW BOOSTER SERUM 50ML","author":"admin","date":"May 20, 2024","format":false,"excerpt":"Avec un PH de 5,5, le niveau de PH optimal pour une barri\u00e8re cutan\u00e9e saine, ce S\u00c9RUM booster est un m\u00e9lange resurfa\u00e7ant d'ALPHA HYDROXY ACIDES et de POLY HYDROXY ACIDES qui favorise l'\u00e9claircissement et le renouvellement des cellules de la peau.","rel":"","context":"Similar post","block_context":{"text":"Similar post","link":""},"img":{"alt_text":"","src":"","width":0,"height":0},"classes":[]},{"id":27345,"url":"https:\/\/sakaba.mghosteur.com\/en\/product\/algenist-blue-algae-vitamin-c-dark-spot\/","url_meta":{"origin":26382,"position":4},"title":"ALGENIST BLUE ALGAE VITAMIN C DARK SPOT","author":"admin","date":"November 29, 2022","format":false,"excerpt":"Un puissant peeling resurfa\u00e7ant et exfoliant infus\u00e9 de vitamine C exclusive d'algues bleues, d'un complexe triple acide, d'un m\u00e9lange d'AHA, de BHA et de PHA pour aider \u00e0 r\u00e9duire l'apparence des taches brunes, des d\u00e9colorations, des imperfections et des imperfections - r\u00e9v\u00e9lant un teint lisse, radieux et uniforme.","rel":"","context":"Similar post","block_context":{"text":"Similar post","link":""},"img":{"alt_text":"","src":"","width":0,"height":0},"classes":[]},{"id":27474,"url":"https:\/\/sakaba.mghosteur.com\/en\/product\/the-ordinary-aha-30-bha-2-peeling-solution\/","url_meta":{"origin":26382,"position":5},"title":"The Ordinary AHA 30% + BHA 2% Peeling Solution","author":"admin","date":"November 29, 2022","format":false,"excerpt":"La Solution gommante AHA 30% + BHA 2% de The Ordinary est la solution id\u00e9ale pour exfolier en profondeur votre peau et lui donner un aspect plus lumineux et uniforme. Elle est formul\u00e9e avec des acides alpha-hydroxyl\u00e9s (AHA), des acides b\u00eata-hydroxyl\u00e9s (BHA) et un d\u00e9riv\u00e9 de poivre de Tasmanie \u00e9tudi\u00e9,\u2026","rel":"","context":"Similar post","block_context":{"text":"Similar post","link":""},"img":{"alt_text":"","src":"","width":0,"height":0},"classes":[]}],"_links":{"self":[{"href":"https:\/\/sakaba.mghosteur.com\/en\/wp-json\/wp\/v2\/product\/26382","targetHints":{"allow":["GET"]}}],"collection":[{"href":"https:\/\/sakaba.mghosteur.com\/en\/wp-json\/wp\/v2\/product"}],"about":[{"href":"https:\/\/sakaba.mghosteur.com\/en\/wp-json\/wp\/v2\/types\/product"}],"replies":[{"embeddable":true,"href":"https:\/\/sakaba.mghosteur.com\/en\/wp-json\/wp\/v2\/comments?post=26382"}],"version-history":[{"count":0,"href":"https:\/\/sakaba.mghosteur.com\/en\/wp-json\/wp\/v2\/product\/26382\/revisions"}],"wp:attachment":[{"href":"https:\/\/sakaba.mghosteur.com\/en\/wp-json\/wp\/v2\/media?parent=26382"}],"wp:term":[{"taxonomy":"product_brand","embeddable":true,"href":"https:\/\/sakaba.mghosteur.com\/en\/wp-json\/wp\/v2\/product_brand?post=26382"},{"taxonomy":"product_cat","embeddable":true,"href":"https:\/\/sakaba.mghosteur.com\/en\/wp-json\/wp\/v2\/product_cat?post=26382"},{"taxonomy":"product_tag","embeddable":true,"href":"https:\/\/sakaba.mghosteur.com\/en\/wp-json\/wp\/v2\/product_tag?post=26382"}],"curies":[{"name":"wp","href":"https:\/\/api.w.org\/{rel}","templated":true}]}}