{"id":26421,"date":"2022-11-25T11:14:52","date_gmt":"2022-11-25T11:14:52","guid":{"rendered":"http:\/\/www.sakababeauty.com\/?post_type=product&#038;p=26421"},"modified":"2024-08-07T19:37:02","modified_gmt":"2024-08-07T19:37:02","slug":"cosrx-toner-collection-find-your-go-to-toner","status":"publish","type":"product","link":"https:\/\/sakaba.mghosteur.com\/en\/product\/cosrx-toner-collection-find-your-go-to-toner\/","title":{"rendered":"COSRX TONER COLLECTION FIND YOUR GO TO TONER"},"content":{"rendered":"<p>D\u00e9couvrez notre COLLECTION DE TONERS &#8211; TROUVEZ VOTRE TONER PARFAIT ! Ces toners de taille pratique de 1,01 fl.oz \/ 30ml sont parfaits pour essayer avant d&#8217;acheter en taille r\u00e9elle. Choisissez parmi 3 types de toners &#8211; jaune pour une peau \u00e9clatante, bleu pour une peau hydrat\u00e9e et rose, et vert pour une peau raffin\u00e9e et \u00e9clatante &#8211; en fonction des besoins de votre peau. Personnalisez votre soin pour r\u00e9pondre \u00e0 ses besoins quotidiens et emportez vos favoris partout o\u00f9 vous allez ! Appliquez simplement sur un coton apr\u00e8s le nettoyage et tapotez doucement sur le visage pour une meilleure absorption.<\/p>","protected":false},"excerpt":{"rendered":"<p>D\u00e9couvrez notre COLLECTION DE TONERS &#8211; TROUVEZ VOTRE TONER PARFAIT ! Ces toners de taille pratique de 1,01 fl.oz \/ 30ml sont parfaits pour essayer avant d&#8217;acheter en taille r\u00e9elle. Choisissez parmi 3 types de toners &#8211; jaune pour une peau \u00e9clatante, bleu pour une peau hydrat\u00e9e et rose, et vert pour une peau raffin\u00e9e<span class=\"read-more-faq\"><a href=\"https:\/\/sakaba.mghosteur.com\/en\/product\/cosrx-toner-collection-find-your-go-to-toner\/\">Read More<\/a><\/span><\/p>","protected":false},"featured_media":0,"comment_status":"closed","ping_status":"closed","template":"","meta":[],"product_brand":[],"product_cat":[1057,1018,451],"product_tag":[],"class_list":{"0":"post-26421","1":"product","2":"type-product","3":"status-publish","5":"product_cat-coffret-soins-visage","6":"product_cat-aai-produis-coreens","7":"product_cat-aab-soin-du-visage","9":"first","10":"instock","11":"shipping-taxable","12":"product-type-simple"},"jetpack-related-posts":[{"id":27270,"url":"https:\/\/sakaba.mghosteur.com\/en\/product\/good-molecules-niacinamide-brightening-toner\/","url_meta":{"origin":26421,"position":0},"title":"GOOD MOLECULES NIACINAMIDE BRIGHTENING TONER","author":"admin","date":"November 29, 2022","format":false,"excerpt":"D\u00e9couvrez le toner \u00e9claircissant niacinamide de Good Molecules, un produit phare pour une peau \u00e9clatante et uniforme. Ce toner sans alcool a \u00e9t\u00e9 sp\u00e9cialement formul\u00e9 avec des ingr\u00e9dients \u00e9claircissants pour r\u00e9duire les signes de matit\u00e9, de teint irr\u00e9gulier et de pores dilat\u00e9s. Avec un pH de 6,4, il convient parfaitement\u2026","rel":"","context":"Similar post","block_context":{"text":"Similar post","link":""},"img":{"alt_text":"","src":"","width":0,"height":0},"classes":[]},{"id":31445,"url":"https:\/\/sakaba.mghosteur.com\/en\/product\/numbuzin-3-toner-super-glowing-essence-200ml\/","url_meta":{"origin":26421,"position":1},"title":"NUMBUZIN 3 TONER SUPER GLOWING ESSENCE 200ML","author":"admin","date":"May 10, 2024","format":false,"excerpt":"D\u00e9couvrez le Numbuzin No.3 Super Glowing Essence Toner, une v\u00e9ritable r\u00e9v\u00e9lation pour votre routine de soins de la peau. Compos\u00e9 de 50 types d'ingr\u00e9dients ferment\u00e9s, ce toner est un indispensable pour am\u00e9liorer l'\u00e9clat, l'\u00e9lasticit\u00e9 et l'apparence g\u00e9n\u00e9rale de votre peau. Con\u00e7u pour ceux qui souffrent d'un teint terne ou d'un\u2026","rel":"","context":"Similar post","block_context":{"text":"Similar post","link":""},"img":{"alt_text":"","src":"","width":0,"height":0},"classes":[]},{"id":29628,"url":"https:\/\/sakaba.mghosteur.com\/en\/product\/palmers-cocoa-butter-formula-eventone-tone-correcting-face-oil\/","url_meta":{"origin":26421,"position":2},"title":"Palmer&#8217;s Cocoa Butter Formula Eventone Tone Correcting Face Oil","author":"admin","date":"April 11, 2023","format":false,"excerpt":"Le Palmer's Cocoa Butter Formula Eventone Tone Correcting Face Oil est un produit de beaut\u00e9 de la marque Palmer's. Ce produit contient des ingr\u00e9dients correcteurs de pigments actifs qui aident \u00e0 corriger les taches brunes et les pigments in\u00e9gaux sur la peau. Il est formul\u00e9 avec des gouttes de complexe\u2026","rel":"","context":"Similar post","block_context":{"text":"Similar post","link":""},"img":{"alt_text":"","src":"","width":0,"height":0},"classes":[]},{"id":31523,"url":"https:\/\/sakaba.mghosteur.com\/en\/product\/vaseline-daily-brightening-even-tone-lotion-200ml\/","url_meta":{"origin":26421,"position":3},"title":"VASELINE DAILY BRIGHTENING EVEN TONE LOTION 200ML","author":"admin","date":"May 10, 2024","format":false,"excerpt":"VASELINE DAILY BRIGHTENING LOTION D\u00e9tails La lotion Vaseline Healthy Bright est reconnue comme l'une des meilleures lotions \u00e9claircissantes pour la peau, aidant \u00e0 soigner* la peau s\u00e8che et endommag\u00e9e tout en restaurant naturellement son \u00e9clat en seulement 2 semaines. Avantages Obtenez une peau radieuse en seulement 2 semaines. Une lotion\u2026","rel":"","context":"Similar post","block_context":{"text":"Similar post","link":""},"img":{"alt_text":"","src":"","width":0,"height":0},"classes":[]},{"id":29482,"url":"https:\/\/sakaba.mghosteur.com\/en\/product\/cosrx-propelis-synergy-toner\/","url_meta":{"origin":26421,"position":4},"title":"COSRX PROPELIS SYNERGY TONER","author":"admin","date":"April 6, 2023","format":false,"excerpt":"D\u00e9couvrez le Toner Synergy Propolis Full Fit ! Ce toner quotidien stimulant contient 72,6 % d'extrait de propolis d'abeille noire et 10 % d'extrait de miel pour donner \u00e0 votre peau un \u00e9clat \u00e9blouissant et une texture lisse. Vous pouvez l'utiliser avec l'ampoule Propolis Light pour obtenir un r\u00e9sultat encore\u2026","rel":"","context":"Similar post","block_context":{"text":"Similar post","link":""},"img":{"alt_text":"","src":"","width":0,"height":0},"classes":[]},{"id":30367,"url":"https:\/\/sakaba.mghosteur.com\/en\/product\/neutrogena-rapid-tone-repair-200-vitamin-c-serum\/","url_meta":{"origin":26421,"position":5},"title":"Neutrogena Rapid Tone Repair Brightening 20% Vitamin C Serum Capsules","author":"admin","date":"May 9, 2023","format":false,"excerpt":"Obtenez une peau plus jeune et plus \u00e9clatante en une semaine avec les capsules de s\u00e9rum \u00e0 la vitamine C Rapid Tone Repair de Neutrogena. Chaque capsule biod\u00e9gradable contient 20 % de vitamine C pure pour r\u00e9duire visiblement les taches brunes et les signes du vieillissement cutan\u00e9. Ce s\u00e9rum lissant\u2026","rel":"","context":"Similar post","block_context":{"text":"Similar post","link":""},"img":{"alt_text":"","src":"","width":0,"height":0},"classes":[]}],"_links":{"self":[{"href":"https:\/\/sakaba.mghosteur.com\/en\/wp-json\/wp\/v2\/product\/26421","targetHints":{"allow":["GET"]}}],"collection":[{"href":"https:\/\/sakaba.mghosteur.com\/en\/wp-json\/wp\/v2\/product"}],"about":[{"href":"https:\/\/sakaba.mghosteur.com\/en\/wp-json\/wp\/v2\/types\/product"}],"replies":[{"embeddable":true,"href":"https:\/\/sakaba.mghosteur.com\/en\/wp-json\/wp\/v2\/comments?post=26421"}],"version-history":[{"count":0,"href":"https:\/\/sakaba.mghosteur.com\/en\/wp-json\/wp\/v2\/product\/26421\/revisions"}],"wp:attachment":[{"href":"https:\/\/sakaba.mghosteur.com\/en\/wp-json\/wp\/v2\/media?parent=26421"}],"wp:term":[{"taxonomy":"product_brand","embeddable":true,"href":"https:\/\/sakaba.mghosteur.com\/en\/wp-json\/wp\/v2\/product_brand?post=26421"},{"taxonomy":"product_cat","embeddable":true,"href":"https:\/\/sakaba.mghosteur.com\/en\/wp-json\/wp\/v2\/product_cat?post=26421"},{"taxonomy":"product_tag","embeddable":true,"href":"https:\/\/sakaba.mghosteur.com\/en\/wp-json\/wp\/v2\/product_tag?post=26421"}],"curies":[{"name":"wp","href":"https:\/\/api.w.org\/{rel}","templated":true}]}}