{"id":26430,"date":"2022-11-25T11:19:53","date_gmt":"2022-11-25T11:19:53","guid":{"rendered":"http:\/\/www.sakababeauty.com\/?post_type=product&#038;p=26430"},"modified":"2022-11-25T11:20:40","modified_gmt":"2022-11-25T11:20:40","slug":"snail-rescue-all-in-one-oil-free-moisturizer","status":"publish","type":"product","link":"https:\/\/sakaba.mghosteur.com\/en\/product\/snail-rescue-all-in-one-oil-free-moisturizer\/","title":{"rendered":"SNAIL RESCUE ALL IN ONE OIL FREE MOISTURIZER"},"content":{"rendered":"","protected":false},"excerpt":{"rendered":"","protected":false},"featured_media":0,"comment_status":"closed","ping_status":"closed","template":"","meta":[],"product_brand":[],"product_cat":[377],"product_tag":[],"class_list":{"0":"post-26430","1":"product","2":"type-product","3":"status-publish","5":"product_cat-bath-body-works","7":"first","8":"instock","9":"shipping-taxable","10":"product-type-simple"},"jetpack-related-posts":[{"id":26490,"url":"https:\/\/sakaba.mghosteur.com\/en\/product\/snail-rescue-all-in-one-oil-free-moisturizer-2\/","url_meta":{"origin":26430,"position":0},"title":"SNAIL RESCUE ALL IN ONE OIL FREE MOISTURIZER","author":"admin","date":"November 25, 2022","format":false,"excerpt":"","rel":"","context":"Similar post","block_context":{"text":"Similar post","link":""},"img":{"alt_text":"","src":"","width":0,"height":0},"classes":[]},{"id":26438,"url":"https:\/\/sakaba.mghosteur.com\/en\/product\/cosrx-snail-92-all-in-one-cream\/","url_meta":{"origin":26430,"position":1},"title":"COSRX SNAIL 92 ALL IN ONE CREAM","author":"admin","date":"November 25, 2022","format":false,"excerpt":"Le produit Advanced Snail 92 Cr\u00e8me tout en un est une cr\u00e8me hydratante qui nourrit votre peau avec 92% de mucine d'escargot. Cette cr\u00e8me est id\u00e9ale pour apaiser les peaux irrit\u00e9es et sensibles apr\u00e8s des \u00e9ruptions cutan\u00e9es. Avec sa texture de gel riche et nourrissante, cette cr\u00e8me est facilement absorb\u00e9e\u2026","rel":"","context":"Similar post","block_context":{"text":"Similar post","link":""},"img":{"alt_text":"","src":"","width":0,"height":0},"classes":[]},{"id":27808,"url":"https:\/\/sakaba.mghosteur.com\/en\/product\/skin-rescue-oil-free-mattifying-gel\/","url_meta":{"origin":26430,"position":2},"title":"SKIN RESCUE OIL FREE MATTIFYING GEL","author":"admin","date":"November 29, 2022","format":false,"excerpt":"","rel":"","context":"Similar post","block_context":{"text":"Similar post","link":""},"img":{"alt_text":"","src":"","width":0,"height":0},"classes":[]},{"id":26385,"url":"https:\/\/sakaba.mghosteur.com\/en\/product\/snail-rescue-blemish-busting-toner\/","url_meta":{"origin":26430,"position":3},"title":"SNAIL RESCUE BLEMISH BUSTING TONER","author":"admin","date":"November 25, 2022","format":false,"excerpt":"","rel":"","context":"Similar post","block_context":{"text":"Similar post","link":""},"img":{"alt_text":"","src":"","width":0,"height":0},"classes":[]},{"id":26436,"url":"https:\/\/sakaba.mghosteur.com\/en\/product\/snail-rescue-intensive-wash-off-mask\/","url_meta":{"origin":26430,"position":4},"title":"SNAIL RESCUE INTENSIVE WASH OFF MASK","author":"admin","date":"November 25, 2022","format":false,"excerpt":"","rel":"","context":"Similar post","block_context":{"text":"Similar post","link":""},"img":{"alt_text":"","src":"","width":0,"height":0},"classes":[]},{"id":34429,"url":"https:\/\/sakaba.mghosteur.com\/en\/product\/peach-slices-snail-rescue-purifying-cleanser\/","url_meta":{"origin":26430,"position":5},"title":"PEACH SLICES SNAIL RESCUE PURIFYING CLEANSER","author":"admin","date":"May 28, 2024","format":false,"excerpt":"","rel":"","context":"Similar post","block_context":{"text":"Similar post","link":""},"img":{"alt_text":"","src":"","width":0,"height":0},"classes":[]}],"_links":{"self":[{"href":"https:\/\/sakaba.mghosteur.com\/en\/wp-json\/wp\/v2\/product\/26430","targetHints":{"allow":["GET"]}}],"collection":[{"href":"https:\/\/sakaba.mghosteur.com\/en\/wp-json\/wp\/v2\/product"}],"about":[{"href":"https:\/\/sakaba.mghosteur.com\/en\/wp-json\/wp\/v2\/types\/product"}],"replies":[{"embeddable":true,"href":"https:\/\/sakaba.mghosteur.com\/en\/wp-json\/wp\/v2\/comments?post=26430"}],"version-history":[{"count":0,"href":"https:\/\/sakaba.mghosteur.com\/en\/wp-json\/wp\/v2\/product\/26430\/revisions"}],"wp:attachment":[{"href":"https:\/\/sakaba.mghosteur.com\/en\/wp-json\/wp\/v2\/media?parent=26430"}],"wp:term":[{"taxonomy":"product_brand","embeddable":true,"href":"https:\/\/sakaba.mghosteur.com\/en\/wp-json\/wp\/v2\/product_brand?post=26430"},{"taxonomy":"product_cat","embeddable":true,"href":"https:\/\/sakaba.mghosteur.com\/en\/wp-json\/wp\/v2\/product_cat?post=26430"},{"taxonomy":"product_tag","embeddable":true,"href":"https:\/\/sakaba.mghosteur.com\/en\/wp-json\/wp\/v2\/product_tag?post=26430"}],"curies":[{"name":"wp","href":"https:\/\/api.w.org\/{rel}","templated":true}]}}