{"id":26433,"date":"2022-11-25T11:21:05","date_gmt":"2022-11-25T11:21:05","guid":{"rendered":"http:\/\/www.sakababeauty.com\/?post_type=product&#038;p=26433"},"modified":"2024-08-07T19:34:29","modified_gmt":"2024-08-07T19:34:29","slug":"cosrx-the-hyaluronic-acid-3-serum","status":"publish","type":"product","link":"https:\/\/sakaba.mghosteur.com\/en\/product\/cosrx-the-hyaluronic-acid-3-serum\/","title":{"rendered":"COSRX THE HYALURONIC ACID 3 SERUM"},"content":{"rendered":"<p>D\u00e9couvrez le S\u00e9rum Acide Hyaluronique 3, un soin pour la peau ultra-hydratant et apaisant. Gr\u00e2ce \u00e0 sa formule haute r\u00e9sistance infus\u00e9e avec 3% d&#8217;acide hyaluronique, ce s\u00e9rum aide \u00e0 repulper la peau et \u00e0 renforcer sa barri\u00e8re d&#8217;hydratation. Vous pourrez ressentir les bienfaits de l&#8217;acide hyaluronique sans vous soucier des irritations, comme confirm\u00e9 par des essais cliniques sur 30 sujets. Faites le choix d&#8217;une peau nourrie et hydrat\u00e9e avec le S\u00e9rum Acide Hyaluronique 3.<\/p>","protected":false},"excerpt":{"rendered":"<p>D\u00e9couvrez le S\u00e9rum Acide Hyaluronique 3, un soin pour la peau ultra-hydratant et apaisant. Gr\u00e2ce \u00e0 sa formule haute r\u00e9sistance infus\u00e9e avec 3% d&#8217;acide hyaluronique, ce s\u00e9rum aide \u00e0 repulper la peau et \u00e0 renforcer sa barri\u00e8re d&#8217;hydratation. Vous pourrez ressentir les bienfaits de l&#8217;acide hyaluronique sans vous soucier des irritations, comme confirm\u00e9 par des<span class=\"read-more-faq\"><a href=\"https:\/\/sakaba.mghosteur.com\/en\/product\/cosrx-the-hyaluronic-acid-3-serum\/\">Read More<\/a><\/span><\/p>","protected":false},"featured_media":0,"comment_status":"closed","ping_status":"closed","template":"","meta":[],"product_brand":[],"product_cat":[1095,1018,451,334],"product_tag":[],"class_list":{"0":"post-26433","1":"product","2":"type-product","3":"status-publish","5":"product_cat-anti-age","6":"product_cat-aai-produis-coreens","7":"product_cat-aab-soin-du-visage","8":"product_cat-traitement-serum","10":"first","11":"instock","12":"shipping-taxable","13":"product-type-simple"},"jetpack-related-posts":[{"id":24015,"url":"https:\/\/sakaba.mghosteur.com\/en\/product\/neutrogena-hydro-boost-hyaluronic-acid-serum\/","url_meta":{"origin":26433,"position":0},"title":"NEUTROGENA HYDRO BOOST HYALURONIC ACID SERUM","author":"admin","date":"November 9, 2022","format":false,"excerpt":"Le s\u00e9rum visage quotidien \u00e0 l'acide hyaluronique Neutrogena Hydro Boost est un produit de soin de la peau ultra-l\u00e9ger qui offre une hydratation longue dur\u00e9e pour une peau extra-lisse et souple. Adapt\u00e9 aux peaux sensibles, il d\u00e9salt\u00e8re la peau en profondeur gr\u00e2ce \u00e0 sa formule unique contenant deux tailles d'acide\u2026","rel":"","context":"Similar post","block_context":{"text":"Similar post","link":""},"img":{"alt_text":"","src":"","width":0,"height":0},"classes":[]},{"id":29056,"url":"https:\/\/sakaba.mghosteur.com\/en\/product\/cerave-hydrating-hyaluronic-acid-serum\/","url_meta":{"origin":26433,"position":1},"title":"CERAVE HYDRATING HYALURONIC ACID SERUM","author":"admin","date":"March 13, 2023","format":false,"excerpt":"Le S\u00e9rum hydratant \u00e0 l'acide hyaluronique de CeraVe est un puissant hydratant contenant de l'acide hyaluronique, de la vitamine B5 et trois c\u00e9ramides essentiels qui aident \u00e0 restaurer la barri\u00e8re protectrice de votre peau et \u00e0 lui donner une hydratation intense jusqu'\u00e0 24 heures. La technologie brevet\u00e9e MVE assure une\u2026","rel":"","context":"Similar post","block_context":{"text":"Similar post","link":""},"img":{"alt_text":"","src":"","width":0,"height":0},"classes":[]},{"id":29249,"url":"https:\/\/sakaba.mghosteur.com\/en\/product\/good-molecules-hyaluronic-acid-serum\/","url_meta":{"origin":26433,"position":2},"title":"GOOD MOLECULES HYALURONIC ACID SERUM","author":"admin","date":"March 21, 2023","format":false,"excerpt":"Le s\u00e9rum acide hyaluronique de Good Molecules est un produit incontournable pour une peau bien hydrat\u00e9e. Sa formule l\u00e9g\u00e8re attire l'humidit\u00e9 vers la peau pour une hydratation longue dur\u00e9e, offrant une apparence lisse et souple. Ce produit est disponible en format de 30 ml\/1 oz, est v\u00e9g\u00e9talien, sans gluten, sans\u2026","rel":"","context":"Similar post","block_context":{"text":"Similar post","link":""},"img":{"alt_text":"","src":"","width":0,"height":0},"classes":[]},{"id":30330,"url":"https:\/\/sakaba.mghosteur.com\/en\/product\/neutrogena-hydro-boost-night-pressed-serum\/","url_meta":{"origin":26433,"position":3},"title":"NEUTROGENA HYDRO BOOST NIGHT PRESSED SERUM","author":"admin","date":"May 8, 2023","format":false,"excerpt":"D\u00e9couvrez le s\u00e9rum press\u00e9 pour le visage Hydro Boost Night \u00e0 l'acide hyaluronique pur de la marque Neutrogena, un concentr\u00e9 multi-r\u00e9parateur unique con\u00e7u pour revitaliser et restaurer la barri\u00e8re d'hydratation de votre peau pendant la nuit. Ce s\u00e9rum pour le visage fond instantan\u00e9ment dans votre peau pour une hydratation en\u2026","rel":"","context":"Similar post","block_context":{"text":"Similar post","link":""},"img":{"alt_text":"","src":"","width":0,"height":0},"classes":[]},{"id":56132,"url":"https:\/\/sakaba.mghosteur.com\/en\/product\/anua-azelaic-acid-10-hyaluron-redness-soothing-serum\/","url_meta":{"origin":26433,"position":4},"title":"Anua Azelaic Acid 10 + Hyaluron Redness Soothing Serum","author":"Sope DIA","date":"January 2, 2026","format":false,"excerpt":"[APAISANT POUR LES ROUGEURS] L'acide az\u00e9la\u00efque \u00e0 10 % apaise les peaux normales. Les extraits de bl\u00e9 et d'orge, ingr\u00e9dients doux et efficaces, hydratent en profondeur et contribuent \u00e0 \u00e9quilibrer la peau pour un teint plus \u00e9clatant. [SOIN DOUX ET EFFICACE POUR LA PEAU] Un m\u00e9lange de trois types d'acide\u2026","rel":"","context":"Similar post","block_context":{"text":"Similar post","link":""},"img":{"alt_text":"","src":"","width":0,"height":0},"classes":[]},{"id":33119,"url":"https:\/\/sakaba.mghosteur.com\/en\/product\/medix-5-5-3-hyaluronic-hydrate-booster-serum-50ml\/","url_meta":{"origin":26433,"position":5},"title":"MEDIX 5.5 3% HYALURONIC HYDRATE BOOSTER SERUM 50ML","author":"admin","date":"May 20, 2024","format":false,"excerpt":"Le s\u00e9rum \u00e0 l'acide hyaluronique est formul\u00e9 avec trois poids mol\u00e9culaires diff\u00e9rents, ainsi que de la vitamine B5, de l'alo\u00e8s et du varech, laissant la peau extr\u00eamement hydrat\u00e9e et rebondie.","rel":"","context":"Similar post","block_context":{"text":"Similar post","link":""},"img":{"alt_text":"","src":"","width":0,"height":0},"classes":[]}],"_links":{"self":[{"href":"https:\/\/sakaba.mghosteur.com\/en\/wp-json\/wp\/v2\/product\/26433","targetHints":{"allow":["GET"]}}],"collection":[{"href":"https:\/\/sakaba.mghosteur.com\/en\/wp-json\/wp\/v2\/product"}],"about":[{"href":"https:\/\/sakaba.mghosteur.com\/en\/wp-json\/wp\/v2\/types\/product"}],"replies":[{"embeddable":true,"href":"https:\/\/sakaba.mghosteur.com\/en\/wp-json\/wp\/v2\/comments?post=26433"}],"version-history":[{"count":0,"href":"https:\/\/sakaba.mghosteur.com\/en\/wp-json\/wp\/v2\/product\/26433\/revisions"}],"wp:attachment":[{"href":"https:\/\/sakaba.mghosteur.com\/en\/wp-json\/wp\/v2\/media?parent=26433"}],"wp:term":[{"taxonomy":"product_brand","embeddable":true,"href":"https:\/\/sakaba.mghosteur.com\/en\/wp-json\/wp\/v2\/product_brand?post=26433"},{"taxonomy":"product_cat","embeddable":true,"href":"https:\/\/sakaba.mghosteur.com\/en\/wp-json\/wp\/v2\/product_cat?post=26433"},{"taxonomy":"product_tag","embeddable":true,"href":"https:\/\/sakaba.mghosteur.com\/en\/wp-json\/wp\/v2\/product_tag?post=26433"}],"curies":[{"name":"wp","href":"https:\/\/api.w.org\/{rel}","templated":true}]}}