{"id":26436,"date":"2022-11-25T11:21:42","date_gmt":"2022-11-25T11:21:42","guid":{"rendered":"http:\/\/www.sakababeauty.com\/?post_type=product&#038;p=26436"},"modified":"2022-11-25T11:21:43","modified_gmt":"2022-11-25T11:21:43","slug":"snail-rescue-intensive-wash-off-mask","status":"publish","type":"product","link":"https:\/\/sakaba.mghosteur.com\/en\/product\/snail-rescue-intensive-wash-off-mask\/","title":{"rendered":"SNAIL RESCUE INTENSIVE WASH OFF MASK"},"content":{"rendered":"","protected":false},"excerpt":{"rendered":"","protected":false},"featured_media":0,"comment_status":"closed","ping_status":"closed","template":"","meta":[],"product_brand":[],"product_cat":[377],"product_tag":[],"class_list":{"0":"post-26436","1":"product","2":"type-product","3":"status-publish","5":"product_cat-bath-body-works","7":"first","8":"instock","9":"shipping-taxable","10":"product-type-simple"},"jetpack-related-posts":[{"id":34426,"url":"https:\/\/sakaba.mghosteur.com\/en\/product\/peach-slices-snail-rescue-intensive-serum\/","url_meta":{"origin":26436,"position":0},"title":"PEACH SLICES SNAIL RESCUE INTENSIVE SERUM","author":"admin","date":"May 28, 2024","format":false,"excerpt":"","rel":"","context":"Similar post","block_context":{"text":"Similar post","link":""},"img":{"alt_text":"","src":"","width":0,"height":0},"classes":[]},{"id":26385,"url":"https:\/\/sakaba.mghosteur.com\/en\/product\/snail-rescue-blemish-busting-toner\/","url_meta":{"origin":26436,"position":1},"title":"SNAIL RESCUE BLEMISH BUSTING TONER","author":"admin","date":"November 25, 2022","format":false,"excerpt":"","rel":"","context":"Similar post","block_context":{"text":"Similar post","link":""},"img":{"alt_text":"","src":"","width":0,"height":0},"classes":[]},{"id":34429,"url":"https:\/\/sakaba.mghosteur.com\/en\/product\/peach-slices-snail-rescue-purifying-cleanser\/","url_meta":{"origin":26436,"position":2},"title":"PEACH SLICES SNAIL RESCUE PURIFYING CLEANSER","author":"admin","date":"May 28, 2024","format":false,"excerpt":"","rel":"","context":"Similar post","block_context":{"text":"Similar post","link":""},"img":{"alt_text":"","src":"","width":0,"height":0},"classes":[]},{"id":26430,"url":"https:\/\/sakaba.mghosteur.com\/en\/product\/snail-rescue-all-in-one-oil-free-moisturizer\/","url_meta":{"origin":26436,"position":3},"title":"SNAIL RESCUE ALL IN ONE OIL FREE MOISTURIZER","author":"admin","date":"November 25, 2022","format":false,"excerpt":"","rel":"","context":"Similar post","block_context":{"text":"Similar post","link":""},"img":{"alt_text":"","src":"","width":0,"height":0},"classes":[]},{"id":26490,"url":"https:\/\/sakaba.mghosteur.com\/en\/product\/snail-rescue-all-in-one-oil-free-moisturizer-2\/","url_meta":{"origin":26436,"position":4},"title":"SNAIL RESCUE ALL IN ONE OIL FREE MOISTURIZER","author":"admin","date":"November 25, 2022","format":false,"excerpt":"","rel":"","context":"Similar post","block_context":{"text":"Similar post","link":""},"img":{"alt_text":"","src":"","width":0,"height":0},"classes":[]},{"id":30242,"url":"https:\/\/sakaba.mghosteur.com\/en\/product\/deep-clean-purifying-wash-off-clay-mask\/","url_meta":{"origin":26436,"position":5},"title":"Deep Clean Purifying Wash-Off Clay Mask","author":"admin","date":"May 4, 2023","format":false,"excerpt":"Un masque \u00e0 l'argile purifiant et nettoyant en profondeur est un type de produit de soin con\u00e7u pour aider \u00e0 \u00e9liminer les impuret\u00e9s et l'exc\u00e8s de s\u00e9bum de la peau. Le masque est g\u00e9n\u00e9ralement fabriqu\u00e9 \u00e0 partir d'une combinaison d'argiles naturelles, telles que la bentonite, le kaolin ou Pour utiliser\u2026","rel":"","context":"Similar post","block_context":{"text":"Similar post","link":""},"img":{"alt_text":"","src":"","width":0,"height":0},"classes":[]}],"_links":{"self":[{"href":"https:\/\/sakaba.mghosteur.com\/en\/wp-json\/wp\/v2\/product\/26436","targetHints":{"allow":["GET"]}}],"collection":[{"href":"https:\/\/sakaba.mghosteur.com\/en\/wp-json\/wp\/v2\/product"}],"about":[{"href":"https:\/\/sakaba.mghosteur.com\/en\/wp-json\/wp\/v2\/types\/product"}],"replies":[{"embeddable":true,"href":"https:\/\/sakaba.mghosteur.com\/en\/wp-json\/wp\/v2\/comments?post=26436"}],"version-history":[{"count":0,"href":"https:\/\/sakaba.mghosteur.com\/en\/wp-json\/wp\/v2\/product\/26436\/revisions"}],"wp:attachment":[{"href":"https:\/\/sakaba.mghosteur.com\/en\/wp-json\/wp\/v2\/media?parent=26436"}],"wp:term":[{"taxonomy":"product_brand","embeddable":true,"href":"https:\/\/sakaba.mghosteur.com\/en\/wp-json\/wp\/v2\/product_brand?post=26436"},{"taxonomy":"product_cat","embeddable":true,"href":"https:\/\/sakaba.mghosteur.com\/en\/wp-json\/wp\/v2\/product_cat?post=26436"},{"taxonomy":"product_tag","embeddable":true,"href":"https:\/\/sakaba.mghosteur.com\/en\/wp-json\/wp\/v2\/product_tag?post=26436"}],"curies":[{"name":"wp","href":"https:\/\/api.w.org\/{rel}","templated":true}]}}