{"id":26439,"date":"2022-11-25T11:23:46","date_gmt":"2022-11-25T11:23:46","guid":{"rendered":"http:\/\/www.sakababeauty.com\/?post_type=product&#038;p=26439"},"modified":"2022-11-25T11:23:47","modified_gmt":"2022-11-25T11:23:47","slug":"vital-e-antioxydant-eye-cream","status":"publish","type":"product","link":"https:\/\/sakaba.mghosteur.com\/en\/product\/vital-e-antioxydant-eye-cream\/","title":{"rendered":"VITAL E ANTIOXYDANT EYE CREAM"},"content":{"rendered":"","protected":false},"excerpt":{"rendered":"","protected":false},"featured_media":0,"comment_status":"closed","ping_status":"closed","template":"","meta":[],"product_brand":[],"product_cat":[297],"product_tag":[],"class_list":{"0":"post-26439","1":"product","2":"type-product","3":"status-publish","5":"product_cat-yeux","7":"first","8":"instock","9":"shipping-taxable","10":"product-type-simple"},"jetpack-related-posts":[{"id":33424,"url":"https:\/\/sakaba.mghosteur.com\/en\/product\/peterthomasroth-vital-e-antioxydant-eye-cream\/","url_meta":{"origin":26439,"position":0},"title":"PETERTHOMASROTH VITAL E ANTIOXYDANT EYE CREAM","author":"admin","date":"May 21, 2024","format":false,"excerpt":"","rel":"","context":"Similar post","block_context":{"text":"Similar post","link":""},"img":{"alt_text":"","src":"","width":0,"height":0},"classes":[]},{"id":26963,"url":"https:\/\/sakaba.mghosteur.com\/en\/product\/facetheory-ocuwake-eye-cream\/","url_meta":{"origin":26439,"position":1},"title":"FACETHEORY Ocuwake Eye Cream EYE1","author":"admin","date":"November 28, 2022","format":false,"excerpt":"Produit : FACETHEORY Ocuwake Eye Cream EYE1 La cr\u00e8me pour les yeux FACETHEORY Ocuwake Eye Cream EYE1 est un m\u00e9lange d'actifs de pointe, con\u00e7u pour r\u00e9duire les cernes et les poches sous les yeux. La formule contient un m\u00e9lange de vitamine C, acide f\u00e9rulique, r\u00e9glisse et camomille, ainsi que la\u2026","rel":"","context":"Similar post","block_context":{"text":"Similar post","link":""},"img":{"alt_text":"","src":"","width":0,"height":0},"classes":[]},{"id":31801,"url":"https:\/\/sakaba.mghosteur.com\/en\/product\/olay-eyes-brigthtening-eye-cream\/","url_meta":{"origin":26439,"position":2},"title":"Olay Eyes Brigthtening eye cream","author":"admin","date":"May 10, 2024","format":false,"excerpt":"La cr\u00e8me \u00e9claircissante pour les yeux Olay pour les cernes est une cr\u00e8me qui hydrate le contour des yeux pour aider \u00e0 r\u00e9duire les cernes, les rides et \u00e0 lisser les ridules. Elle contient de la vitamine E, de la vitamine C, de la caf\u00e9ine, de la niacinamide et du\u2026","rel":"","context":"Similar post","block_context":{"text":"Similar post","link":""},"img":{"alt_text":"","src":"","width":0,"height":0},"classes":[]},{"id":26770,"url":"https:\/\/sakaba.mghosteur.com\/en\/product\/olay-eyes-collagen-peptide-24-eye-cream\/","url_meta":{"origin":26439,"position":3},"title":"Olay Eyes Collagen Peptide 24 Eye Cream","author":"admin","date":"November 28, 2022","format":false,"excerpt":"","rel":"","context":"Similar post","block_context":{"text":"Similar post","link":""},"img":{"alt_text":"","src":"","width":0,"height":0},"classes":[]},{"id":27946,"url":"https:\/\/sakaba.mghosteur.com\/en\/product\/origins-ginzing-eye-cream\/","url_meta":{"origin":26439,"position":4},"title":"ORIGINS GINZING EYE CREAM","author":"admin","date":"November 29, 2022","format":false,"excerpt":"","rel":"","context":"Similar post","block_context":{"text":"Similar post","link":""},"img":{"alt_text":"","src":"","width":0,"height":0},"classes":[]},{"id":27396,"url":"https:\/\/sakaba.mghosteur.com\/en\/product\/sweet-chef-booster-eye-cream\/","url_meta":{"origin":26439,"position":5},"title":"SWEET CHEF BOOSTER EYE CREAM","author":"admin","date":"November 29, 2022","format":false,"excerpt":"","rel":"","context":"Similar post","block_context":{"text":"Similar post","link":""},"img":{"alt_text":"","src":"","width":0,"height":0},"classes":[]}],"_links":{"self":[{"href":"https:\/\/sakaba.mghosteur.com\/en\/wp-json\/wp\/v2\/product\/26439","targetHints":{"allow":["GET"]}}],"collection":[{"href":"https:\/\/sakaba.mghosteur.com\/en\/wp-json\/wp\/v2\/product"}],"about":[{"href":"https:\/\/sakaba.mghosteur.com\/en\/wp-json\/wp\/v2\/types\/product"}],"replies":[{"embeddable":true,"href":"https:\/\/sakaba.mghosteur.com\/en\/wp-json\/wp\/v2\/comments?post=26439"}],"version-history":[{"count":0,"href":"https:\/\/sakaba.mghosteur.com\/en\/wp-json\/wp\/v2\/product\/26439\/revisions"}],"wp:attachment":[{"href":"https:\/\/sakaba.mghosteur.com\/en\/wp-json\/wp\/v2\/media?parent=26439"}],"wp:term":[{"taxonomy":"product_brand","embeddable":true,"href":"https:\/\/sakaba.mghosteur.com\/en\/wp-json\/wp\/v2\/product_brand?post=26439"},{"taxonomy":"product_cat","embeddable":true,"href":"https:\/\/sakaba.mghosteur.com\/en\/wp-json\/wp\/v2\/product_cat?post=26439"},{"taxonomy":"product_tag","embeddable":true,"href":"https:\/\/sakaba.mghosteur.com\/en\/wp-json\/wp\/v2\/product_tag?post=26439"}],"curies":[{"name":"wp","href":"https:\/\/api.w.org\/{rel}","templated":true}]}}