{"id":26449,"date":"2022-11-25T11:30:13","date_gmt":"2022-11-25T11:30:13","guid":{"rendered":"http:\/\/www.sakababeauty.com\/?post_type=product&#038;p=26449"},"modified":"2024-05-21T13:47:59","modified_gmt":"2024-05-21T13:47:59","slug":"peterthomasroth-water-drench","status":"publish","type":"product","link":"https:\/\/sakaba.mghosteur.com\/en\/product\/peterthomasroth-water-drench\/","title":{"rendered":"PETERTHOMASROTH WATER DRENCH"},"content":{"rendered":"<p>Impr\u00e9gnez votre peau d&#8217;un nuage liquide d&#8217;humidit\u00e9 l\u00e9g\u00e8re et moelleuse qui est douce et l\u00e9g\u00e8re comme des nuages \u200b\u200bdans l&#8217;atmosph\u00e8re. La cr\u00e8me concentr\u00e9e \u00e0 30 % d&#8217;acide hyaluronique contient trois tailles mol\u00e9culaires d&#8217;acide hyaluronique, un puissant hydratant qui attire l&#8217;eau. Pentavitin <sup>\u00ae<\/sup>\u00a0aide \u00e0 fournir une hydratation jusqu&#8217;\u00e0 72 heures, m\u00eame apr\u00e8s le nettoyage.*<\/p>\n<p>&nbsp;<\/p>\n<p><button class=\"collapse-heading w-100 text-left\" data-toggle=\"collapse\" data-target=\"#descriptionCollapse\" aria-expanded=\"true\" aria-controls=\"descriptionCollapse\"><span class=\"d-inline-block\">Description<\/span><i class=\"svg-icon arrow-down\"><\/i><\/button><\/p>\n<div id=\"descriptionCollapse\" class=\"collapse show\">\n<div class=\"collpase-body\">\n<div class=\"long-description\">\n<p>Impr\u00e9gnez votre peau d&#8217;un nuage liquide d&#8217;humidit\u00e9 l\u00e9g\u00e8re et moelleuse qui est douce et l\u00e9g\u00e8re comme des nuages \u200b\u200bdans l&#8217;atmosph\u00e8re. La cr\u00e8me concentr\u00e9e \u00e0 30 % d&#8217;acide hyaluronique contient trois tailles mol\u00e9culaires d&#8217;acide hyaluronique, un puissant hydratant qui attire l&#8217;eau. Aide \u00e0 repulper l\u2019apparence de la peau avec de l\u2019humidit\u00e9. Pentavitin\u00a0<sup>\u00ae<\/sup>\u00a0aide \u00e0 fournir une hydratation jusqu&#8217;\u00e0 72 heures, m\u00eame apr\u00e8s le nettoyage.* ProHyal+\u00a0<sup>\u00ae<\/sup>\u00a0aide \u00e0 am\u00e9liorer l&#8217;hydratation pour une peau plus saine et plus lisse. L&#8217;apparence des rides et ridules est visiblement r\u00e9duite, laissant un teint soyeux, hydrat\u00e9 et plus jeune. S\u00e8che l\u00e9ger comme un nuage et est l\u00e9ger sur la peau. Sans parfum.<\/p>\n<p>*Dans une \u00e9tude de 28 jours appliquant une formulation \u00e0 1 % de Pentavitin\u00a0<sup>\u00ae<\/sup>\u00a0, la peau est rest\u00e9e hydrat\u00e9e pendant 72 heures<\/p>\n<\/div>\n<\/div>\n<\/div>","protected":false},"excerpt":{"rendered":"<p>Impr\u00e9gnez votre peau d&#8217;un nuage liquide d&#8217;humidit\u00e9 l\u00e9g\u00e8re et moelleuse qui est douce et l\u00e9g\u00e8re comme des nuages \u200b\u200bdans l&#8217;atmosph\u00e8re. La cr\u00e8me concentr\u00e9e \u00e0 30 % d&#8217;acide hyaluronique contient trois tailles mol\u00e9culaires d&#8217;acide hyaluronique, un puissant hydratant qui attire l&#8217;eau. Pentavitin \u00ae\u00a0aide \u00e0 fournir une hydratation jusqu&#8217;\u00e0 72 heures, m\u00eame apr\u00e8s le nettoyage.* &nbsp; Description<span class=\"read-more-faq\"><a href=\"https:\/\/sakaba.mghosteur.com\/en\/product\/peterthomasroth-water-drench\/\">Read More<\/a><\/span><\/p>","protected":false},"featured_media":0,"comment_status":"closed","ping_status":"closed","template":"","meta":[],"product_brand":[953],"product_cat":[451],"product_tag":[],"class_list":{"0":"post-26449","1":"product","2":"type-product","3":"status-publish","5":"product_brand-peter-thomas-roth","6":"product_cat-aab-soin-du-visage","8":"first","9":"instock","10":"shipping-taxable","11":"product-type-simple"},"jetpack-related-posts":[{"id":33344,"url":"https:\/\/sakaba.mghosteur.com\/en\/product\/petterthomasroth-water-drench-2\/","url_meta":{"origin":26449,"position":0},"title":"PETTERTHOMASROTH WATER DRENCH","author":"admin","date":"May 21, 2024","format":false,"excerpt":"Impr\u00e9gnez votre peau d'un nuage liquide d'humidit\u00e9 l\u00e9g\u00e8re et moelleuse qui est douce et l\u00e9g\u00e8re comme des nuages \u200b\u200bdans l'atmosph\u00e8re. La cr\u00e8me concentr\u00e9e \u00e0 30 % d'acide hyaluronique contient trois tailles mol\u00e9culaires d'acide hyaluronique, un puissant hydratant qui attire l'eau. Pentavitin \u00ae\u00a0aide \u00e0 fournir une hydratation jusqu'\u00e0 72 heures, m\u00eame\u2026","rel":"","context":"Similar post","block_context":{"text":"Similar post","link":""},"img":{"alt_text":"","src":"","width":0,"height":0},"classes":[]},{"id":29459,"url":"https:\/\/sakaba.mghosteur.com\/en\/product\/cosrx-hyaluronic-acid-intensive-cream\/","url_meta":{"origin":26449,"position":1},"title":"COSRX HYALURONIC ACID INTENSIVE CREAM","author":"admin","date":"April 4, 2023","format":false,"excerpt":"D\u00e9couvrez la Cr\u00e8me Intensive Acide Hyaluronique de la marque COSRX, le secret pour une peau souple et hydrat\u00e9e toute la journ\u00e9e ! Cette cr\u00e8me hydratante est con\u00e7ue pour augmenter la teneur en humidit\u00e9 de votre peau et la prot\u00e9ger contre la perte d'hydratation. Sa texture l\u00e9g\u00e8re et non grasse laisse\u2026","rel":"","context":"Similar post","block_context":{"text":"Similar post","link":""},"img":{"alt_text":"","src":"","width":0,"height":0},"classes":[]},{"id":31624,"url":"https:\/\/sakaba.mghosteur.com\/en\/product\/the-inkey-hyaluronic-acid\/","url_meta":{"origin":26449,"position":2},"title":"THE INKEY HYALURONIC ACID","author":"admin","date":"May 10, 2024","format":false,"excerpt":"S\u00e9rum \u00e0 l'acide hyaluronique Le best-seller num\u00e9ro un, cet essentiel quotidien est un alli\u00e9 incontournable pour chaque routine, boostant l'efficacit\u00e9 de vos autres soins de la peau. Cliniquement prouv\u00e9 pour procurer une hydratation instantan\u00e9e et durable, ce s\u00e9rum non collant laisse la peau repulp\u00e9e, lisse et radieuse. Formul\u00e9 avec 2\u2026","rel":"","context":"Similar post","block_context":{"text":"Similar post","link":""},"img":{"alt_text":"","src":"","width":0,"height":0},"classes":[]},{"id":24171,"url":"https:\/\/sakaba.mghosteur.com\/en\/product\/cerave-hydrating-cream-to-foam-cleanser\/","url_meta":{"origin":26449,"position":3},"title":"CERAVE HYDRATING CREAM TO FOAM CLEANSER 355ML","author":"admin","date":"November 9, 2022","format":false,"excerpt":"Le nettoyant cr\u00e8me-mousse hydratant de CeraVe est sp\u00e9cialement con\u00e7u pour les peaux normales \u00e0 s\u00e8ches. Ce nettoyant pour le visage est formul\u00e9 pour \u00e9liminer en douceur la salet\u00e9, le s\u00e9bum, le maquillage et la pollution sans enlever l'hydratation naturelle de la peau. Cette formule innovante commence comme une cr\u00e8me, puis\u2026","rel":"","context":"Similar post","block_context":{"text":"Similar post","link":""},"img":{"alt_text":"","src":"","width":0,"height":0},"classes":[]},{"id":31975,"url":"https:\/\/sakaba.mghosteur.com\/en\/product\/cerave-moisturizing-cream-453g-2\/","url_meta":{"origin":26449,"position":4},"title":"CERAVE MOISTURIZING CREAM 453G","author":"admin","date":"May 13, 2024","format":false,"excerpt":"La cr\u00e8me hydratante CeraVe est une cr\u00e8me sans parfum et non com\u00e9dog\u00e8ne qui convient \u00e0 tous les types de peau, y compris celles qui souffrent d'ecz\u00e9ma. Elle contient de l'acide hyaluronique et trois c\u00e9ramides diff\u00e9rents pour hydrater et retenir l'humidit\u00e9. La cr\u00e8me contient \u00e9galement de la glyc\u00e9rine, un humectant qui\u2026","rel":"","context":"Similar post","block_context":{"text":"Similar post","link":""},"img":{"alt_text":"","src":"","width":0,"height":0},"classes":[]},{"id":24187,"url":"https:\/\/sakaba.mghosteur.com\/en\/product\/cerave-facial-moisturizing-lotion-am-60ml\/","url_meta":{"origin":26449,"position":5},"title":"CERAVE FACIAL MOISTURIZING LOTION PM 60ML","author":"admin","date":"November 9, 2022","format":false,"excerpt":"La lotion hydratante pour le visage CeraVe PM est le choix parfait pour ceux qui cherchent une cr\u00e8me de nuit l\u00e9g\u00e8re et non grasse. Cette lotion a \u00e9t\u00e9 sp\u00e9cialement con\u00e7ue pour aider \u00e0 hydrater, calmer et apaiser votre peau tout en restaurant sa barri\u00e8re d'hydratation naturelle, gr\u00e2ce \u00e0 sa formule\u2026","rel":"","context":"Similar post","block_context":{"text":"Similar post","link":""},"img":{"alt_text":"","src":"","width":0,"height":0},"classes":[]}],"_links":{"self":[{"href":"https:\/\/sakaba.mghosteur.com\/en\/wp-json\/wp\/v2\/product\/26449","targetHints":{"allow":["GET"]}}],"collection":[{"href":"https:\/\/sakaba.mghosteur.com\/en\/wp-json\/wp\/v2\/product"}],"about":[{"href":"https:\/\/sakaba.mghosteur.com\/en\/wp-json\/wp\/v2\/types\/product"}],"replies":[{"embeddable":true,"href":"https:\/\/sakaba.mghosteur.com\/en\/wp-json\/wp\/v2\/comments?post=26449"}],"version-history":[{"count":0,"href":"https:\/\/sakaba.mghosteur.com\/en\/wp-json\/wp\/v2\/product\/26449\/revisions"}],"wp:attachment":[{"href":"https:\/\/sakaba.mghosteur.com\/en\/wp-json\/wp\/v2\/media?parent=26449"}],"wp:term":[{"taxonomy":"product_brand","embeddable":true,"href":"https:\/\/sakaba.mghosteur.com\/en\/wp-json\/wp\/v2\/product_brand?post=26449"},{"taxonomy":"product_cat","embeddable":true,"href":"https:\/\/sakaba.mghosteur.com\/en\/wp-json\/wp\/v2\/product_cat?post=26449"},{"taxonomy":"product_tag","embeddable":true,"href":"https:\/\/sakaba.mghosteur.com\/en\/wp-json\/wp\/v2\/product_tag?post=26449"}],"curies":[{"name":"wp","href":"https:\/\/api.w.org\/{rel}","templated":true}]}}