{"id":26453,"date":"2022-11-25T11:37:22","date_gmt":"2022-11-25T11:37:22","guid":{"rendered":"http:\/\/www.sakababeauty.com\/?post_type=product&#038;p=26453"},"modified":"2024-08-13T18:43:24","modified_gmt":"2024-08-13T18:43:24","slug":"tree-hut-strawberry-shea-sugar-scrub","status":"publish","type":"product","link":"https:\/\/sakaba.mghosteur.com\/en\/product\/tree-hut-strawberry-shea-sugar-scrub\/","title":{"rendered":"TREE HUT STRAWBERRY SHEA SUGAR SCRUB"},"content":{"rendered":"<p>Le gommage au sucre et \u00e0 la fraise Tree Hut est un gommage corporel qui utilise du sucre, du beurre de karit\u00e9, du BHA, de la fraise et des huiles naturelles pour nourrir et \u00e9quilibrer l&#8217;hydratation de la peau. Il est biologique, sans cruaut\u00e9 et sans alcool.<\/p>","protected":false},"excerpt":{"rendered":"<p>Le gommage au sucre et \u00e0 la fraise Tree Hut est un gommage corporel qui utilise du sucre, du beurre de karit\u00e9, du BHA, de la fraise et des huiles naturelles pour nourrir et \u00e9quilibrer l&#8217;hydratation de la peau. Il est biologique, sans cruaut\u00e9 et sans alcool.<\/p>","protected":false},"featured_media":0,"comment_status":"closed","ping_status":"closed","template":"","meta":[],"product_brand":[],"product_cat":[358,447],"product_tag":[],"class_list":{"0":"post-26453","1":"product","2":"type-product","3":"status-publish","5":"product_cat-bain-douche","6":"product_cat-aac-bain-et-corps","8":"first","9":"instock","10":"shipping-taxable","11":"product-type-variable"},"jetpack-related-posts":[{"id":56216,"url":"https:\/\/sakaba.mghosteur.com\/en\/product\/tree-hut-cotton-candy-shea-sugar-scrub\/","url_meta":{"origin":26453,"position":0},"title":"Tree Hut Cotton Candy Shea Sugar Scrub","author":"Sope DIA","date":"January 3, 2026","format":false,"excerpt":"GOMMAGE AU SUCRE BARBE \u00c0 PAPA\u00a0: La marque de gommage corporel n\u00b0\u00a01 aux \u00c9tats-Unis* exfolie en douceur pour \u00e9liminer les cellules mortes et r\u00e9v\u00e9ler une peau douce et lisse. Laissez-vous envo\u00fbter par le parfum gourmand d\u2019une friandise de f\u00eate foraine aux notes de fraise, de sucre fil\u00e9 et de cr\u00e8me\u2026","rel":"","context":"Similar post","block_context":{"text":"Similar post","link":""},"img":{"alt_text":"","src":"","width":0,"height":0},"classes":[]},{"id":56221,"url":"https:\/\/sakaba.mghosteur.com\/en\/product\/tree-hut-tangerine-shea-sugar-scrub\/","url_meta":{"origin":26453,"position":1},"title":"Tree Hut Tangerine Shea Sugar Scrub","author":"Sope DIA","date":"January 3, 2026","format":false,"excerpt":"PARFUMS EXCEPTIONNELS : Un plaisir hesp\u00e9rid\u00e9 aux notes de mandarine juteuse, de pamplemousse et d'orange, avec une touche de bois de santal. R\u00c9V\u00c9LEZ UNE PEAU \u00c9CLATANTE\u00a0: Appliquez une quantit\u00e9 g\u00e9n\u00e9reuse de gommage corporel Tree Hut sur peau humide ou s\u00e8che. Massez en mouvements circulaires pour une application uniforme et une\u2026","rel":"","context":"Similar post","block_context":{"text":"Similar post","link":""},"img":{"alt_text":"","src":"","width":0,"height":0},"classes":[]},{"id":32112,"url":"https:\/\/sakaba.mghosteur.com\/en\/product\/shea-sugar-scrub-candy-cane\/","url_meta":{"origin":26453,"position":2},"title":"TREE HUT SHEA SUGAR SCRUB CANDY CANE","author":"admin","date":"May 13, 2024","format":false,"excerpt":"Le gommage corporel au sucre de karit\u00e9 et \u00e0 la canne \u00e0 sucre de Tree Hut est un exfoliant corporel qui utilise du sucre, du beurre de karit\u00e9, de la menthe poivr\u00e9e, de la vanille et six huiles naturelles pour nourrir et \u00e9quilibrer l'hydratation de la peau. Il est con\u00e7u\u2026","rel":"","context":"Similar post","block_context":{"text":"Similar post","link":""},"img":{"alt_text":"","src":"","width":0,"height":0},"classes":[]},{"id":56229,"url":"https:\/\/sakaba.mghosteur.com\/en\/product\/tree-hut-vanilla-shea-sugar-scrub\/","url_meta":{"origin":26453,"position":3},"title":"Tree Hut Vanilla Shea Sugar Scrub","author":"Sope DIA","date":"January 3, 2026","format":false,"excerpt":"GOMMAGE AU SUCRE ET \u00c0 LA VANILLE : La marque de gommage corporel n\u00b0 1 aux \u00c9tats-Unis\u00a0 exfolie en douceur pour \u00e9liminer les cellules mortes et r\u00e9v\u00e9ler une peau douce et lisse. Laissez-vous envo\u00fbter par le parfum onctueux de la vanille cr\u00e9meuse, rehauss\u00e9 de notes chaudes de santal et de\u2026","rel":"","context":"Similar post","block_context":{"text":"Similar post","link":""},"img":{"alt_text":"","src":"","width":0,"height":0},"classes":[]},{"id":56224,"url":"https:\/\/sakaba.mghosteur.com\/en\/product\/tree-hut-strawberry-shea-sugar-scrub-2\/","url_meta":{"origin":26453,"position":4},"title":"Tree Hut Strawberry Shea Sugar Scrub","author":"Sope DIA","date":"January 3, 2026","format":false,"excerpt":"Revitalisez votre peau\u00a0: notre gommage corporel exfoliant \u00e9limine en douceur les rugosit\u00e9s, r\u00e9v\u00e9lant une peau fra\u00eeche et lisse. Profitez d\u2019une sensation de douceur et de rajeunissement qui sublime votre beaut\u00e9 naturelle\u00a0! Hydratation intense : Formul\u00e9 avec des ingr\u00e9dients nourrissants, ce gommage \u00e9quilibre l'hydratation de votre peau, aidant \u00e0 restaurer son\u2026","rel":"","context":"Similar post","block_context":{"text":"Similar post","link":""},"img":{"alt_text":"","src":"","width":0,"height":0},"classes":[]},{"id":26477,"url":"https:\/\/sakaba.mghosteur.com\/en\/product\/tree-hut-tropic-glow-firming-sugar-scrub\/","url_meta":{"origin":26453,"position":5},"title":"TREE HUT TROPIC GLOW FIRMING SUGAR SCRUB","author":"admin","date":"November 25, 2022","format":false,"excerpt":"Gr\u00e2ce au sucre, qui exfolie la peau, associ\u00e9 aux propri\u00e9t\u00e9s nourrissantes du beurre de karit\u00e9, ce gommage nourrit la peau tout en l'exfoliant. De plus, la formule contient un m\u00e9lange d'huiles naturelles qui revitalisent et adoucissent la peau. En cons\u00e9quence, ce produit d\u00e9voile une peau plus lisse, plus douce et\u2026","rel":"","context":"Similar post","block_context":{"text":"Similar post","link":""},"img":{"alt_text":"","src":"","width":0,"height":0},"classes":[]}],"_links":{"self":[{"href":"https:\/\/sakaba.mghosteur.com\/en\/wp-json\/wp\/v2\/product\/26453","targetHints":{"allow":["GET"]}}],"collection":[{"href":"https:\/\/sakaba.mghosteur.com\/en\/wp-json\/wp\/v2\/product"}],"about":[{"href":"https:\/\/sakaba.mghosteur.com\/en\/wp-json\/wp\/v2\/types\/product"}],"replies":[{"embeddable":true,"href":"https:\/\/sakaba.mghosteur.com\/en\/wp-json\/wp\/v2\/comments?post=26453"}],"version-history":[{"count":0,"href":"https:\/\/sakaba.mghosteur.com\/en\/wp-json\/wp\/v2\/product\/26453\/revisions"}],"wp:attachment":[{"href":"https:\/\/sakaba.mghosteur.com\/en\/wp-json\/wp\/v2\/media?parent=26453"}],"wp:term":[{"taxonomy":"product_brand","embeddable":true,"href":"https:\/\/sakaba.mghosteur.com\/en\/wp-json\/wp\/v2\/product_brand?post=26453"},{"taxonomy":"product_cat","embeddable":true,"href":"https:\/\/sakaba.mghosteur.com\/en\/wp-json\/wp\/v2\/product_cat?post=26453"},{"taxonomy":"product_tag","embeddable":true,"href":"https:\/\/sakaba.mghosteur.com\/en\/wp-json\/wp\/v2\/product_tag?post=26453"}],"curies":[{"name":"wp","href":"https:\/\/api.w.org\/{rel}","templated":true}]}}