{"id":26459,"date":"2022-11-25T11:35:18","date_gmt":"2022-11-25T11:35:18","guid":{"rendered":"http:\/\/www.sakababeauty.com\/?post_type=product&#038;p=26459"},"modified":"2022-11-25T11:35:18","modified_gmt":"2022-11-25T11:35:18","slug":"miracle-cream-aha-bha-pha-30-days","status":"publish","type":"product","link":"https:\/\/sakaba.mghosteur.com\/en\/product\/miracle-cream-aha-bha-pha-30-days\/","title":{"rendered":"MIRACLE CREAM AHA BHA PHA 30 DAYS"},"content":{"rendered":"","protected":false},"excerpt":{"rendered":"","protected":false},"featured_media":0,"comment_status":"closed","ping_status":"closed","template":"","meta":[],"product_brand":[],"product_cat":[377],"product_tag":[],"class_list":{"0":"post-26459","1":"product","2":"type-product","3":"status-publish","5":"product_cat-bath-body-works","7":"first","8":"instock","9":"shipping-taxable","10":"product-type-simple"},"jetpack-related-posts":[{"id":26382,"url":"https:\/\/sakaba.mghosteur.com\/en\/product\/miracle-serum-30-days-aha-bha-pha\/","url_meta":{"origin":26459,"position":0},"title":"MIRACLE SERUM 30 DAYS AHA BHA PHA","author":"admin","date":"November 25, 2022","format":false,"excerpt":"","rel":"","context":"Similar post","block_context":{"text":"Similar post","link":""},"img":{"alt_text":"","src":"","width":0,"height":0},"classes":[]},{"id":26419,"url":"https:\/\/sakaba.mghosteur.com\/en\/product\/miracle-serum-30-days-aha-bha-pha-2\/","url_meta":{"origin":26459,"position":1},"title":"MIRACLE SERUM 30 DAYS AHA BHA PHA","author":"admin","date":"November 25, 2022","format":false,"excerpt":"","rel":"","context":"Similar post","block_context":{"text":"Similar post","link":""},"img":{"alt_text":"","src":"","width":0,"height":0},"classes":[]},{"id":27345,"url":"https:\/\/sakaba.mghosteur.com\/en\/product\/algenist-blue-algae-vitamin-c-dark-spot\/","url_meta":{"origin":26459,"position":2},"title":"ALGENIST BLUE ALGAE VITAMIN C DARK SPOT","author":"admin","date":"November 29, 2022","format":false,"excerpt":"Un puissant peeling resurfa\u00e7ant et exfoliant infus\u00e9 de vitamine C exclusive d'algues bleues, d'un complexe triple acide, d'un m\u00e9lange d'AHA, de BHA et de PHA pour aider \u00e0 r\u00e9duire l'apparence des taches brunes, des d\u00e9colorations, des imperfections et des imperfections - r\u00e9v\u00e9lant un teint lisse, radieux et uniforme.","rel":"","context":"Similar post","block_context":{"text":"Similar post","link":""},"img":{"alt_text":"","src":"","width":0,"height":0},"classes":[]},{"id":31575,"url":"https:\/\/sakaba.mghosteur.com\/en\/product\/cosrx-aha-bha-clarifying-treatment-toner-280ml\/","url_meta":{"origin":26459,"position":3},"title":"COSRX AHA BHA CLARIFYING TREATMENT TONER 280ML","author":"admin","date":"May 10, 2024","format":false,"excerpt":"D\u00e9couvrez le Toner Clarifiant AHA\/BHA B\u00e9n\u00e9ficiez des avantages des AHA et BHA pour une peau claire ! Gr\u00e2ce \u00e0 sa formulation unique alliant AHA, BHA et des extraits botaniques purifiants, ce tonique aide \u00e0 am\u00e9liorer la texture de votre peau, \u00e0 lui redonner de la vitalit\u00e9 et \u00e0 contr\u00f4ler l'apparence\u2026","rel":"","context":"Similar post","block_context":{"text":"Similar post","link":""},"img":{"alt_text":"","src":"","width":0,"height":0},"classes":[]},{"id":27474,"url":"https:\/\/sakaba.mghosteur.com\/en\/product\/the-ordinary-aha-30-bha-2-peeling-solution\/","url_meta":{"origin":26459,"position":4},"title":"The Ordinary AHA 30% + BHA 2% Peeling Solution","author":"admin","date":"November 29, 2022","format":false,"excerpt":"La Solution gommante AHA 30% + BHA 2% de The Ordinary est la solution id\u00e9ale pour exfolier en profondeur votre peau et lui donner un aspect plus lumineux et uniforme. Elle est formul\u00e9e avec des acides alpha-hydroxyl\u00e9s (AHA), des acides b\u00eata-hydroxyl\u00e9s (BHA) et un d\u00e9riv\u00e9 de poivre de Tasmanie \u00e9tudi\u00e9,\u2026","rel":"","context":"Similar post","block_context":{"text":"Similar post","link":""},"img":{"alt_text":"","src":"","width":0,"height":0},"classes":[]},{"id":27777,"url":"https:\/\/sakaba.mghosteur.com\/en\/product\/bha-pha-6-serum-pores\/","url_meta":{"origin":26459,"position":5},"title":"BHA PHA 6% SERUM PORES","author":"admin","date":"November 29, 2022","format":false,"excerpt":"Un s\u00e9rum visage con\u00e7u pour les personnes ayant des probl\u00e8mes de pores dilat\u00e9s, visibles et obstru\u00e9s. Compos\u00e9 \u00e0 96 % d'ingr\u00e9dients naturels, dont 6 % d'acide salicylique naturel (BHA) et d'acide polyhydroxy (PHA), ce s\u00e9rum commence \u00e0 matifier et \u00e0 lisser votre peau d\u00e8s la premi\u00e8re utilisation et continue de\u2026","rel":"","context":"Similar post","block_context":{"text":"Similar post","link":""},"img":{"alt_text":"","src":"","width":0,"height":0},"classes":[]}],"_links":{"self":[{"href":"https:\/\/sakaba.mghosteur.com\/en\/wp-json\/wp\/v2\/product\/26459","targetHints":{"allow":["GET"]}}],"collection":[{"href":"https:\/\/sakaba.mghosteur.com\/en\/wp-json\/wp\/v2\/product"}],"about":[{"href":"https:\/\/sakaba.mghosteur.com\/en\/wp-json\/wp\/v2\/types\/product"}],"replies":[{"embeddable":true,"href":"https:\/\/sakaba.mghosteur.com\/en\/wp-json\/wp\/v2\/comments?post=26459"}],"version-history":[{"count":0,"href":"https:\/\/sakaba.mghosteur.com\/en\/wp-json\/wp\/v2\/product\/26459\/revisions"}],"wp:attachment":[{"href":"https:\/\/sakaba.mghosteur.com\/en\/wp-json\/wp\/v2\/media?parent=26459"}],"wp:term":[{"taxonomy":"product_brand","embeddable":true,"href":"https:\/\/sakaba.mghosteur.com\/en\/wp-json\/wp\/v2\/product_brand?post=26459"},{"taxonomy":"product_cat","embeddable":true,"href":"https:\/\/sakaba.mghosteur.com\/en\/wp-json\/wp\/v2\/product_cat?post=26459"},{"taxonomy":"product_tag","embeddable":true,"href":"https:\/\/sakaba.mghosteur.com\/en\/wp-json\/wp\/v2\/product_tag?post=26459"}],"curies":[{"name":"wp","href":"https:\/\/api.w.org\/{rel}","templated":true}]}}