{"id":26474,"date":"2022-11-25T11:39:15","date_gmt":"2022-11-25T11:39:15","guid":{"rendered":"http:\/\/www.sakababeauty.com\/?post_type=product&#038;p=26474"},"modified":"2024-08-13T18:47:09","modified_gmt":"2024-08-13T18:47:09","slug":"tree-hut-tropical-glow-firming-whipped-shea-body-butter","status":"publish","type":"product","link":"https:\/\/sakaba.mghosteur.com\/en\/product\/tree-hut-tropical-glow-firming-whipped-shea-body-butter\/","title":{"rendered":"TREE HUT TROPICAL GLOW FIRMING WHIPPED SHEA BODY BUTTER"},"content":{"rendered":"<p>Un beurre corporel aromatis\u00e9. Offrez \u00e0 votre peau l&#8217;hydratation qu&#8217;elle m\u00e9rite en optant pour le beurre corporel fouett\u00e9 \u00e0 la past\u00e8que de Tree Hut. A\u00e9r\u00e9 et l\u00e9ger, ce beurre corporel p\u00e9n\u00e8tre rapidement dans la peau pour la nourrir en profondeur, am\u00e9liorer son \u00e9lasticit\u00e9, l&#8217;adoucir, retenir l&#8217;humidit\u00e9, offrir une exfoliation douce et favoriser l&#8217;apparence d&#8217;une peau plus lisse et plus ferme gr\u00e2ce \u00e0 une formule enrichie en past\u00e8que, collag\u00e8ne v\u00e9g\u00e9talien et beurre de karit\u00e9.<\/p>","protected":false},"excerpt":{"rendered":"<p>Un beurre corporel aromatis\u00e9. Offrez \u00e0 votre peau l&#8217;hydratation qu&#8217;elle m\u00e9rite en optant pour le beurre corporel fouett\u00e9 \u00e0 la past\u00e8que de Tree Hut. A\u00e9r\u00e9 et l\u00e9ger, ce beurre corporel p\u00e9n\u00e8tre rapidement dans la peau pour la nourrir en profondeur, am\u00e9liorer son \u00e9lasticit\u00e9, l&#8217;adoucir, retenir l&#8217;humidit\u00e9, offrir une exfoliation douce et favoriser l&#8217;apparence d&#8217;une peau<span class=\"read-more-faq\"><a href=\"https:\/\/sakaba.mghosteur.com\/en\/product\/tree-hut-tropical-glow-firming-whipped-shea-body-butter\/\">Read More<\/a><\/span><\/p>","protected":false},"featured_media":0,"comment_status":"closed","ping_status":"closed","template":"","meta":[],"product_brand":[],"product_cat":[447,1061],"product_tag":[],"class_list":{"0":"post-26474","1":"product","2":"type-product","3":"status-publish","5":"product_cat-aac-bain-et-corps","6":"product_cat-lait-huile_corporelle","8":"first","9":"instock","10":"shipping-taxable","11":"product-type-simple"},"jetpack-related-posts":[{"id":32195,"url":"https:\/\/sakaba.mghosteur.com\/en\/product\/tree-hut-whippep-shea-boby-butter-watermelon\/","url_meta":{"origin":26474,"position":0},"title":"TREE HUT WHIPPEP BOBY BUTTER WATERMELON","author":"admin","date":"May 13, 2024","format":false,"excerpt":"Imaginez une peau lisse et hydrat\u00e9e sans le poids des beurres corporels traditionnels. Le beurre corporel de karit\u00e9 fouett\u00e9 \u00e0 la past\u00e8que Tree Hut est le soin parfait pour la peau apr\u00e8s le bain ou comme rafra\u00eechisseur de peau. Il laissera votre peau douce et avec une odeur incroyable !\u2026","rel":"","context":"Similar post","block_context":{"text":"Similar post","link":""},"img":{"alt_text":"","src":"","width":0,"height":0},"classes":[]},{"id":56235,"url":"https:\/\/sakaba.mghosteur.com\/en\/product\/watermelon-whipped-shea-body-butter\/","url_meta":{"origin":26474,"position":1},"title":"Watermelon Whipped Shea Body Butter","author":"Sope DIA","date":"January 3, 2026","format":false,"excerpt":"Redonnez \u00e0 votre peau toute son hydratation sans la sensation grasse des beurres corporels traditionnels. Notre formule l\u00e9g\u00e8re et a\u00e9rienne glisse sur la peau tout en l'hydratant intens\u00e9ment. Le Beurre Corporel Fouett\u00e9 \u00e0 la Past\u00e8que est le soin id\u00e9al apr\u00e8s le bain ou pour rafra\u00eechir votre peau. Son parfum rafra\u00eechissant\u2026","rel":"","context":"Similar post","block_context":{"text":"Similar post","link":""},"img":{"alt_text":"","src":"","width":0,"height":0},"classes":[]},{"id":32171,"url":"https:\/\/sakaba.mghosteur.com\/en\/product\/tree-hut-maroccan-rose-whipped-shea-butter\/","url_meta":{"origin":26474,"position":2},"title":"TREE HUT MOROCCAN ROSE WHIPPED SHEA BUTTER","author":"admin","date":"May 13, 2024","format":false,"excerpt":"Redonnez \u00e0 votre peau sa forme hydrat\u00e9e sans la sensation lourde des beurres corporels traditionnels. Notre formule l\u00e9g\u00e8re et a\u00e9r\u00e9e glisse sur la peau sans l\u00e9siner sur l'hydratation. Le beurre corporel fouett\u00e9 \u00e0 la rose marocaine est le soin parfait pour la peau apr\u00e8s le bain ou comme rafra\u00eechisseur de\u2026","rel":"","context":"Similar post","block_context":{"text":"Similar post","link":""},"img":{"alt_text":"","src":"","width":0,"height":0},"classes":[]},{"id":32149,"url":"https:\/\/sakaba.mghosteur.com\/en\/product\/tree-hut-coco-colada-whipped-shea-body-butter\/","url_meta":{"origin":26474,"position":3},"title":"TREE HUT COCO COLADA WHIPPED SHEA BODY BUTTER","author":"admin","date":"May 13, 2024","format":false,"excerpt":"Redonnez \u00e0 votre peau sa forme hydrat\u00e9e sans la sensation lourde des beurres corporels traditionnels. Notre formule l\u00e9g\u00e8re et a\u00e9r\u00e9e glisse sur la peau sans l\u00e9siner sur l'hydratation. Le beurre corporel fouett\u00e9 Coco Colada est le soin parfait pour la peau apr\u00e8s le bain ou comme rafra\u00eechisseur de peau. Le\u2026","rel":"","context":"Similar post","block_context":{"text":"Similar post","link":""},"img":{"alt_text":"","src":"","width":0,"height":0},"classes":[]},{"id":32143,"url":"https:\/\/sakaba.mghosteur.com\/en\/product\/tree-hut-candy-whipped-shea-body-butter\/","url_meta":{"origin":26474,"position":4},"title":"TREE HUT CANDY WHIPPED SHEA BODY BUTTER","author":"admin","date":"May 13, 2024","format":false,"excerpt":"Le beurre corporel fouett\u00e9 \u00e0 la canne en sucre de Tree Hut est le soin parfait pour la peau apr\u00e8s le bain ou comme rafra\u00eechisseur de peau. Le parfum classique des f\u00eates de Candy Cane laissera votre peau douce, hydrat\u00e9e et sentant incroyablement bon ! Les beurres corporels fouett\u00e9s Tree\u2026","rel":"","context":"Similar post","block_context":{"text":"Similar post","link":""},"img":{"alt_text":"","src":"","width":0,"height":0},"classes":[]},{"id":56221,"url":"https:\/\/sakaba.mghosteur.com\/en\/product\/tree-hut-tangerine-shea-sugar-scrub\/","url_meta":{"origin":26474,"position":5},"title":"Tree Hut Tangerine Shea Sugar Scrub","author":"Sope DIA","date":"January 3, 2026","format":false,"excerpt":"PARFUMS EXCEPTIONNELS : Un plaisir hesp\u00e9rid\u00e9 aux notes de mandarine juteuse, de pamplemousse et d'orange, avec une touche de bois de santal. R\u00c9V\u00c9LEZ UNE PEAU \u00c9CLATANTE\u00a0: Appliquez une quantit\u00e9 g\u00e9n\u00e9reuse de gommage corporel Tree Hut sur peau humide ou s\u00e8che. Massez en mouvements circulaires pour une application uniforme et une\u2026","rel":"","context":"Similar post","block_context":{"text":"Similar post","link":""},"img":{"alt_text":"","src":"","width":0,"height":0},"classes":[]}],"_links":{"self":[{"href":"https:\/\/sakaba.mghosteur.com\/en\/wp-json\/wp\/v2\/product\/26474","targetHints":{"allow":["GET"]}}],"collection":[{"href":"https:\/\/sakaba.mghosteur.com\/en\/wp-json\/wp\/v2\/product"}],"about":[{"href":"https:\/\/sakaba.mghosteur.com\/en\/wp-json\/wp\/v2\/types\/product"}],"replies":[{"embeddable":true,"href":"https:\/\/sakaba.mghosteur.com\/en\/wp-json\/wp\/v2\/comments?post=26474"}],"version-history":[{"count":0,"href":"https:\/\/sakaba.mghosteur.com\/en\/wp-json\/wp\/v2\/product\/26474\/revisions"}],"wp:attachment":[{"href":"https:\/\/sakaba.mghosteur.com\/en\/wp-json\/wp\/v2\/media?parent=26474"}],"wp:term":[{"taxonomy":"product_brand","embeddable":true,"href":"https:\/\/sakaba.mghosteur.com\/en\/wp-json\/wp\/v2\/product_brand?post=26474"},{"taxonomy":"product_cat","embeddable":true,"href":"https:\/\/sakaba.mghosteur.com\/en\/wp-json\/wp\/v2\/product_cat?post=26474"},{"taxonomy":"product_tag","embeddable":true,"href":"https:\/\/sakaba.mghosteur.com\/en\/wp-json\/wp\/v2\/product_tag?post=26474"}],"curies":[{"name":"wp","href":"https:\/\/api.w.org\/{rel}","templated":true}]}}