{"id":26477,"date":"2022-11-25T11:40:18","date_gmt":"2022-11-25T11:40:18","guid":{"rendered":"http:\/\/www.sakababeauty.com\/?post_type=product&#038;p=26477"},"modified":"2024-08-13T18:46:17","modified_gmt":"2024-08-13T18:46:17","slug":"tree-hut-tropic-glow-firming-sugar-scrub","status":"publish","type":"product","link":"https:\/\/sakaba.mghosteur.com\/en\/product\/tree-hut-tropic-glow-firming-sugar-scrub\/","title":{"rendered":"TREE HUT TROPIC GLOW FIRMING SUGAR SCRUB"},"content":{"rendered":"<p>Gr\u00e2ce au sucre, qui exfolie la peau, associ\u00e9 aux propri\u00e9t\u00e9s nourrissantes du beurre de karit\u00e9, ce gommage nourrit la peau tout en l&#8217;exfoliant. De plus, la formule contient un m\u00e9lange d&#8217;huiles naturelles qui revitalisent et adoucissent la peau. En cons\u00e9quence, ce produit d\u00e9voile une peau plus lisse, plus douce et plus souple qui r\u00e9v\u00e8le son \u00e9clat.<\/p>","protected":false},"excerpt":{"rendered":"<p>Gr\u00e2ce au sucre, qui exfolie la peau, associ\u00e9 aux propri\u00e9t\u00e9s nourrissantes du beurre de karit\u00e9, ce gommage nourrit la peau tout en l&#8217;exfoliant. De plus, la formule contient un m\u00e9lange d&#8217;huiles naturelles qui revitalisent et adoucissent la peau. En cons\u00e9quence, ce produit d\u00e9voile une peau plus lisse, plus douce et plus souple qui r\u00e9v\u00e8le son<span class=\"read-more-faq\"><a href=\"https:\/\/sakaba.mghosteur.com\/en\/product\/tree-hut-tropic-glow-firming-sugar-scrub\/\">Read More<\/a><\/span><\/p>","protected":false},"featured_media":0,"comment_status":"closed","ping_status":"closed","template":"","meta":[],"product_brand":[],"product_cat":[358,447],"product_tag":[],"class_list":{"0":"post-26477","1":"product","2":"type-product","3":"status-publish","5":"product_cat-bain-douche","6":"product_cat-aac-bain-et-corps","8":"first","9":"instock","10":"shipping-taxable","11":"product-type-simple"},"jetpack-related-posts":[{"id":31559,"url":"https:\/\/sakaba.mghosteur.com\/en\/product\/vaseline-nourishing-moisture-600ml\/","url_meta":{"origin":26477,"position":0},"title":"VASELINE NOURISHING MOISTURE 600ML","author":"admin","date":"May 10, 2024","format":false,"excerpt":"D\u00e9couvrez la lotion hydratante nourrissante Vaseline Intensive Care, une solution innovante pour revitaliser votre peau. Formul\u00e9e avec de l'extrait d'avoine pur, cette lotion est sp\u00e9cialement con\u00e7ue pour r\u00e9tablir l'hydratation de votre peau. Test\u00e9e par des dermatologues, sa formule \u00e0 absorption rapide assure 48 heures d'hydratation, laissant votre peau douce et\u2026","rel":"","context":"Similar post","block_context":{"text":"Similar post","link":""},"img":{"alt_text":"","src":"","width":0,"height":0},"classes":[]},{"id":29470,"url":"https:\/\/sakaba.mghosteur.com\/en\/product\/cosrx-overnight-spa-mask\/","url_meta":{"origin":26477,"position":1},"title":"COSRX OVERNIGHT SPA MASK","author":"admin","date":"April 4, 2023","format":false,"excerpt":"Le masque spa de nuit au riz nourrissant ultime de la marque COSRX est un excellent produit de soin pour la peau. Avec plus de 68% d'extrait de riz, ce masque hydrate en profondeur pour aider \u00e0 rendre votre peau plus douce et plus claire. Vous pouvez vous r\u00e9veiller le\u2026","rel":"","context":"Similar post","block_context":{"text":"Similar post","link":""},"img":{"alt_text":"","src":"","width":0,"height":0},"classes":[]},{"id":24662,"url":"https:\/\/sakaba.mghosteur.com\/en\/product\/aveeno-daily-moisturizing-body-wash\/","url_meta":{"origin":26477,"position":2},"title":"AVEENO DAILY MOISTURIZING BODY WASH","author":"admin","date":"November 10, 2022","format":false,"excerpt":"Le nettoyant corporel hydratant quotidien Aveeno\u00a0\u00ae\u00a0avec de l'avoine pr\u00e9biotique apaisante et un l\u00e9ger parfum nourrit la peau s\u00e8che. Ce gel douche cr\u00e9meux nettoie en douceur et aide \u00e0 pr\u00e9server la barri\u00e8re d'hydratation naturelle de la peau. 92 % ont convenu que ce nettoyant laissait leur peau nourrie pendant la douche.\u2026","rel":"","context":"Similar post","block_context":{"text":"Similar post","link":""},"img":{"alt_text":"","src":"","width":0,"height":0},"classes":[]},{"id":24140,"url":"https:\/\/sakaba.mghosteur.com\/en\/product\/jergens-ultra-healing\/","url_meta":{"origin":26477,"position":3},"title":"JERGENS ULTRA HEALING","author":"admin","date":"November 9, 2022","format":false,"excerpt":"La lotion hydratante pour les mains et le corps de Jergens est la solution ultime pour la peau s\u00e8che. Sa formule nourrissante p\u00e9n\u00e8tre profond\u00e9ment dans la peau, jusqu'\u00e0 cinq couches, pour soigner les zones tr\u00e8s s\u00e8ches et rugueuses, am\u00e9liorer le tonus et la texture, laissant la peau lisse et visiblement\u2026","rel":"","context":"Similar post","block_context":{"text":"Similar post","link":""},"img":{"alt_text":"","src":"","width":0,"height":0},"classes":[]},{"id":33039,"url":"https:\/\/sakaba.mghosteur.com\/en\/product\/dove-exfoliant-body-polish-mango\/","url_meta":{"origin":26477,"position":4},"title":"DOVE EXFOLIANT BODY POLISH MANGO","author":"admin","date":"May 17, 2024","format":false,"excerpt":"Un gommage corporel au parfum de mangue tropicale qui r\u00e9v\u00e8le votre \u00e9clat naturel en exfoliant mod\u00e9r\u00e9ment la peau. Le gommage corporel utilise une exfoliation mod\u00e9r\u00e9e pour \u00e9liminer la peau terne \u2022 Formul\u00e9 avec des nettoyants sans sulfate d'origine naturelle \u2022 Parfum de mangue juteuse et d'amande cr\u00e9meuse \u2022 Avec \u00bc\u2026","rel":"","context":"Similar post","block_context":{"text":"Similar post","link":""},"img":{"alt_text":"","src":"","width":0,"height":0},"classes":[]},{"id":31903,"url":"https:\/\/sakaba.mghosteur.com\/en\/product\/aveeno-daily-moisturizing-body-oil-mist\/","url_meta":{"origin":26477,"position":5},"title":"AVEENO DAILY MOISTURIZING BODY OIL MIST","author":"admin","date":"May 10, 2024","format":false,"excerpt":"Profitez d\u2019une peau plus lisse et plus uniforme en une semaine gr\u00e2ce \u00e0 cette brume d\u2019huile hydratante. Ce spray d'huile corporelle contient 98 % d'ingr\u00e9dients d'origine naturelle*. Avec de l'huile d'avoine et de l'huile de jojoba, cette brume d'huile nourrit et revitalise la peau rugueuse, sensible et s\u00e8che. La brume\u2026","rel":"","context":"Similar post","block_context":{"text":"Similar post","link":""},"img":{"alt_text":"","src":"","width":0,"height":0},"classes":[]}],"_links":{"self":[{"href":"https:\/\/sakaba.mghosteur.com\/en\/wp-json\/wp\/v2\/product\/26477","targetHints":{"allow":["GET"]}}],"collection":[{"href":"https:\/\/sakaba.mghosteur.com\/en\/wp-json\/wp\/v2\/product"}],"about":[{"href":"https:\/\/sakaba.mghosteur.com\/en\/wp-json\/wp\/v2\/types\/product"}],"replies":[{"embeddable":true,"href":"https:\/\/sakaba.mghosteur.com\/en\/wp-json\/wp\/v2\/comments?post=26477"}],"version-history":[{"count":0,"href":"https:\/\/sakaba.mghosteur.com\/en\/wp-json\/wp\/v2\/product\/26477\/revisions"}],"wp:attachment":[{"href":"https:\/\/sakaba.mghosteur.com\/en\/wp-json\/wp\/v2\/media?parent=26477"}],"wp:term":[{"taxonomy":"product_brand","embeddable":true,"href":"https:\/\/sakaba.mghosteur.com\/en\/wp-json\/wp\/v2\/product_brand?post=26477"},{"taxonomy":"product_cat","embeddable":true,"href":"https:\/\/sakaba.mghosteur.com\/en\/wp-json\/wp\/v2\/product_cat?post=26477"},{"taxonomy":"product_tag","embeddable":true,"href":"https:\/\/sakaba.mghosteur.com\/en\/wp-json\/wp\/v2\/product_tag?post=26477"}],"curies":[{"name":"wp","href":"https:\/\/api.w.org\/{rel}","templated":true}]}}