{"id":26479,"date":"2022-11-25T11:47:40","date_gmt":"2022-11-25T11:47:40","guid":{"rendered":"http:\/\/www.sakababeauty.com\/?post_type=product&#038;p=26479"},"modified":"2022-11-25T11:47:40","modified_gmt":"2022-11-25T11:47:40","slug":"sanctuary-spa-salt-scrub","status":"publish","type":"product","link":"https:\/\/sakaba.mghosteur.com\/en\/product\/sanctuary-spa-salt-scrub\/","title":{"rendered":"SANCTUARY SPA SALT SCRUB"},"content":{"rendered":"","protected":false},"excerpt":{"rendered":"","protected":false},"featured_media":0,"comment_status":"closed","ping_status":"closed","template":"","meta":[],"product_brand":[],"product_cat":[286,361],"product_tag":[],"class_list":{"0":"post-26479","1":"product","2":"type-product","3":"status-publish","5":"product_cat-corps","6":"product_cat-gommage-corps","8":"first","9":"instock","10":"shipping-taxable","11":"product-type-simple"},"jetpack-related-posts":[{"id":25290,"url":"https:\/\/sakaba.mghosteur.com\/en\/product\/ogy-rose-water-and-pink-sea-salt-scrub-and-wash\/","url_meta":{"origin":26479,"position":0},"title":"OGX ROSE WATER AND PINK SEA SALT SCRUB AND WASH","author":"admin","date":"November 14, 2022","format":false,"excerpt":"Ce m\u00e9lange de nettoyant pour le corps \u00e0 l'eau de rose l\u00e9g\u00e8rement exfoliant contient du quartz rose et du sel de mer rose pour un nettoyage en douceur, une hydratation l\u00e9g\u00e8re et une peau plus douce. Tensioactifs sans sulfate","rel":"","context":"Similar post","block_context":{"text":"Similar post","link":""},"img":{"alt_text":"","src":"","width":0,"height":0},"classes":[]},{"id":56164,"url":"https:\/\/sakaba.mghosteur.com\/en\/product\/dr-teals-pink-himalayan-salt-scrub-glow-radiance\/","url_meta":{"origin":26479,"position":1},"title":"Dr Teal&#8217;s Pink Himalayan Salt Scrub  Glow &#038; Radiance","author":"Sope DIA","date":"January 2, 2026","format":false,"excerpt":"Illuminez et revitalisez votre peau avec le Dr Teal\u2019s Glow & Radiance Pink Himalayan Salt Scrub. Sa formule associe le sel rose de l\u2019Himalaya, riche en min\u00e9raux, \u00e0 la vitamine C pour lisser, purifier et stimuler la r\u00e9g\u00e9n\u00e9ration cellulaire. Infus\u00e9 d\u2019huiles essentielles d\u2019agrumes vivifiants, ce gommage d\u00e9gage un parfum frais\u2026","rel":"","context":"Similar post","block_context":{"text":"Similar post","link":""},"img":{"alt_text":"","src":"","width":0,"height":0},"classes":[]},{"id":30153,"url":"https:\/\/sakaba.mghosteur.com\/en\/product\/dr-teal-salt-scrub-glow-radiance\/","url_meta":{"origin":26479,"position":2},"title":"DR TEAL SALT SCRUB GLOW &amp; RADIANCE","author":"admin","date":"May 3, 2023","format":false,"excerpt":"Le Soak Glow & Radiance de Dr Teal combine du sel d'Epsom pur avec de la vitamine C et des huiles essentielles d'agrumes pour revitaliser les muscles fatigu\u00e9s et endoloris.\u00a0La vitamine C favorise une peau jeune et \u00e9clatante et les huiles essentielles d'agrumes am\u00e9liorent votre humeur pendant que vous vous\u2026","rel":"","context":"Similar post","block_context":{"text":"Similar post","link":""},"img":{"alt_text":"","src":"","width":0,"height":0},"classes":[]},{"id":25559,"url":"https:\/\/sakaba.mghosteur.com\/en\/product\/dr-teals-foaming-bath-with-pure-epsom-salt-soothe-sleep\/","url_meta":{"origin":26479,"position":3},"title":"DR TEAL&#8217;S FOAMING BATH WITH PURE EPSOM SALT SOOTHE SLEEP","author":"admin","date":"November 14, 2022","format":false,"excerpt":"Bain moussant apaisant et sommeil au sel pur d'Epsom Le bain moussant\u00a0Dr Teal's\u00a0\u00ae transforme votre bain en un spa relaxant avec des huiles essentielles pour apaiser les sens, revitaliser les muscles fatigu\u00e9s et endoloris et aider \u00e0 soulager le stress.\u00a0L'essence de lavande a des propri\u00e9t\u00e9s apaisantes reconnues pour favoriser une\u2026","rel":"","context":"Similar post","block_context":{"text":"Similar post","link":""},"img":{"alt_text":"","src":"","width":0,"height":0},"classes":[]},{"id":32441,"url":"https:\/\/sakaba.mghosteur.com\/en\/product\/sol-janeiro-brazilian-bum-bum-body-scrub-220g\/","url_meta":{"origin":26479,"position":4},"title":"SOL JANEIRO BRAZILIAN BUM BUM BODY SCRUB 220G","author":"admin","date":"May 14, 2024","format":false,"excerpt":"Ce gommage pour le corps ultra fin et l\u00e9g\u00e8rement scintillant offre une exp\u00e9rience digne d\u2019un soin au spa : sa formule exfolie en douceur, nourrit et r\u00e9v\u00e8le la peau douce d\u2019\u00e9t\u00e9 que l\u2019on aime avoir toute l\u2019ann\u00e9e. Ce cocktail br\u00e9silien lissant contient des graines de cupua\u00e7u concass\u00e9es, des cristaux de\u2026","rel":"","context":"Similar post","block_context":{"text":"Similar post","link":""},"img":{"alt_text":"","src":"","width":0,"height":0},"classes":[]},{"id":24100,"url":"https:\/\/sakaba.mghosteur.com\/en\/product\/beauty-concept-spa-headband-blanc\/","url_meta":{"origin":26479,"position":5},"title":"Beauty Concept Spa Headband blanc","author":"admin","date":"November 9, 2022","format":false,"excerpt":"","rel":"","context":"Similar post","block_context":{"text":"Similar post","link":""},"img":{"alt_text":"","src":"","width":0,"height":0},"classes":[]}],"_links":{"self":[{"href":"https:\/\/sakaba.mghosteur.com\/en\/wp-json\/wp\/v2\/product\/26479","targetHints":{"allow":["GET"]}}],"collection":[{"href":"https:\/\/sakaba.mghosteur.com\/en\/wp-json\/wp\/v2\/product"}],"about":[{"href":"https:\/\/sakaba.mghosteur.com\/en\/wp-json\/wp\/v2\/types\/product"}],"replies":[{"embeddable":true,"href":"https:\/\/sakaba.mghosteur.com\/en\/wp-json\/wp\/v2\/comments?post=26479"}],"version-history":[{"count":0,"href":"https:\/\/sakaba.mghosteur.com\/en\/wp-json\/wp\/v2\/product\/26479\/revisions"}],"wp:attachment":[{"href":"https:\/\/sakaba.mghosteur.com\/en\/wp-json\/wp\/v2\/media?parent=26479"}],"wp:term":[{"taxonomy":"product_brand","embeddable":true,"href":"https:\/\/sakaba.mghosteur.com\/en\/wp-json\/wp\/v2\/product_brand?post=26479"},{"taxonomy":"product_cat","embeddable":true,"href":"https:\/\/sakaba.mghosteur.com\/en\/wp-json\/wp\/v2\/product_cat?post=26479"},{"taxonomy":"product_tag","embeddable":true,"href":"https:\/\/sakaba.mghosteur.com\/en\/wp-json\/wp\/v2\/product_tag?post=26479"}],"curies":[{"name":"wp","href":"https:\/\/api.w.org\/{rel}","templated":true}]}}