{"id":26481,"date":"2022-11-25T11:49:11","date_gmt":"2022-11-25T11:49:11","guid":{"rendered":"http:\/\/www.sakababeauty.com\/?post_type=product&#038;p=26481"},"modified":"2023-04-18T13:49:28","modified_gmt":"2023-04-18T13:49:28","slug":"palmers-skin-success-fade-cream","status":"publish","type":"product","link":"https:\/\/sakaba.mghosteur.com\/en\/product\/palmers-skin-success-fade-cream\/","title":{"rendered":"PALMERS SKIN SUCCESS FADE CREAM"},"content":{"rendered":"<p>D\u00e9couvrez la cr\u00e8me anti-taches fonc\u00e9es de la marque Palmer&#8217;s, sp\u00e9cialement formul\u00e9e pour tous les types de peau chevelu. Cette cr\u00e8me cible efficacement les taches brunes, les taches de vieillesse et le teint irr\u00e9gulier, tout en \u00e9quilibrant la d\u00e9coloration de la peau.<\/p>\n<p>En plus d&#8217;am\u00e9liorer la souplesse et l&#8217;\u00e9lasticit\u00e9 de votre peau, cette cr\u00e8me aide \u00e9galement \u00e0 minimiser l&#8217;apparence des ridules et des rides pour un teint plus lisse et plus jeune.<\/p>\n<p>Gr\u00e2ce \u00e0 sa formule sans hydroquinone, parab\u00e8nes, phtalates, sulfates, MI et colorants, vous pouvez profiter des r\u00e9sultats visibles en aussi peu que 2 semaines*, tout en ayant l&#8217;assurance que ce produit n&#8217;a pas \u00e9t\u00e9 test\u00e9 sur les animaux.<\/p>\n<p>Les r\u00e9sultats parlent d&#8217;eux-m\u00eames : 100% des femmes ont constat\u00e9 une am\u00e9lioration de l&#8217;\u00e9claircissement des taches sombres, de la d\u00e9coloration visiblement am\u00e9lior\u00e9e et de la clart\u00e9 am\u00e9lior\u00e9e. De plus, 98% ont constat\u00e9 une apparition r\u00e9duite des taches de vieillesse et une peau plus lumineuse et plus \u00e9clatante.<\/p>\n<p>Rejoignez la communaut\u00e9 Skin Success de Palmer en partageant votre histoire Skin Success avec nous sur Instagram en utilisant le hashtag #MySkinSuccess.<\/p>\n<p>*Nous vous rappelons que cela peut prendre jusqu&#8217;\u00e0 6 semaines pour voir les r\u00e9sultats complets. Les r\u00e9sultats sont bas\u00e9s sur une \u00e9tude clinique ind\u00e9pendante de 200 personnes apr\u00e8s 4 semaines.<\/p>","protected":false},"excerpt":{"rendered":"<p>D\u00e9couvrez la cr\u00e8me anti-taches fonc\u00e9es de la marque Palmer&#8217;s, sp\u00e9cialement formul\u00e9e pour tous les types de peau chevelu. Cette cr\u00e8me cible efficacement les taches brunes, les taches de vieillesse et le teint irr\u00e9gulier, tout en \u00e9quilibrant la d\u00e9coloration de la peau. En plus d&#8217;am\u00e9liorer la souplesse et l&#8217;\u00e9lasticit\u00e9 de votre peau, cette cr\u00e8me aide \u00e9galement<span class=\"read-more-faq\"><a href=\"https:\/\/sakaba.mghosteur.com\/en\/product\/palmers-skin-success-fade-cream\/\">Read More<\/a><\/span><\/p>","protected":false},"featured_media":0,"comment_status":"closed","ping_status":"closed","template":"","meta":[],"product_brand":[],"product_cat":[377],"product_tag":[],"class_list":{"0":"post-26481","1":"product","2":"type-product","3":"status-publish","5":"product_cat-bath-body-works","7":"first","8":"instock","9":"shipping-taxable","10":"product-type-simple"},"jetpack-related-posts":[{"id":26483,"url":"https:\/\/sakaba.mghosteur.com\/en\/product\/palmers-skin-success-fade-cream-night\/","url_meta":{"origin":26481,"position":0},"title":"PALMERS SKIN SUCCESS FADE CREAM NIGHT","author":"admin","date":"November 25, 2022","format":false,"excerpt":"La Cr\u00e8me de Nuit Anti-Taches de la marque Palmer's est sp\u00e9cialement formul\u00e9e pour cibler les taches brunes, les taches de vieillesse et le teint irr\u00e9gulier. Elle aide \u00e0 \u00e9quilibrer le teint et \u00e0 r\u00e9duire les d\u00e9colorations, tout en am\u00e9liorant la souplesse et l'\u00e9lasticit\u00e9 de la peau. Elle r\u00e9duit \u00e9galement l'apparence\u2026","rel":"","context":"Similar post","block_context":{"text":"Similar post","link":""},"img":{"alt_text":"","src":"","width":0,"height":0},"classes":[]},{"id":29743,"url":"https:\/\/sakaba.mghosteur.com\/en\/product\/skin-success-fade-cream-anti-dark-spot\/","url_meta":{"origin":26481,"position":1},"title":"SKIN SUCCESS  FADE CREAM ANTI DARK SPOT","author":"admin","date":"April 18, 2023","format":false,"excerpt":"D\u00e9couvrez la cr\u00e8me anti-taches Palmer's pour une peau \u00e9clatante et sans taches ! Formul\u00e9e pour tous les types de peau, cette cr\u00e8me cible les taches brunes, les taches de vieillesse et \u00e9quilibre le teint irr\u00e9gulier et la d\u00e9coloration. Elle aide \u00e9galement \u00e0 am\u00e9liorer la souplesse et l'\u00e9lasticit\u00e9 de la peau,\u2026","rel":"","context":"Similar post","block_context":{"text":"Similar post","link":""},"img":{"alt_text":"","src":"","width":0,"height":0},"classes":[]},{"id":24399,"url":"https:\/\/sakaba.mghosteur.com\/en\/product\/palmers-cocoa-butter-eventone-fade-cream\/","url_meta":{"origin":26481,"position":2},"title":"PALMERS COCOA BUTTER EVENTONE FADE CREAM","author":"admin","date":"November 10, 2022","format":false,"excerpt":"D\u00e9couvrez la Cr\u00e8me fondue Eventone de Palmer's, un hydratant quotidien pour tous les types de peau qui cible les taches brunes, les taches de vieillesse et le teint irr\u00e9gulier pour une peau plus lumineuse et plus \u00e9clatante. En seulement 2 \u00e0 6 semaines, vous remarquerez une am\u00e9lioration visible de la\u2026","rel":"","context":"Similar post","block_context":{"text":"Similar post","link":""},"img":{"alt_text":"","src":"","width":0,"height":0},"classes":[]},{"id":56120,"url":"https:\/\/sakaba.mghosteur.com\/en\/product\/advanced-clinicals-dark-spot-brightening-cream\/","url_meta":{"origin":26481,"position":3},"title":"Advanced Clinicals Dark Spot Brightening Cream","author":"Sope DIA","date":"January 2, 2026","format":false,"excerpt":"Cr\u00e8me visage anti-taches : lisse et illumine visiblement le teint terne. Cette cr\u00e8me \u00e0 la vitamine C et \u00e0 l'acide lactique exfolie et hydrate pour am\u00e9liorer l'apparence des peaux irr\u00e9guli\u00e8res et fatigu\u00e9es. La peau est plus douce, plus uniforme et visiblement \u00e9clatante. Formul\u00e9e par des chimistes cosm\u00e9tiques pour les femmes\u2026","rel":"","context":"Similar post","block_context":{"text":"Similar post","link":""},"img":{"alt_text":"","src":"","width":0,"height":0},"classes":[]},{"id":26855,"url":"https:\/\/sakaba.mghosteur.com\/en\/product\/discoloration-repair-serum-with-tranexamic-acidba\/","url_meta":{"origin":26481,"position":4},"title":"DISCOLORATION REPAIR SERUM WITH TRANEXAMIC ACID+BA","author":"admin","date":"November 28, 2022","format":false,"excerpt":"Le S\u00e9rum R\u00e9parateur de D\u00e9coloration de la marque Paula's Choice est un produit de qualit\u00e9 pour votre routine de soin du visage. Avec son complexe tranexamique, bakuchiol et niacinamide, ce s\u00e9rum cible efficacement les taches brunes et grises tout en pr\u00e9venant la formation de nouvelles d\u00e9colorations. Il r\u00e9duit visiblement les\u2026","rel":"","context":"Similar post","block_context":{"text":"Similar post","link":""},"img":{"alt_text":"","src":"","width":0,"height":0},"classes":[]},{"id":26530,"url":"https:\/\/sakaba.mghosteur.com\/en\/product\/fade-milk-tone-correcting-body-lotion\/","url_meta":{"origin":26481,"position":5},"title":"FADE MILK TONE CORRECTING BODY LOTION","author":"admin","date":"November 25, 2022","format":false,"excerpt":"D\u00e9couvrez le Lait Anti-taches Palmer's Skin Success pour retrouver un teint lumineux et \u00e9clatant. Ce produit cible efficacement les taches brunes, les taches de vieillesse et le teint irr\u00e9gulier pour une peau parfaitement \u00e9quilibr\u00e9e et unifi\u00e9e. En plus d'am\u00e9liorer la souplesse et l'\u00e9lasticit\u00e9 de la peau, ce lait minimise l'apparence\u2026","rel":"","context":"Similar post","block_context":{"text":"Similar post","link":""},"img":{"alt_text":"","src":"","width":0,"height":0},"classes":[]}],"_links":{"self":[{"href":"https:\/\/sakaba.mghosteur.com\/en\/wp-json\/wp\/v2\/product\/26481","targetHints":{"allow":["GET"]}}],"collection":[{"href":"https:\/\/sakaba.mghosteur.com\/en\/wp-json\/wp\/v2\/product"}],"about":[{"href":"https:\/\/sakaba.mghosteur.com\/en\/wp-json\/wp\/v2\/types\/product"}],"replies":[{"embeddable":true,"href":"https:\/\/sakaba.mghosteur.com\/en\/wp-json\/wp\/v2\/comments?post=26481"}],"version-history":[{"count":0,"href":"https:\/\/sakaba.mghosteur.com\/en\/wp-json\/wp\/v2\/product\/26481\/revisions"}],"wp:attachment":[{"href":"https:\/\/sakaba.mghosteur.com\/en\/wp-json\/wp\/v2\/media?parent=26481"}],"wp:term":[{"taxonomy":"product_brand","embeddable":true,"href":"https:\/\/sakaba.mghosteur.com\/en\/wp-json\/wp\/v2\/product_brand?post=26481"},{"taxonomy":"product_cat","embeddable":true,"href":"https:\/\/sakaba.mghosteur.com\/en\/wp-json\/wp\/v2\/product_cat?post=26481"},{"taxonomy":"product_tag","embeddable":true,"href":"https:\/\/sakaba.mghosteur.com\/en\/wp-json\/wp\/v2\/product_tag?post=26481"}],"curies":[{"name":"wp","href":"https:\/\/api.w.org\/{rel}","templated":true}]}}