{"id":26483,"date":"2022-11-25T11:49:50","date_gmt":"2022-11-25T11:49:50","guid":{"rendered":"http:\/\/www.sakababeauty.com\/?post_type=product&#038;p=26483"},"modified":"2023-04-18T13:52:07","modified_gmt":"2023-04-18T13:52:07","slug":"palmers-skin-success-fade-cream-night","status":"publish","type":"product","link":"https:\/\/sakaba.mghosteur.com\/en\/product\/palmers-skin-success-fade-cream-night\/","title":{"rendered":"PALMERS SKIN SUCCESS FADE CREAM NIGHT"},"content":{"rendered":"<p>La Cr\u00e8me de Nuit Anti-Taches de la marque Palmer&#8217;s est sp\u00e9cialement formul\u00e9e pour cibler les taches brunes, les taches de vieillesse et le teint irr\u00e9gulier. Elle aide \u00e0 \u00e9quilibrer le teint et \u00e0 r\u00e9duire les d\u00e9colorations, tout en am\u00e9liorant la souplesse et l&#8217;\u00e9lasticit\u00e9 de la peau. Elle r\u00e9duit \u00e9galement l&#8217;apparence des rides et ridules, pour une peau plus lumineuse et plus \u00e9clatante.<\/p>\n<p>Cette cr\u00e8me est con\u00e7ue pour une utilisation nocturne, et des r\u00e9sultats visibles peuvent \u00eatre observ\u00e9s en aussi peu que 2 semaines* d&#8217;utilisation r\u00e9guli\u00e8re. La formule ne contient pas d&#8217;hydroquinone, de parab\u00e8nes, de parfum, de phtalates, de sulfates, de MI ou de colorants.<\/p>\n<p>Des \u00e9tudes cliniques ind\u00e9pendantes ont montr\u00e9 que 96% des femmes ont constat\u00e9 une am\u00e9lioration de la d\u00e9coloration visible, 100% ont remarqu\u00e9 une peau plus lisse et un teint in\u00e9gal r\u00e9duit, et 98% ont vu une am\u00e9lioration des taches sombres.<\/p>\n<p>La Cr\u00e8me de Nuit Anti-Taches de Palmer&#8217;s est donc un choix id\u00e9al pour celles et ceux qui cherchent \u00e0 am\u00e9liorer leur teint, r\u00e9duire les taches et retrouver une peau plus lumineuse et plus \u00e9clatante. Avec une utilisation continue, elle permet de restaurer l&#8217;\u00e9clat de jeunesse de votre peau gr\u00e2ce \u00e0 des ingr\u00e9dients correcteurs de ton et du r\u00e9tinol anti-\u00e2ge. *Les r\u00e9sultats peuvent prendre jusqu&#8217;\u00e0 6 semaines.<\/p>","protected":false},"excerpt":{"rendered":"<p>La Cr\u00e8me de Nuit Anti-Taches de la marque Palmer&#8217;s est sp\u00e9cialement formul\u00e9e pour cibler les taches brunes, les taches de vieillesse et le teint irr\u00e9gulier. Elle aide \u00e0 \u00e9quilibrer le teint et \u00e0 r\u00e9duire les d\u00e9colorations, tout en am\u00e9liorant la souplesse et l&#8217;\u00e9lasticit\u00e9 de la peau. Elle r\u00e9duit \u00e9galement l&#8217;apparence des rides et ridules, pour<span class=\"read-more-faq\"><a href=\"https:\/\/sakaba.mghosteur.com\/en\/product\/palmers-skin-success-fade-cream-night\/\">Read More<\/a><\/span><\/p>","protected":false},"featured_media":0,"comment_status":"closed","ping_status":"closed","template":"","meta":[],"product_brand":[],"product_cat":[377],"product_tag":[],"class_list":{"0":"post-26483","1":"product","2":"type-product","3":"status-publish","5":"product_cat-bath-body-works","7":"first","8":"instock","9":"shipping-taxable","10":"product-type-simple"},"jetpack-related-posts":[{"id":26481,"url":"https:\/\/sakaba.mghosteur.com\/en\/product\/palmers-skin-success-fade-cream\/","url_meta":{"origin":26483,"position":0},"title":"PALMERS SKIN SUCCESS FADE CREAM","author":"admin","date":"November 25, 2022","format":false,"excerpt":"D\u00e9couvrez la cr\u00e8me anti-taches fonc\u00e9es de la marque Palmer's, sp\u00e9cialement formul\u00e9e pour tous les types de peau chevelu. Cette cr\u00e8me cible efficacement les taches brunes, les taches de vieillesse et le teint irr\u00e9gulier, tout en \u00e9quilibrant la d\u00e9coloration de la peau. En plus d'am\u00e9liorer la souplesse et l'\u00e9lasticit\u00e9 de votre\u2026","rel":"","context":"Similar post","block_context":{"text":"Similar post","link":""},"img":{"alt_text":"","src":"","width":0,"height":0},"classes":[]},{"id":29743,"url":"https:\/\/sakaba.mghosteur.com\/en\/product\/skin-success-fade-cream-anti-dark-spot\/","url_meta":{"origin":26483,"position":1},"title":"SKIN SUCCESS  FADE CREAM ANTI DARK SPOT","author":"admin","date":"April 18, 2023","format":false,"excerpt":"D\u00e9couvrez la cr\u00e8me anti-taches Palmer's pour une peau \u00e9clatante et sans taches ! Formul\u00e9e pour tous les types de peau, cette cr\u00e8me cible les taches brunes, les taches de vieillesse et \u00e9quilibre le teint irr\u00e9gulier et la d\u00e9coloration. Elle aide \u00e9galement \u00e0 am\u00e9liorer la souplesse et l'\u00e9lasticit\u00e9 de la peau,\u2026","rel":"","context":"Similar post","block_context":{"text":"Similar post","link":""},"img":{"alt_text":"","src":"","width":0,"height":0},"classes":[]},{"id":24399,"url":"https:\/\/sakaba.mghosteur.com\/en\/product\/palmers-cocoa-butter-eventone-fade-cream\/","url_meta":{"origin":26483,"position":2},"title":"PALMERS COCOA BUTTER EVENTONE FADE CREAM","author":"admin","date":"November 10, 2022","format":false,"excerpt":"D\u00e9couvrez la Cr\u00e8me fondue Eventone de Palmer's, un hydratant quotidien pour tous les types de peau qui cible les taches brunes, les taches de vieillesse et le teint irr\u00e9gulier pour une peau plus lumineuse et plus \u00e9clatante. En seulement 2 \u00e0 6 semaines, vous remarquerez une am\u00e9lioration visible de la\u2026","rel":"","context":"Similar post","block_context":{"text":"Similar post","link":""},"img":{"alt_text":"","src":"","width":0,"height":0},"classes":[]},{"id":56120,"url":"https:\/\/sakaba.mghosteur.com\/en\/product\/advanced-clinicals-dark-spot-brightening-cream\/","url_meta":{"origin":26483,"position":3},"title":"Advanced Clinicals Dark Spot Brightening Cream","author":"Sope DIA","date":"January 2, 2026","format":false,"excerpt":"Cr\u00e8me visage anti-taches : lisse et illumine visiblement le teint terne. Cette cr\u00e8me \u00e0 la vitamine C et \u00e0 l'acide lactique exfolie et hydrate pour am\u00e9liorer l'apparence des peaux irr\u00e9guli\u00e8res et fatigu\u00e9es. La peau est plus douce, plus uniforme et visiblement \u00e9clatante. Formul\u00e9e par des chimistes cosm\u00e9tiques pour les femmes\u2026","rel":"","context":"Similar post","block_context":{"text":"Similar post","link":""},"img":{"alt_text":"","src":"","width":0,"height":0},"classes":[]},{"id":26855,"url":"https:\/\/sakaba.mghosteur.com\/en\/product\/discoloration-repair-serum-with-tranexamic-acidba\/","url_meta":{"origin":26483,"position":4},"title":"DISCOLORATION REPAIR SERUM WITH TRANEXAMIC ACID+BA","author":"admin","date":"November 28, 2022","format":false,"excerpt":"Le S\u00e9rum R\u00e9parateur de D\u00e9coloration de la marque Paula's Choice est un produit de qualit\u00e9 pour votre routine de soin du visage. Avec son complexe tranexamique, bakuchiol et niacinamide, ce s\u00e9rum cible efficacement les taches brunes et grises tout en pr\u00e9venant la formation de nouvelles d\u00e9colorations. Il r\u00e9duit visiblement les\u2026","rel":"","context":"Similar post","block_context":{"text":"Similar post","link":""},"img":{"alt_text":"","src":"","width":0,"height":0},"classes":[]},{"id":31399,"url":"https:\/\/sakaba.mghosteur.com\/en\/product\/paulas-choice-triple-active-total-repair-serum\/","url_meta":{"origin":26483,"position":5},"title":"PAULA&#8217;S CHOICE TRIPLE ACTIVE TOTAL REPAIR SERUM","author":"admin","date":"May 10, 2024","format":false,"excerpt":"D\u00e9couvrez le S\u00e9rum Triple Active Total Repair, une formule avanc\u00e9e anti-\u00e2ge cliniquement prouv\u00e9e pour am\u00e9liorer visiblement les ridules, la d\u00e9coloration et la fermet\u00e9 de la peau gr\u00e2ce \u00e0 un m\u00e9lange puissant d'hexylr\u00e9sorcinol, de r\u00e9tinol et de niacinamide. Le r\u00e9tinyl propionate \u00e0 0,3% raffermit et lisse visiblement la peau. La niacinamide\u2026","rel":"","context":"Similar post","block_context":{"text":"Similar post","link":""},"img":{"alt_text":"","src":"","width":0,"height":0},"classes":[]}],"_links":{"self":[{"href":"https:\/\/sakaba.mghosteur.com\/en\/wp-json\/wp\/v2\/product\/26483","targetHints":{"allow":["GET"]}}],"collection":[{"href":"https:\/\/sakaba.mghosteur.com\/en\/wp-json\/wp\/v2\/product"}],"about":[{"href":"https:\/\/sakaba.mghosteur.com\/en\/wp-json\/wp\/v2\/types\/product"}],"replies":[{"embeddable":true,"href":"https:\/\/sakaba.mghosteur.com\/en\/wp-json\/wp\/v2\/comments?post=26483"}],"version-history":[{"count":0,"href":"https:\/\/sakaba.mghosteur.com\/en\/wp-json\/wp\/v2\/product\/26483\/revisions"}],"wp:attachment":[{"href":"https:\/\/sakaba.mghosteur.com\/en\/wp-json\/wp\/v2\/media?parent=26483"}],"wp:term":[{"taxonomy":"product_brand","embeddable":true,"href":"https:\/\/sakaba.mghosteur.com\/en\/wp-json\/wp\/v2\/product_brand?post=26483"},{"taxonomy":"product_cat","embeddable":true,"href":"https:\/\/sakaba.mghosteur.com\/en\/wp-json\/wp\/v2\/product_cat?post=26483"},{"taxonomy":"product_tag","embeddable":true,"href":"https:\/\/sakaba.mghosteur.com\/en\/wp-json\/wp\/v2\/product_tag?post=26483"}],"curies":[{"name":"wp","href":"https:\/\/api.w.org\/{rel}","templated":true}]}}