{"id":26487,"date":"2022-11-25T11:53:44","date_gmt":"2022-11-25T11:53:44","guid":{"rendered":"http:\/\/www.sakababeauty.com\/?post_type=product&#038;p=26487"},"modified":"2022-11-25T12:11:01","modified_gmt":"2022-11-25T12:11:01","slug":"gluta-c-glutathione-and-vitamin-c-with-kojic-plus-2","status":"publish","type":"product","link":"https:\/\/sakaba.mghosteur.com\/en\/product\/gluta-c-glutathione-and-vitamin-c-with-kojic-plus-2\/","title":{"rendered":"ACNE CONTROL FACIAL WASH 4SKIN WHITENING"},"content":{"rendered":"","protected":false},"excerpt":{"rendered":"","protected":false},"featured_media":0,"comment_status":"closed","ping_status":"closed","template":"","meta":[],"product_brand":[],"product_cat":[446],"product_tag":[],"class_list":{"0":"post-26487","1":"product","2":"type-product","3":"status-publish","5":"product_cat-nettoyant","7":"first","8":"instock","9":"shipping-taxable","10":"product-type-simple"},"jetpack-related-posts":[{"id":26690,"url":"https:\/\/sakaba.mghosteur.com\/en\/product\/stubborn-acne-control-5-in-1-exfoliating-wash\/","url_meta":{"origin":26487,"position":0},"title":"STUBBORN ACNE CONTROL 5 IN 1 EXFOLIATING WASH","author":"admin","date":"November 28, 2022","format":false,"excerpt":"","rel":"","context":"Similar post","block_context":{"text":"Similar post","link":""},"img":{"alt_text":"","src":"","width":0,"height":0},"classes":[]},{"id":30347,"url":"https:\/\/sakaba.mghosteur.com\/en\/product\/neutrogena-oil-free-acne-wash-scrub\/","url_meta":{"origin":26487,"position":1},"title":"NEUTROGENA OIL FREE ACNE WASH SCRUB","author":"admin","date":"May 8, 2023","format":false,"excerpt":"Le Nettoyant Moussant pour le Visage Anti-acn\u00e9 Neutrogena au Pamplemousse Rose est un gommage facial moussant con\u00e7u pour aider \u00e0 traiter les \u00e9ruptions cutan\u00e9es tout en exfoliant en douceur votre peau. Il est formul\u00e9 avec une technologie MicroClear et un m\u00e9dicament contre l'acn\u00e9 \u00e0 l'acide salicylique de force maximale pour\u2026","rel":"","context":"Similar post","block_context":{"text":"Similar post","link":""},"img":{"alt_text":"","src":"","width":0,"height":0},"classes":[]},{"id":26535,"url":"https:\/\/sakaba.mghosteur.com\/en\/product\/facial-serum-night-repair-whitening-concentrate\/","url_meta":{"origin":26487,"position":2},"title":"FACIAL SERUM NIGHT REPAIR WHITENING CONCENTRATE","author":"admin","date":"November 25, 2022","format":false,"excerpt":"","rel":"","context":"Similar post","block_context":{"text":"Similar post","link":""},"img":{"alt_text":"","src":"","width":0,"height":0},"classes":[]},{"id":26192,"url":"https:\/\/sakaba.mghosteur.com\/en\/product\/facial-day-cream-whitening-anti-aging\/","url_meta":{"origin":26487,"position":3},"title":"FACIAL DAY CREAM WHITENING &#038;ANTI AGING","author":"admin","date":"November 24, 2022","format":false,"excerpt":"","rel":"","context":"Similar post","block_context":{"text":"Similar post","link":""},"img":{"alt_text":"","src":"","width":0,"height":0},"classes":[]},{"id":25545,"url":"https:\/\/sakaba.mghosteur.com\/en\/product\/panoxyl-acne-foaming-wash\/","url_meta":{"origin":26487,"position":4},"title":"PANOXYL ACNE FOAMING WASH","author":"admin","date":"November 14, 2022","format":false,"excerpt":"Panoxyl 10% Acne Foaming Wash est un nettoyant visage qui contient 10 % de peroxyde de benzoyle et est con\u00e7u pour \u00e9liminer l'acn\u00e9 existante et pr\u00e9venir de nouvelles pouss\u00e9es. Il est exempt de parab\u00e8nes, de parfums et de phtalates et contient des hydratants pour aider \u00e0 pr\u00e9venir la s\u00e9cheresse","rel":"","context":"Similar post","block_context":{"text":"Similar post","link":""},"img":{"alt_text":"","src":"","width":0,"height":0},"classes":[]},{"id":33951,"url":"https:\/\/sakaba.mghosteur.com\/en\/product\/alba-botanica-acne-dote-deep-pore-wash\/","url_meta":{"origin":26487,"position":5},"title":"ALBA BOTANICA ACNE DOTE DEEP PORE WASH","author":"admin","date":"May 24, 2024","format":false,"excerpt":"","rel":"","context":"Similar post","block_context":{"text":"Similar post","link":""},"img":{"alt_text":"","src":"","width":0,"height":0},"classes":[]}],"_links":{"self":[{"href":"https:\/\/sakaba.mghosteur.com\/en\/wp-json\/wp\/v2\/product\/26487","targetHints":{"allow":["GET"]}}],"collection":[{"href":"https:\/\/sakaba.mghosteur.com\/en\/wp-json\/wp\/v2\/product"}],"about":[{"href":"https:\/\/sakaba.mghosteur.com\/en\/wp-json\/wp\/v2\/types\/product"}],"replies":[{"embeddable":true,"href":"https:\/\/sakaba.mghosteur.com\/en\/wp-json\/wp\/v2\/comments?post=26487"}],"version-history":[{"count":0,"href":"https:\/\/sakaba.mghosteur.com\/en\/wp-json\/wp\/v2\/product\/26487\/revisions"}],"wp:attachment":[{"href":"https:\/\/sakaba.mghosteur.com\/en\/wp-json\/wp\/v2\/media?parent=26487"}],"wp:term":[{"taxonomy":"product_brand","embeddable":true,"href":"https:\/\/sakaba.mghosteur.com\/en\/wp-json\/wp\/v2\/product_brand?post=26487"},{"taxonomy":"product_cat","embeddable":true,"href":"https:\/\/sakaba.mghosteur.com\/en\/wp-json\/wp\/v2\/product_cat?post=26487"},{"taxonomy":"product_tag","embeddable":true,"href":"https:\/\/sakaba.mghosteur.com\/en\/wp-json\/wp\/v2\/product_tag?post=26487"}],"curies":[{"name":"wp","href":"https:\/\/api.w.org\/{rel}","templated":true}]}}