{"id":26526,"date":"2022-11-25T12:00:28","date_gmt":"2022-11-25T12:00:28","guid":{"rendered":"http:\/\/www.sakababeauty.com\/?post_type=product&#038;p=26526"},"modified":"2024-08-08T15:20:48","modified_gmt":"2024-08-08T15:20:48","slug":"palmers-dark-spot-corrector","status":"publish","type":"product","link":"https:\/\/sakaba.mghosteur.com\/en\/product\/palmers-dark-spot-corrector\/","title":{"rendered":"PALMERS DARK SPOT CORRECTOR"},"content":{"rendered":"<p>D\u00e9couvrez l&#8217;huile pour le visage \u00e0 la noix de coco de la marque Palmer&#8217;s, sp\u00e9cialement formul\u00e9e pour cibler les taches brunes, les taches de vieillesse et le teint irr\u00e9gulier. Cette huile \u00e9quilibre votre teint et am\u00e9liore l&#8217;\u00e9lasticit\u00e9 de votre peau, tout en minimisant l&#8217;apparence des ridules et des rides. Elle donne \u00e0 votre peau un \u00e9clat lumineux et sain en aussi peu que 2 semaines*.<\/p>\n<p>Recommand\u00e9e pour tous les types et tons de peau, cette huile pour le visage \u00e0 la noix de coco de Palmer&#8217;s est sans hydroquinone, parab\u00e8nes, phtalates, sulfates, MI et colorants. De plus, elle n&#8217;est pas test\u00e9e sur les animaux.<\/p>\n<p>Les r\u00e9sultats cliniques parlent d&#8217;eux-m\u00eames : 96% des femmes ont constat\u00e9 une am\u00e9lioration du teint irr\u00e9gulier, 98% ont vu une r\u00e9duction de l&#8217;apparence des cicatrices d&#8217;acn\u00e9 et des taches sombres att\u00e9nu\u00e9es, et 94% ont constat\u00e9 une am\u00e9lioration de l&#8217;\u00e9clat et de la luminosit\u00e9 de leur peau. En outre, 100% des femmes ont constat\u00e9 que leur peau paraissait plus jeune et plus saine.<\/p>\n<p>Essayez le correcteur de taches brunes Skin Success de Palmer pour obtenir un teint plus lumineux, plus radieux et plus uniforme. Partagez votre histoire Skin Success avec nous sur Instagram en utilisant le hashtag #MySkinSuccess.<\/p>\n<p>*Les r\u00e9sultats peuvent prendre jusqu&#8217;\u00e0 6 semaines. Les r\u00e9sultats individuels peuvent varier.<\/p>","protected":false},"excerpt":{"rendered":"<p>D\u00e9couvrez l&#8217;huile pour le visage \u00e0 la noix de coco de la marque Palmer&#8217;s, sp\u00e9cialement formul\u00e9e pour cibler les taches brunes, les taches de vieillesse et le teint irr\u00e9gulier. Cette huile \u00e9quilibre votre teint et am\u00e9liore l&#8217;\u00e9lasticit\u00e9 de votre peau, tout en minimisant l&#8217;apparence des ridules et des rides. Elle donne \u00e0 votre peau un<span class=\"read-more-faq\"><a href=\"https:\/\/sakaba.mghosteur.com\/en\/product\/palmers-dark-spot-corrector\/\">Read More<\/a><\/span><\/p>","protected":false},"featured_media":0,"comment_status":"closed","ping_status":"closed","template":"","meta":[],"product_brand":[],"product_cat":[293,451,334],"product_tag":[],"class_list":{"0":"post-26526","1":"product","2":"type-product","3":"status-publish","5":"product_cat-anti-taches","6":"product_cat-aab-soin-du-visage","7":"product_cat-traitement-serum","9":"first","10":"instock","11":"shipping-taxable","12":"product-type-simple"},"jetpack-related-posts":[{"id":24390,"url":"https:\/\/sakaba.mghosteur.com\/en\/product\/palmers-cocoa-butter-skin-therapy-oil\/","url_meta":{"origin":26526,"position":0},"title":"Palmers Cocoa Butter Skin Therapy Oil","author":"admin","date":"November 10, 2022","format":false,"excerpt":"D\u00e9couvrez l'huile de soin pour la peau au beurre de cacao avec vitamine E de Palmer's, un produit parfait pour tous les types de peau. Cette huile de beaut\u00e9 polyvalente pour le corps et le visage est formul\u00e9e pour aider \u00e0 am\u00e9liorer l'apparence des cicatrices, des vergetures, de la peau\u2026","rel":"","context":"Similar post","block_context":{"text":"Similar post","link":""},"img":{"alt_text":"","src":"","width":0,"height":0},"classes":[]},{"id":26483,"url":"https:\/\/sakaba.mghosteur.com\/en\/product\/palmers-skin-success-fade-cream-night\/","url_meta":{"origin":26526,"position":1},"title":"PALMERS SKIN SUCCESS FADE CREAM NIGHT","author":"admin","date":"November 25, 2022","format":false,"excerpt":"La Cr\u00e8me de Nuit Anti-Taches de la marque Palmer's est sp\u00e9cialement formul\u00e9e pour cibler les taches brunes, les taches de vieillesse et le teint irr\u00e9gulier. Elle aide \u00e0 \u00e9quilibrer le teint et \u00e0 r\u00e9duire les d\u00e9colorations, tout en am\u00e9liorant la souplesse et l'\u00e9lasticit\u00e9 de la peau. Elle r\u00e9duit \u00e9galement l'apparence\u2026","rel":"","context":"Similar post","block_context":{"text":"Similar post","link":""},"img":{"alt_text":"","src":"","width":0,"height":0},"classes":[]},{"id":29743,"url":"https:\/\/sakaba.mghosteur.com\/en\/product\/skin-success-fade-cream-anti-dark-spot\/","url_meta":{"origin":26526,"position":2},"title":"SKIN SUCCESS  FADE CREAM ANTI DARK SPOT","author":"admin","date":"April 18, 2023","format":false,"excerpt":"D\u00e9couvrez la cr\u00e8me anti-taches Palmer's pour une peau \u00e9clatante et sans taches ! Formul\u00e9e pour tous les types de peau, cette cr\u00e8me cible les taches brunes, les taches de vieillesse et \u00e9quilibre le teint irr\u00e9gulier et la d\u00e9coloration. Elle aide \u00e9galement \u00e0 am\u00e9liorer la souplesse et l'\u00e9lasticit\u00e9 de la peau,\u2026","rel":"","context":"Similar post","block_context":{"text":"Similar post","link":""},"img":{"alt_text":"","src":"","width":0,"height":0},"classes":[]},{"id":24399,"url":"https:\/\/sakaba.mghosteur.com\/en\/product\/palmers-cocoa-butter-eventone-fade-cream\/","url_meta":{"origin":26526,"position":3},"title":"PALMERS COCOA BUTTER EVENTONE FADE CREAM","author":"admin","date":"November 10, 2022","format":false,"excerpt":"D\u00e9couvrez la Cr\u00e8me fondue Eventone de Palmer's, un hydratant quotidien pour tous les types de peau qui cible les taches brunes, les taches de vieillesse et le teint irr\u00e9gulier pour une peau plus lumineuse et plus \u00e9clatante. En seulement 2 \u00e0 6 semaines, vous remarquerez une am\u00e9lioration visible de la\u2026","rel":"","context":"Similar post","block_context":{"text":"Similar post","link":""},"img":{"alt_text":"","src":"","width":0,"height":0},"classes":[]},{"id":26530,"url":"https:\/\/sakaba.mghosteur.com\/en\/product\/fade-milk-tone-correcting-body-lotion\/","url_meta":{"origin":26526,"position":4},"title":"FADE MILK TONE CORRECTING BODY LOTION","author":"admin","date":"November 25, 2022","format":false,"excerpt":"D\u00e9couvrez le Lait Anti-taches Palmer's Skin Success pour retrouver un teint lumineux et \u00e9clatant. Ce produit cible efficacement les taches brunes, les taches de vieillesse et le teint irr\u00e9gulier pour une peau parfaitement \u00e9quilibr\u00e9e et unifi\u00e9e. En plus d'am\u00e9liorer la souplesse et l'\u00e9lasticit\u00e9 de la peau, ce lait minimise l'apparence\u2026","rel":"","context":"Similar post","block_context":{"text":"Similar post","link":""},"img":{"alt_text":"","src":"","width":0,"height":0},"classes":[]},{"id":24408,"url":"https:\/\/sakaba.mghosteur.com\/en\/product\/palmers-coconut-water-facial-moisturizer\/","url_meta":{"origin":26526,"position":5},"title":"PALMERS coconut water facial moisturizer","author":"admin","date":"November 10, 2022","format":false,"excerpt":"Cet hydratant pour le visage \u00e0 la noix de coco de la marque Palmer's est un produit de soin de la peau de haute qualit\u00e9. Il hydrate naturellement et impr\u00e8gne la peau d'antioxydants pour aider \u00e0 r\u00e9duire les signes du vieillissement. De plus, il est non com\u00e9dog\u00e8ne, hypoallerg\u00e9nique et test\u00e9\u2026","rel":"","context":"Similar post","block_context":{"text":"Similar post","link":""},"img":{"alt_text":"","src":"","width":0,"height":0},"classes":[]}],"_links":{"self":[{"href":"https:\/\/sakaba.mghosteur.com\/en\/wp-json\/wp\/v2\/product\/26526","targetHints":{"allow":["GET"]}}],"collection":[{"href":"https:\/\/sakaba.mghosteur.com\/en\/wp-json\/wp\/v2\/product"}],"about":[{"href":"https:\/\/sakaba.mghosteur.com\/en\/wp-json\/wp\/v2\/types\/product"}],"replies":[{"embeddable":true,"href":"https:\/\/sakaba.mghosteur.com\/en\/wp-json\/wp\/v2\/comments?post=26526"}],"version-history":[{"count":0,"href":"https:\/\/sakaba.mghosteur.com\/en\/wp-json\/wp\/v2\/product\/26526\/revisions"}],"wp:attachment":[{"href":"https:\/\/sakaba.mghosteur.com\/en\/wp-json\/wp\/v2\/media?parent=26526"}],"wp:term":[{"taxonomy":"product_brand","embeddable":true,"href":"https:\/\/sakaba.mghosteur.com\/en\/wp-json\/wp\/v2\/product_brand?post=26526"},{"taxonomy":"product_cat","embeddable":true,"href":"https:\/\/sakaba.mghosteur.com\/en\/wp-json\/wp\/v2\/product_cat?post=26526"},{"taxonomy":"product_tag","embeddable":true,"href":"https:\/\/sakaba.mghosteur.com\/en\/wp-json\/wp\/v2\/product_tag?post=26526"}],"curies":[{"name":"wp","href":"https:\/\/api.w.org\/{rel}","templated":true}]}}