{"id":26529,"date":"2022-11-25T12:02:44","date_gmt":"2022-11-25T12:02:44","guid":{"rendered":"http:\/\/www.sakababeauty.com\/?post_type=product&#038;p=26529"},"modified":"2022-11-25T12:02:45","modified_gmt":"2022-11-25T12:02:45","slug":"mederma-advanced-reduces-the-appearance","status":"publish","type":"product","link":"https:\/\/sakaba.mghosteur.com\/en\/product\/mederma-advanced-reduces-the-appearance\/","title":{"rendered":"MEDERMA ADVANCED REDUCES THE APPEARANCE"},"content":{"rendered":"","protected":false},"excerpt":{"rendered":"","protected":false},"featured_media":0,"comment_status":"closed","ping_status":"closed","template":"","meta":[],"product_brand":[],"product_cat":[377],"product_tag":[],"class_list":{"0":"post-26529","1":"product","2":"type-product","3":"status-publish","5":"product_cat-bath-body-works","7":"first","8":"instock","9":"shipping-taxable","10":"product-type-simple"},"jetpack-related-posts":[{"id":56099,"url":"https:\/\/sakaba.mghosteur.com\/en\/product\/advanced-clinicals-retinol-advanced-firming-cream\/","url_meta":{"origin":26529,"position":0},"title":"Advanced Clinicals Retinol Advanced Firming Cream","author":"Sope DIA","date":"January 2, 2026","format":false,"excerpt":"ADVANCED CLINICAL \u2013 RETINOL CREAM est infus\u00e9e d\u2019aloe vera, de camomille, de glyc\u00e9rine et de th\u00e9 vert. Ces composants agissent tous ensemble pour raffermir efficacement la peau et r\u00e9duire l\u2019apparence de la peau endommag\u00e9e par le soleil, des rides, des ridules et de la peau cr\u00e9pue. Aloe Vera prot\u00e8ge contre\u2026","rel":"","context":"Similar post","block_context":{"text":"Similar post","link":""},"img":{"alt_text":"","src":"","width":0,"height":0},"classes":[]},{"id":34207,"url":"https:\/\/sakaba.mghosteur.com\/en\/product\/fresh-black-tea-advanced-age-renewal-cream-50ml\/","url_meta":{"origin":26529,"position":1},"title":"FRESH BLACK TEA ADVANCED AGE RENEWAL CREAM 50ML","author":"admin","date":"May 27, 2024","format":false,"excerpt":"La cr\u00e8me Fresh Black Tea Advanced Age Renewal est une cr\u00e8me anti-\u00e2ge l\u00e9g\u00e8re qui utilise un m\u00e9lange d'extraits de th\u00e9 noir et de feuilles de ramboutan pour offrir des r\u00e9sultats similaires \u00e0 ceux du r\u00e9tinol. Elle contient du c\u00e9ramide NP, un lipide qui aide \u00e0 prot\u00e9ger la barri\u00e8re cutan\u00e9e et\u2026","rel":"","context":"Similar post","block_context":{"text":"Similar post","link":""},"img":{"alt_text":"","src":"","width":0,"height":0},"classes":[]},{"id":33866,"url":"https:\/\/sakaba.mghosteur.com\/en\/product\/nars-soft-velvet-loose-powder\/","url_meta":{"origin":26529,"position":2},"title":"NARS SOFT VELVET LOOSE POWDER","author":"admin","date":"May 23, 2024","format":false,"excerpt":"Prolong the wear time of your foundation with the NARS Cosmetics Soft Velvet Loose Powder. The powder works to seal your foundation as well as controlling the production of oil in the skin. Perfect for covering up any fine lines, wrinkles and pores with a smooth finish. The NARS Cosmetics\u2026","rel":"","context":"Similar post","block_context":{"text":"Similar post","link":""},"img":{"alt_text":"","src":"","width":0,"height":0},"classes":[]},{"id":33187,"url":"https:\/\/sakaba.mghosteur.com\/en\/product\/advanced-clinicals-coq10\/","url_meta":{"origin":26529,"position":3},"title":"ADVANCED CLINICALS COQ10","author":"admin","date":"May 20, 2024","format":false,"excerpt":"","rel":"","context":"Similar post","block_context":{"text":"Similar post","link":""},"img":{"alt_text":"","src":"","width":0,"height":0},"classes":[]},{"id":33166,"url":"https:\/\/sakaba.mghosteur.com\/en\/product\/advanced-clinical-collagen-serum\/","url_meta":{"origin":26529,"position":4},"title":"ADVANCED CLINICAL COLLAGEN SERUM","author":"admin","date":"May 20, 2024","format":false,"excerpt":"","rel":"","context":"Similar post","block_context":{"text":"Similar post","link":""},"img":{"alt_text":"","src":"","width":0,"height":0},"classes":[]},{"id":33199,"url":"https:\/\/sakaba.mghosteur.com\/en\/product\/advanced-clinicals-peptide-serum\/","url_meta":{"origin":26529,"position":5},"title":"ADVANCED CLINICALS PEPTIDE SERUM","author":"admin","date":"May 20, 2024","format":false,"excerpt":"","rel":"","context":"Similar post","block_context":{"text":"Similar post","link":""},"img":{"alt_text":"","src":"","width":0,"height":0},"classes":[]}],"_links":{"self":[{"href":"https:\/\/sakaba.mghosteur.com\/en\/wp-json\/wp\/v2\/product\/26529","targetHints":{"allow":["GET"]}}],"collection":[{"href":"https:\/\/sakaba.mghosteur.com\/en\/wp-json\/wp\/v2\/product"}],"about":[{"href":"https:\/\/sakaba.mghosteur.com\/en\/wp-json\/wp\/v2\/types\/product"}],"replies":[{"embeddable":true,"href":"https:\/\/sakaba.mghosteur.com\/en\/wp-json\/wp\/v2\/comments?post=26529"}],"version-history":[{"count":0,"href":"https:\/\/sakaba.mghosteur.com\/en\/wp-json\/wp\/v2\/product\/26529\/revisions"}],"wp:attachment":[{"href":"https:\/\/sakaba.mghosteur.com\/en\/wp-json\/wp\/v2\/media?parent=26529"}],"wp:term":[{"taxonomy":"product_brand","embeddable":true,"href":"https:\/\/sakaba.mghosteur.com\/en\/wp-json\/wp\/v2\/product_brand?post=26529"},{"taxonomy":"product_cat","embeddable":true,"href":"https:\/\/sakaba.mghosteur.com\/en\/wp-json\/wp\/v2\/product_cat?post=26529"},{"taxonomy":"product_tag","embeddable":true,"href":"https:\/\/sakaba.mghosteur.com\/en\/wp-json\/wp\/v2\/product_tag?post=26529"}],"curies":[{"name":"wp","href":"https:\/\/api.w.org\/{rel}","templated":true}]}}