{"id":26530,"date":"2022-11-25T12:03:16","date_gmt":"2022-11-25T12:03:16","guid":{"rendered":"http:\/\/www.sakababeauty.com\/?post_type=product&#038;p=26530"},"modified":"2024-06-08T12:47:36","modified_gmt":"2024-06-08T12:47:36","slug":"fade-milk-tone-correcting-body-lotion","status":"publish","type":"product","link":"https:\/\/sakaba.mghosteur.com\/en\/product\/fade-milk-tone-correcting-body-lotion\/","title":{"rendered":"FADE MILK TONE CORRECTING BODY LOTION"},"content":{"rendered":"<div class=\"group w-full text-gray-800 dark:text-gray-100 border-b border-black\/10 dark:border-gray-900\/50 bg-gray-50 dark:bg-[#444654]\">\n<div class=\"text-base gap-4 md:gap-6 md:max-w-2xl lg:max-w-xl xl:max-w-3xl p-4 md:py-6 flex lg:px-0 m-auto\">\n<div class=\"relative flex w-[calc(100%-50px)] flex-col gap-1 md:gap-3 lg:w-[calc(100%-115px)]\">\n<div class=\"flex flex-grow flex-col gap-3\">\n<div class=\"min-h-[20px] flex flex-col items-start gap-4 whitespace-pre-wrap\">\n<div class=\"markdown prose w-full break-words dark:prose-invert light\">\n<p>D\u00e9couvrez le Lait Anti-taches Palmer&#8217;s Skin Success pour retrouver un teint lumineux et \u00e9clatant. Ce produit cible efficacement les taches brunes, les taches de vieillesse et le teint irr\u00e9gulier pour une peau parfaitement \u00e9quilibr\u00e9e et unifi\u00e9e. En plus d&#8217;am\u00e9liorer la souplesse et l&#8217;\u00e9lasticit\u00e9 de la peau, ce lait minimise l&#8217;apparence des ridules et des rides pour une apparence plus jeune et plus saine.<\/p>\n<p>Utilisable sur tout le corps, ce lait anti-taches est parfait pour les bras, les jambes, les genoux, les coudes et le d\u00e9collet\u00e9. Les r\u00e9sultats sont visibles en aussi peu que 2 semaines gr\u00e2ce \u00e0 une formule sans hydroquinone, parab\u00e8nes, phtalates, sulfates, MI et colorants, et non test\u00e9e sur les animaux.<\/p>\n<p>Des \u00e9tudes cliniques ind\u00e9pendantes ont montr\u00e9 que ce lait a aid\u00e9 \u00e0 am\u00e9liorer le teint de peau de 100% des femmes, \u00e0 r\u00e9duire les taches de 94%, et \u00e0 am\u00e9liorer la clart\u00e9 de la peau de 96%. Avec Palmer&#8217;s Skin Success Fade Milk, vous pouvez retrouver une peau plus lumineuse et \u00e9clatante en seulement quelques semaines.<\/p>\n<\/div>\n<\/div>\n<\/div>\n<div class=\"flex justify-between lg:block\">\n<div class=\"text-gray-400 flex self-end lg:self-center justify-center mt-2 gap-2 md:gap-3 lg:gap-1 lg:absolute lg:top-0 lg:translate-x-full lg:right-0 lg:mt-0 lg:pl-2 visible\"><\/div>\n<\/div>\n<\/div>\n<\/div>\n<\/div>","protected":false},"excerpt":{"rendered":"<p>D\u00e9couvrez le Lait Anti-taches Palmer&#8217;s Skin Success pour retrouver un teint lumineux et \u00e9clatant. Ce produit cible efficacement les taches brunes, les taches de vieillesse et le teint irr\u00e9gulier pour une peau parfaitement \u00e9quilibr\u00e9e et unifi\u00e9e. En plus d&#8217;am\u00e9liorer la souplesse et l&#8217;\u00e9lasticit\u00e9 de la peau, ce lait minimise l&#8217;apparence des ridules et des rides<span class=\"read-more-faq\"><a href=\"https:\/\/sakaba.mghosteur.com\/en\/product\/fade-milk-tone-correcting-body-lotion\/\">Read More<\/a><\/span><\/p>","protected":false},"featured_media":0,"comment_status":"closed","ping_status":"closed","template":"","meta":[],"product_brand":[],"product_cat":[450],"product_tag":[],"class_list":{"0":"post-26530","1":"product","2":"type-product","3":"status-publish","5":"product_cat-soin-de-la-peau","7":"first","8":"instock","9":"shipping-taxable","10":"product-type-simple"},"jetpack-related-posts":[{"id":33866,"url":"https:\/\/sakaba.mghosteur.com\/en\/product\/nars-soft-velvet-loose-powder\/","url_meta":{"origin":26530,"position":0},"title":"NARS SOFT VELVET LOOSE POWDER","author":"admin","date":"May 23, 2024","format":false,"excerpt":"Prolong the wear time of your foundation with the NARS Cosmetics Soft Velvet Loose Powder. The powder works to seal your foundation as well as controlling the production of oil in the skin. Perfect for covering up any fine lines, wrinkles and pores with a smooth finish. The NARS Cosmetics\u2026","rel":"","context":"Similar post","block_context":{"text":"Similar post","link":""},"img":{"alt_text":"","src":"","width":0,"height":0},"classes":[]}],"_links":{"self":[{"href":"https:\/\/sakaba.mghosteur.com\/en\/wp-json\/wp\/v2\/product\/26530","targetHints":{"allow":["GET"]}}],"collection":[{"href":"https:\/\/sakaba.mghosteur.com\/en\/wp-json\/wp\/v2\/product"}],"about":[{"href":"https:\/\/sakaba.mghosteur.com\/en\/wp-json\/wp\/v2\/types\/product"}],"replies":[{"embeddable":true,"href":"https:\/\/sakaba.mghosteur.com\/en\/wp-json\/wp\/v2\/comments?post=26530"}],"version-history":[{"count":0,"href":"https:\/\/sakaba.mghosteur.com\/en\/wp-json\/wp\/v2\/product\/26530\/revisions"}],"wp:attachment":[{"href":"https:\/\/sakaba.mghosteur.com\/en\/wp-json\/wp\/v2\/media?parent=26530"}],"wp:term":[{"taxonomy":"product_brand","embeddable":true,"href":"https:\/\/sakaba.mghosteur.com\/en\/wp-json\/wp\/v2\/product_brand?post=26530"},{"taxonomy":"product_cat","embeddable":true,"href":"https:\/\/sakaba.mghosteur.com\/en\/wp-json\/wp\/v2\/product_cat?post=26530"},{"taxonomy":"product_tag","embeddable":true,"href":"https:\/\/sakaba.mghosteur.com\/en\/wp-json\/wp\/v2\/product_tag?post=26530"}],"curies":[{"name":"wp","href":"https:\/\/api.w.org\/{rel}","templated":true}]}}