{"id":26537,"date":"2022-11-25T12:09:23","date_gmt":"2022-11-25T12:09:23","guid":{"rendered":"http:\/\/www.sakababeauty.com\/?post_type=product&#038;p=26537"},"modified":"2024-08-28T03:07:37","modified_gmt":"2024-08-28T03:07:37","slug":"gluta-c-glutathione-and-vitamin-c-with-kojic-plus-3","status":"publish","type":"product","link":"https:\/\/sakaba.mghosteur.com\/en\/product\/gluta-c-glutathione-and-vitamin-c-with-kojic-plus-3\/","title":{"rendered":"GLUTA-C GLUTATHIONE AND VITAMIN C WITH KOJIC PLUS+"},"content":{"rendered":"<p>Gluta-C Kojic Plus+ est un syst\u00e8me de blanchiment qui offre une action blanchissante 4X plus intense gr\u00e2ce au glutathion, \u00e0 la vitamine C, \u00e0 l&#8217;acide kojique et au diglycinate d&#8217;az\u00e9loayle. Il contient \u00e9galement 3X plus d&#8217;antioxydants pour une peau plus saine, plus lisse et plus douce. Gluta-C Kojic Plus+ peut \u00e9galement nettoyer, contr\u00f4ler l&#8217;acn\u00e9 et la production de s\u00e9bum, minimiser les pores, soutenir le processus naturel de renouvellement de la peau, restaurer l&#8217;\u00e9clat de la peau, r\u00e9duire les imperfections et \u00e9claircir votre teint.<\/p>","protected":false},"excerpt":{"rendered":"<p>Gluta-C Kojic Plus+ est un syst\u00e8me de blanchiment qui offre une action blanchissante 4X plus intense gr\u00e2ce au glutathion, \u00e0 la vitamine C, \u00e0 l&#8217;acide kojique et au diglycinate d&#8217;az\u00e9loayle. Il contient \u00e9galement 3X plus d&#8217;antioxydants pour une peau plus saine, plus lisse et plus douce. Gluta-C Kojic Plus+ peut \u00e9galement nettoyer, contr\u00f4ler l&#8217;acn\u00e9 et<span class=\"read-more-faq\"><a href=\"https:\/\/sakaba.mghosteur.com\/en\/product\/gluta-c-glutathione-and-vitamin-c-with-kojic-plus-3\/\">Read More<\/a><\/span><\/p>","protected":false},"featured_media":0,"comment_status":"closed","ping_status":"closed","template":"","meta":[],"product_brand":[],"product_cat":[293,358,447,324,291,451],"product_tag":[],"class_list":{"0":"post-26537","1":"product","2":"type-product","3":"status-publish","5":"product_cat-anti-taches","6":"product_cat-bain-douche","7":"product_cat-aac-bain-et-corps","8":"product_cat-demaquillant-nettoyant","9":"product_cat-eclaircissant","10":"product_cat-aab-soin-du-visage","12":"first","13":"instock","14":"shipping-taxable","15":"product-type-simple"},"jetpack-related-posts":[{"id":26182,"url":"https:\/\/sakaba.mghosteur.com\/en\/product\/gluta-c-glutathione-and-vitamin-c-with-kojic-plus\/","url_meta":{"origin":26537,"position":0},"title":"GLUTA-C GLUTATHIONE AND VITAMIN C WITH KOJIC PLUS+","author":"admin","date":"November 24, 2022","format":false,"excerpt":"","rel":"","context":"Similar post","block_context":{"text":"Similar post","link":""},"img":{"alt_text":"","src":"","width":0,"height":0},"classes":[]},{"id":26487,"url":"https:\/\/sakaba.mghosteur.com\/en\/product\/gluta-c-glutathione-and-vitamin-c-with-kojic-plus-2\/","url_meta":{"origin":26537,"position":1},"title":"ACNE CONTROL FACIAL WASH 4SKIN WHITENING","author":"admin","date":"November 25, 2022","format":false,"excerpt":"","rel":"","context":"Similar post","block_context":{"text":"Similar post","link":""},"img":{"alt_text":"","src":"","width":0,"height":0},"classes":[]},{"id":26322,"url":"https:\/\/sakaba.mghosteur.com\/en\/product\/triple-white-soap-with-kojic-placenta-glutathione\/","url_meta":{"origin":26537,"position":2},"title":"TRIPLE WHITE SOAP WITH KOJIC PLACENTA GLUTATHIONE","author":"admin","date":"November 24, 2022","format":false,"excerpt":"Ce savon triplement \u00e9claircissant convient aux peaux moins sensibles. Il est plus fort que le savon au glutathion ordinaire mais donne un r\u00e9sultat similaire. Si vous constatez une desquamation, celle-ci ne devrait pas durer plus d'une semaine. Ce savon est cr\u00e9\u00e9 par une m\u00e9thode de traitement \u00e0 froid pour garantir\u2026","rel":"","context":"Similar post","block_context":{"text":"Similar post","link":""},"img":{"alt_text":"","src":"","width":0,"height":0},"classes":[]},{"id":31687,"url":"https:\/\/sakaba.mghosteur.com\/en\/product\/aplb-glutathione-niacinamide-5-3-body-wash\/","url_meta":{"origin":26537,"position":3},"title":"APLB GLUTATHIONE NIACINAMIDE 5.3% BODY WASH","author":"admin","date":"May 10, 2024","format":false,"excerpt":"D\u00e9couvrez ce produit exceptionnel pour votre routine de soin corporel : le Gel Douche Glutathion Niacinamide \/ LIPO GLUTA NIAC CEN 5.3%. Il associe le Glutathion \u00e0 1 000 ppm, la Niacinamide \u00e0 1 000 ppm et un extrait de Centella Asiatica \u00e0 5,1%, enrichi avec le Complexe Centella 3x.\u2026","rel":"","context":"Similar post","block_context":{"text":"Similar post","link":""},"img":{"alt_text":"","src":"","width":0,"height":0},"classes":[]},{"id":31677,"url":"https:\/\/sakaba.mghosteur.com\/en\/product\/aplb-glutathione-niacinamide-body-lotion-12-5\/","url_meta":{"origin":26537,"position":4},"title":"APLB GLUTATHIONE NIACINAMIDE BODY LOTION 12.5%","author":"admin","date":"May 10, 2024","format":false,"excerpt":"D\u00e9couvrez la Lotion Corporelle Glutathion Niacinamide, \u00e9galement connue sous le nom de LIPO GLUTA NIAC CEN 12,5%. Avec une concentration puissante de Glutathion \u00e0 1 000 ppm et de Niacinamide \u00e0 1 000 ppm, enrichie de 12,3 % d'extrait de Centella Asiatica, ce produit offre une exp\u00e9rience de soin corporel\u2026","rel":"","context":"Similar post","block_context":{"text":"Similar post","link":""},"img":{"alt_text":"","src":"","width":0,"height":0},"classes":[]},{"id":31538,"url":"https:\/\/sakaba.mghosteur.com\/en\/product\/vaseline-gluta-hya-flawless-glow-serum-in-lotion-200ml\/","url_meta":{"origin":26537,"position":5},"title":"VASELINE GLUTA HYA FLAWLESS GLOW SERUM IN LOTION  200ml","author":"admin","date":"May 10, 2024","format":false,"excerpt":"VASELINE GLUTA-HYA SERUM BURST LOTION FLAWLESS BRIGHT D\u00e9tails: Propuls\u00e9 par la technologie GlutaGlow, qui est 10 fois plus puissante que la vitamine C+. Le 10X Pro-R\u00e9tinol* est r\u00e9put\u00e9 pour son aide \u00e0 exfolier les cellules mortes de la peau, favorisant ainsi une peau unifi\u00e9e. Avantages: La technologie GlutaGlow, 10 fois\u2026","rel":"","context":"Similar post","block_context":{"text":"Similar post","link":""},"img":{"alt_text":"","src":"","width":0,"height":0},"classes":[]}],"_links":{"self":[{"href":"https:\/\/sakaba.mghosteur.com\/en\/wp-json\/wp\/v2\/product\/26537","targetHints":{"allow":["GET"]}}],"collection":[{"href":"https:\/\/sakaba.mghosteur.com\/en\/wp-json\/wp\/v2\/product"}],"about":[{"href":"https:\/\/sakaba.mghosteur.com\/en\/wp-json\/wp\/v2\/types\/product"}],"replies":[{"embeddable":true,"href":"https:\/\/sakaba.mghosteur.com\/en\/wp-json\/wp\/v2\/comments?post=26537"}],"version-history":[{"count":0,"href":"https:\/\/sakaba.mghosteur.com\/en\/wp-json\/wp\/v2\/product\/26537\/revisions"}],"wp:attachment":[{"href":"https:\/\/sakaba.mghosteur.com\/en\/wp-json\/wp\/v2\/media?parent=26537"}],"wp:term":[{"taxonomy":"product_brand","embeddable":true,"href":"https:\/\/sakaba.mghosteur.com\/en\/wp-json\/wp\/v2\/product_brand?post=26537"},{"taxonomy":"product_cat","embeddable":true,"href":"https:\/\/sakaba.mghosteur.com\/en\/wp-json\/wp\/v2\/product_cat?post=26537"},{"taxonomy":"product_tag","embeddable":true,"href":"https:\/\/sakaba.mghosteur.com\/en\/wp-json\/wp\/v2\/product_tag?post=26537"}],"curies":[{"name":"wp","href":"https:\/\/api.w.org\/{rel}","templated":true}]}}