{"id":26545,"date":"2022-11-25T12:13:09","date_gmt":"2022-11-25T12:13:09","guid":{"rendered":"http:\/\/www.sakababeauty.com\/?post_type=product&#038;p=26545"},"modified":"2023-04-19T11:31:40","modified_gmt":"2023-04-19T11:31:40","slug":"palmers-skin-success-face-cream-glow","status":"publish","type":"product","link":"https:\/\/sakaba.mghosteur.com\/en\/product\/palmers-skin-success-face-cream-glow\/","title":{"rendered":"PALMERS SKIN SUCCESS FACE CREAM GLOW"},"content":{"rendered":"<p>La cr\u00e8me pour le visage Palmer&#8217;s Skin Success Glow Water Lily est sp\u00e9cialement formul\u00e9e pour aider \u00e0 \u00e9claircir et \u00e0 \u00e9quilibrer le teint. Avec des ingr\u00e9dients naturels tels que la niacinamide et la vitamine C, cette cr\u00e8me tonifiante pour le visage aide \u00e0 diminuer l&#8217;apparence de la matit\u00e9, des taches et des taches brunes, pour un teint et une texture plus uniformes. De plus, le r\u00e9tinol aide \u00e0 exfolier les taches brunes pour un r\u00e9sultat optimal.<\/p>\n<p>Nous nous engageons \u00e0 n&#8217;utiliser que les meilleurs ingr\u00e9dients naturels et bruts pour vous apporter des r\u00e9sultats r\u00e9els. Nous soutenons \u00e9galement la production durable de beurre de karit\u00e9, de cacao et d&#8217;huile de noix de coco dans le monde entier.<\/p>\n<p>Chez Palmer&#8217;s Skin Care, nous proposons une large gamme de produits pour le soin de la peau et des cheveux, allant des cr\u00e8mes, baumes, lotions et huiles pour le corps, les mains et le visage, aux soins solaires, soins capillaires, et soins de la grossesse et des vergetures. Essayez notre cr\u00e8me pour le visage Palmer&#8217;s Skin Success Glow Water Lily et d\u00e9couvrez la diff\u00e9rence que peuvent faire des ingr\u00e9dients naturels de haute qualit\u00e9 dans votre routine de soins de la peau.<\/p>","protected":false},"excerpt":{"rendered":"<p>La cr\u00e8me pour le visage Palmer&#8217;s Skin Success Glow Water Lily est sp\u00e9cialement formul\u00e9e pour aider \u00e0 \u00e9claircir et \u00e0 \u00e9quilibrer le teint. Avec des ingr\u00e9dients naturels tels que la niacinamide et la vitamine C, cette cr\u00e8me tonifiante pour le visage aide \u00e0 diminuer l&#8217;apparence de la matit\u00e9, des taches et des taches brunes, pour<span class=\"read-more-faq\"><a href=\"https:\/\/sakaba.mghosteur.com\/en\/product\/palmers-skin-success-face-cream-glow\/\">Read More<\/a><\/span><\/p>","protected":false},"featured_media":0,"comment_status":"closed","ping_status":"closed","template":"","meta":[],"product_brand":[],"product_cat":[377],"product_tag":[],"class_list":{"0":"post-26545","1":"product","2":"type-product","3":"status-publish","5":"product_cat-bath-body-works","7":"first","8":"instock","9":"shipping-taxable","10":"product-type-simple"},"jetpack-related-posts":[{"id":29743,"url":"https:\/\/sakaba.mghosteur.com\/en\/product\/skin-success-fade-cream-anti-dark-spot\/","url_meta":{"origin":26545,"position":0},"title":"SKIN SUCCESS  FADE CREAM ANTI DARK SPOT","author":"admin","date":"April 18, 2023","format":false,"excerpt":"D\u00e9couvrez la cr\u00e8me anti-taches Palmer's pour une peau \u00e9clatante et sans taches ! Formul\u00e9e pour tous les types de peau, cette cr\u00e8me cible les taches brunes, les taches de vieillesse et \u00e9quilibre le teint irr\u00e9gulier et la d\u00e9coloration. Elle aide \u00e9galement \u00e0 am\u00e9liorer la souplesse et l'\u00e9lasticit\u00e9 de la peau,\u2026","rel":"","context":"Similar post","block_context":{"text":"Similar post","link":""},"img":{"alt_text":"","src":"","width":0,"height":0},"classes":[]},{"id":26483,"url":"https:\/\/sakaba.mghosteur.com\/en\/product\/palmers-skin-success-fade-cream-night\/","url_meta":{"origin":26545,"position":1},"title":"PALMERS SKIN SUCCESS FADE CREAM NIGHT","author":"admin","date":"November 25, 2022","format":false,"excerpt":"La Cr\u00e8me de Nuit Anti-Taches de la marque Palmer's est sp\u00e9cialement formul\u00e9e pour cibler les taches brunes, les taches de vieillesse et le teint irr\u00e9gulier. Elle aide \u00e0 \u00e9quilibrer le teint et \u00e0 r\u00e9duire les d\u00e9colorations, tout en am\u00e9liorant la souplesse et l'\u00e9lasticit\u00e9 de la peau. Elle r\u00e9duit \u00e9galement l'apparence\u2026","rel":"","context":"Similar post","block_context":{"text":"Similar post","link":""},"img":{"alt_text":"","src":"","width":0,"height":0},"classes":[]},{"id":26481,"url":"https:\/\/sakaba.mghosteur.com\/en\/product\/palmers-skin-success-fade-cream\/","url_meta":{"origin":26545,"position":2},"title":"PALMERS SKIN SUCCESS FADE CREAM","author":"admin","date":"November 25, 2022","format":false,"excerpt":"D\u00e9couvrez la cr\u00e8me anti-taches fonc\u00e9es de la marque Palmer's, sp\u00e9cialement formul\u00e9e pour tous les types de peau chevelu. Cette cr\u00e8me cible efficacement les taches brunes, les taches de vieillesse et le teint irr\u00e9gulier, tout en \u00e9quilibrant la d\u00e9coloration de la peau. En plus d'am\u00e9liorer la souplesse et l'\u00e9lasticit\u00e9 de votre\u2026","rel":"","context":"Similar post","block_context":{"text":"Similar post","link":""},"img":{"alt_text":"","src":"","width":0,"height":0},"classes":[]},{"id":26526,"url":"https:\/\/sakaba.mghosteur.com\/en\/product\/palmers-dark-spot-corrector\/","url_meta":{"origin":26545,"position":3},"title":"PALMERS DARK SPOT CORRECTOR","author":"admin","date":"November 25, 2022","format":false,"excerpt":"D\u00e9couvrez l'huile pour le visage \u00e0 la noix de coco de la marque Palmer's, sp\u00e9cialement formul\u00e9e pour cibler les taches brunes, les taches de vieillesse et le teint irr\u00e9gulier. Cette huile \u00e9quilibre votre teint et am\u00e9liore l'\u00e9lasticit\u00e9 de votre peau, tout en minimisant l'apparence des ridules et des rides. Elle\u2026","rel":"","context":"Similar post","block_context":{"text":"Similar post","link":""},"img":{"alt_text":"","src":"","width":0,"height":0},"classes":[]},{"id":29752,"url":"https:\/\/sakaba.mghosteur.com\/en\/product\/skin-success-moisturizing-lotion\/","url_meta":{"origin":26545,"position":4},"title":"SKIN SUCCESS MOISTURIZING LOTION","author":"admin","date":"April 19, 2023","format":false,"excerpt":"D\u00e9couvrez la lotion hydratante anti-taches sombres de Palmer's Skin Success. Cette lotion pour le corps est riche en ingr\u00e9dients naturels tels que le beurre de cacao, la vitamine E et le soja pour une peau douce et soyeuse. Elle est absorb\u00e9e rapidement et ne laisse pas d'effet gras, ce qui\u2026","rel":"","context":"Similar post","block_context":{"text":"Similar post","link":""},"img":{"alt_text":"","src":"","width":0,"height":0},"classes":[]},{"id":26530,"url":"https:\/\/sakaba.mghosteur.com\/en\/product\/fade-milk-tone-correcting-body-lotion\/","url_meta":{"origin":26545,"position":5},"title":"FADE MILK TONE CORRECTING BODY LOTION","author":"admin","date":"November 25, 2022","format":false,"excerpt":"D\u00e9couvrez le Lait Anti-taches Palmer's Skin Success pour retrouver un teint lumineux et \u00e9clatant. Ce produit cible efficacement les taches brunes, les taches de vieillesse et le teint irr\u00e9gulier pour une peau parfaitement \u00e9quilibr\u00e9e et unifi\u00e9e. En plus d'am\u00e9liorer la souplesse et l'\u00e9lasticit\u00e9 de la peau, ce lait minimise l'apparence\u2026","rel":"","context":"Similar post","block_context":{"text":"Similar post","link":""},"img":{"alt_text":"","src":"","width":0,"height":0},"classes":[]}],"_links":{"self":[{"href":"https:\/\/sakaba.mghosteur.com\/en\/wp-json\/wp\/v2\/product\/26545","targetHints":{"allow":["GET"]}}],"collection":[{"href":"https:\/\/sakaba.mghosteur.com\/en\/wp-json\/wp\/v2\/product"}],"about":[{"href":"https:\/\/sakaba.mghosteur.com\/en\/wp-json\/wp\/v2\/types\/product"}],"replies":[{"embeddable":true,"href":"https:\/\/sakaba.mghosteur.com\/en\/wp-json\/wp\/v2\/comments?post=26545"}],"version-history":[{"count":0,"href":"https:\/\/sakaba.mghosteur.com\/en\/wp-json\/wp\/v2\/product\/26545\/revisions"}],"wp:attachment":[{"href":"https:\/\/sakaba.mghosteur.com\/en\/wp-json\/wp\/v2\/media?parent=26545"}],"wp:term":[{"taxonomy":"product_brand","embeddable":true,"href":"https:\/\/sakaba.mghosteur.com\/en\/wp-json\/wp\/v2\/product_brand?post=26545"},{"taxonomy":"product_cat","embeddable":true,"href":"https:\/\/sakaba.mghosteur.com\/en\/wp-json\/wp\/v2\/product_cat?post=26545"},{"taxonomy":"product_tag","embeddable":true,"href":"https:\/\/sakaba.mghosteur.com\/en\/wp-json\/wp\/v2\/product_tag?post=26545"}],"curies":[{"name":"wp","href":"https:\/\/api.w.org\/{rel}","templated":true}]}}