{"id":26548,"date":"2022-11-25T12:14:28","date_gmt":"2022-11-25T12:14:28","guid":{"rendered":"http:\/\/www.sakababeauty.com\/?post_type=product&#038;p=26548"},"modified":"2023-04-19T10:16:36","modified_gmt":"2023-04-19T10:16:36","slug":"skin-success-body-lotion-glow","status":"publish","type":"product","link":"https:\/\/sakaba.mghosteur.com\/en\/product\/skin-success-body-lotion-glow\/","title":{"rendered":"SKIN SUCCESS BODY LOTION GLOW"},"content":{"rendered":"<p>La lotion pour les mains et le corps Palmer&#8217;s Skin Success GLOW Water Lily est un produit parfait pour celles et ceux qui recherchent une peau radieuse et \u00e9quilibr\u00e9e. Avec des ingr\u00e9dients naturels tels que le Lys Blanc, le Champignon Songyi, la Vitamine C et la R\u00e9glisse, cette lotion nourrit et hydrate la peau en profondeur pour un \u00e9clat plus lumineux.<\/p>\n<p>Cette lotion est hypoallerg\u00e9nique et test\u00e9e dermatologiquement, ce qui en fait un choix parfait pour les peaux sensibles et sujettes aux allergies. Les ingr\u00e9dients \u00e0 base de plantes sont sp\u00e9cialement con\u00e7us pour unifier le teint et la d\u00e9coloration de la peau, tout en perfectionnant le ton.<\/p>\n<p>Palmer&#8217;s est une entreprise familiale et respecte les normes \u00e9thiques en n&#8217;utilisant que des ingr\u00e9dients d&#8217;origine \u00e9thique. De plus, la marque est contre les tests sur les animaux. Avec Palmer&#8217;s Skin Success GLOW Water Lily Lotion, vous pouvez avoir une peau radieuse et \u00e9quilibr\u00e9e sans compromettre vos valeurs.<\/p>\n<p>&nbsp;<\/p>","protected":false},"excerpt":{"rendered":"<p>La lotion pour les mains et le corps Palmer&#8217;s Skin Success GLOW Water Lily est un produit parfait pour celles et ceux qui recherchent une peau radieuse et \u00e9quilibr\u00e9e. Avec des ingr\u00e9dients naturels tels que le Lys Blanc, le Champignon Songyi, la Vitamine C et la R\u00e9glisse, cette lotion nourrit et hydrate la peau en<span class=\"read-more-faq\"><a href=\"https:\/\/sakaba.mghosteur.com\/en\/product\/skin-success-body-lotion-glow\/\">Read More<\/a><\/span><\/p>","protected":false},"featured_media":0,"comment_status":"closed","ping_status":"closed","template":"","meta":[],"product_brand":[],"product_cat":[447,355],"product_tag":[],"class_list":{"0":"post-26548","1":"product","2":"type-product","3":"status-publish","5":"product_cat-aac-bain-et-corps","6":"product_cat-hydratant-corps","8":"first","9":"instock","10":"shipping-taxable","11":"product-type-simple"},"jetpack-related-posts":[{"id":26545,"url":"https:\/\/sakaba.mghosteur.com\/en\/product\/palmers-skin-success-face-cream-glow\/","url_meta":{"origin":26548,"position":0},"title":"PALMERS SKIN SUCCESS FACE CREAM GLOW","author":"admin","date":"November 25, 2022","format":false,"excerpt":"La cr\u00e8me pour le visage Palmer's Skin Success Glow Water Lily est sp\u00e9cialement formul\u00e9e pour aider \u00e0 \u00e9claircir et \u00e0 \u00e9quilibrer le teint. Avec des ingr\u00e9dients naturels tels que la niacinamide et la vitamine C, cette cr\u00e8me tonifiante pour le visage aide \u00e0 diminuer l'apparence de la matit\u00e9, des taches\u2026","rel":"","context":"Similar post","block_context":{"text":"Similar post","link":""},"img":{"alt_text":"","src":"","width":0,"height":0},"classes":[]},{"id":29752,"url":"https:\/\/sakaba.mghosteur.com\/en\/product\/skin-success-moisturizing-lotion\/","url_meta":{"origin":26548,"position":1},"title":"SKIN SUCCESS MOISTURIZING LOTION","author":"admin","date":"April 19, 2023","format":false,"excerpt":"D\u00e9couvrez la lotion hydratante anti-taches sombres de Palmer's Skin Success. Cette lotion pour le corps est riche en ingr\u00e9dients naturels tels que le beurre de cacao, la vitamine E et le soja pour une peau douce et soyeuse. Elle est absorb\u00e9e rapidement et ne laisse pas d'effet gras, ce qui\u2026","rel":"","context":"Similar post","block_context":{"text":"Similar post","link":""},"img":{"alt_text":"","src":"","width":0,"height":0},"classes":[]},{"id":29755,"url":"https:\/\/sakaba.mghosteur.com\/en\/product\/skin-success-sheet-mask-1-single\/","url_meta":{"origin":26548,"position":2},"title":"SKIN SUCCESS SHEET  MASK 1 SINGLE","author":"admin","date":"April 19, 2023","format":false,"excerpt":"Le Palmer's Skin Success Glow Radiance Sheet Mask est un masque facial infus\u00e9 d'ingr\u00e9dients naturels pour vous offrir une peau lumineuse et \u00e9clatante. Ce masque contient des ingr\u00e9dients perfecteurs de teint qui aident \u00e0 \u00e9quilibrer le teint de votre peau et \u00e0 am\u00e9liorer son apparence. Il est con\u00e7u pour donner\u2026","rel":"","context":"Similar post","block_context":{"text":"Similar post","link":""},"img":{"alt_text":"","src":"","width":0,"height":0},"classes":[]},{"id":29669,"url":"https:\/\/sakaba.mghosteur.com\/en\/product\/palmers-coconut-oil-formula-body-lotion\/","url_meta":{"origin":26548,"position":3},"title":"Palmer&#8217;s Coconut Oil Formula Body lotion","author":"admin","date":"April 13, 2023","format":false,"excerpt":"La lotion pour le corps \u00e0 la noix de coco de la marque Palmer's est le choix parfait pour une peau hydrat\u00e9e et r\u00e9g\u00e9n\u00e9r\u00e9e. Cette lotion est formul\u00e9e avec de l'huile de noix de coco extra vierge biologique certifi\u00e9e \u00e9quitable et de l'extrait de caf\u00e9 vert pour vous offrir une\u2026","rel":"","context":"Similar post","block_context":{"text":"Similar post","link":""},"img":{"alt_text":"","src":"","width":0,"height":0},"classes":[]},{"id":24414,"url":"https:\/\/sakaba.mghosteur.com\/en\/product\/palmers-cocoa-butter-formula-with-vitamin-e-heals-softens\/","url_meta":{"origin":26548,"position":4},"title":"Palmers Cocoa Butter Daily Skin Therapy","author":"admin","date":"November 10, 2022","format":false,"excerpt":"La lotion corporelle Daily Skin Therapy de Palmer's est le produit parfait pour prendre soin de votre peau s\u00e8che et rugueuse. Elle contient du beurre de cacao naturel et de la vitamine E, deux ingr\u00e9dients intens\u00e9ment hydratants qui gu\u00e9rissent et adoucissent votre peau pour lui donner une apparence plus saine.\u2026","rel":"","context":"Similar post","block_context":{"text":"Similar post","link":""},"img":{"alt_text":"","src":"","width":0,"height":0},"classes":[]},{"id":26530,"url":"https:\/\/sakaba.mghosteur.com\/en\/product\/fade-milk-tone-correcting-body-lotion\/","url_meta":{"origin":26548,"position":5},"title":"FADE MILK TONE CORRECTING BODY LOTION","author":"admin","date":"November 25, 2022","format":false,"excerpt":"D\u00e9couvrez le Lait Anti-taches Palmer's Skin Success pour retrouver un teint lumineux et \u00e9clatant. Ce produit cible efficacement les taches brunes, les taches de vieillesse et le teint irr\u00e9gulier pour une peau parfaitement \u00e9quilibr\u00e9e et unifi\u00e9e. En plus d'am\u00e9liorer la souplesse et l'\u00e9lasticit\u00e9 de la peau, ce lait minimise l'apparence\u2026","rel":"","context":"Similar post","block_context":{"text":"Similar post","link":""},"img":{"alt_text":"","src":"","width":0,"height":0},"classes":[]}],"_links":{"self":[{"href":"https:\/\/sakaba.mghosteur.com\/en\/wp-json\/wp\/v2\/product\/26548","targetHints":{"allow":["GET"]}}],"collection":[{"href":"https:\/\/sakaba.mghosteur.com\/en\/wp-json\/wp\/v2\/product"}],"about":[{"href":"https:\/\/sakaba.mghosteur.com\/en\/wp-json\/wp\/v2\/types\/product"}],"replies":[{"embeddable":true,"href":"https:\/\/sakaba.mghosteur.com\/en\/wp-json\/wp\/v2\/comments?post=26548"}],"version-history":[{"count":0,"href":"https:\/\/sakaba.mghosteur.com\/en\/wp-json\/wp\/v2\/product\/26548\/revisions"}],"wp:attachment":[{"href":"https:\/\/sakaba.mghosteur.com\/en\/wp-json\/wp\/v2\/media?parent=26548"}],"wp:term":[{"taxonomy":"product_brand","embeddable":true,"href":"https:\/\/sakaba.mghosteur.com\/en\/wp-json\/wp\/v2\/product_brand?post=26548"},{"taxonomy":"product_cat","embeddable":true,"href":"https:\/\/sakaba.mghosteur.com\/en\/wp-json\/wp\/v2\/product_cat?post=26548"},{"taxonomy":"product_tag","embeddable":true,"href":"https:\/\/sakaba.mghosteur.com\/en\/wp-json\/wp\/v2\/product_tag?post=26548"}],"curies":[{"name":"wp","href":"https:\/\/api.w.org\/{rel}","templated":true}]}}