{"id":26556,"date":"2022-11-25T12:19:35","date_gmt":"2022-11-25T12:19:35","guid":{"rendered":"http:\/\/www.sakababeauty.com\/?post_type=product&#038;p=26556"},"modified":"2024-06-13T17:24:00","modified_gmt":"2024-06-13T17:24:00","slug":"hydroquinone-cream-usp-melalite-forte-cream","status":"publish","type":"product","link":"https:\/\/sakaba.mghosteur.com\/en\/product\/hydroquinone-cream-usp-melalite-forte-cream\/","title":{"rendered":"HYDROQUINONE CREAM USP MELALITE FORTE CREAM"},"content":{"rendered":"","protected":false},"excerpt":{"rendered":"","protected":false},"featured_media":0,"comment_status":"closed","ping_status":"closed","template":"","meta":[],"product_brand":[],"product_cat":[15],"product_tag":[],"class_list":{"0":"post-26556","1":"product","2":"type-product","3":"status-publish","5":"product_cat-uncategorized","7":"first","8":"instock","9":"shipping-taxable","10":"product-type-simple"},"jetpack-related-posts":[{"id":24399,"url":"https:\/\/sakaba.mghosteur.com\/en\/product\/palmers-cocoa-butter-eventone-fade-cream\/","url_meta":{"origin":26556,"position":0},"title":"PALMERS COCOA BUTTER EVENTONE FADE CREAM","author":"admin","date":"November 10, 2022","format":false,"excerpt":"D\u00e9couvrez la Cr\u00e8me fondue Eventone de Palmer's, un hydratant quotidien pour tous les types de peau qui cible les taches brunes, les taches de vieillesse et le teint irr\u00e9gulier pour une peau plus lumineuse et plus \u00e9clatante. En seulement 2 \u00e0 6 semaines, vous remarquerez une am\u00e9lioration visible de la\u2026","rel":"","context":"Similar post","block_context":{"text":"Similar post","link":""},"img":{"alt_text":"","src":"","width":0,"height":0},"classes":[]},{"id":29743,"url":"https:\/\/sakaba.mghosteur.com\/en\/product\/skin-success-fade-cream-anti-dark-spot\/","url_meta":{"origin":26556,"position":1},"title":"SKIN SUCCESS  FADE CREAM ANTI DARK SPOT","author":"admin","date":"April 18, 2023","format":false,"excerpt":"D\u00e9couvrez la cr\u00e8me anti-taches Palmer's pour une peau \u00e9clatante et sans taches ! Formul\u00e9e pour tous les types de peau, cette cr\u00e8me cible les taches brunes, les taches de vieillesse et \u00e9quilibre le teint irr\u00e9gulier et la d\u00e9coloration. Elle aide \u00e9galement \u00e0 am\u00e9liorer la souplesse et l'\u00e9lasticit\u00e9 de la peau,\u2026","rel":"","context":"Similar post","block_context":{"text":"Similar post","link":""},"img":{"alt_text":"","src":"","width":0,"height":0},"classes":[]},{"id":28078,"url":"https:\/\/sakaba.mghosteur.com\/en\/product\/naturium-niacinamide-gel-cream-5\/","url_meta":{"origin":26556,"position":2},"title":"NATURIUM NIACINAMIDE GEL CREAM 5%","author":"admin","date":"November 29, 2022","format":false,"excerpt":"Le gel-cr\u00e8me Niacinamide 5% de la marque Naturium est un produit rafra\u00eechissant con\u00e7u pour am\u00e9liorer l'apparence de votre peau. Sa formule puissante contient une forte concentration de niacinamide, un ingr\u00e9dient qui aide \u00e0 \u00e9quilibrer l'hydratation de votre peau et \u00e0 r\u00e9duire l'apparence des pores. Cette cr\u00e8me-gel est id\u00e9ale pour obtenir\u2026","rel":"","context":"Similar post","block_context":{"text":"Similar post","link":""},"img":{"alt_text":"","src":"","width":0,"height":0},"classes":[]},{"id":26481,"url":"https:\/\/sakaba.mghosteur.com\/en\/product\/palmers-skin-success-fade-cream\/","url_meta":{"origin":26556,"position":3},"title":"PALMERS SKIN SUCCESS FADE CREAM","author":"admin","date":"November 25, 2022","format":false,"excerpt":"D\u00e9couvrez la cr\u00e8me anti-taches fonc\u00e9es de la marque Palmer's, sp\u00e9cialement formul\u00e9e pour tous les types de peau chevelu. Cette cr\u00e8me cible efficacement les taches brunes, les taches de vieillesse et le teint irr\u00e9gulier, tout en \u00e9quilibrant la d\u00e9coloration de la peau. En plus d'am\u00e9liorer la souplesse et l'\u00e9lasticit\u00e9 de votre\u2026","rel":"","context":"Similar post","block_context":{"text":"Similar post","link":""},"img":{"alt_text":"","src":"","width":0,"height":0},"classes":[]},{"id":26483,"url":"https:\/\/sakaba.mghosteur.com\/en\/product\/palmers-skin-success-fade-cream-night\/","url_meta":{"origin":26556,"position":4},"title":"PALMERS SKIN SUCCESS FADE CREAM NIGHT","author":"admin","date":"November 25, 2022","format":false,"excerpt":"La Cr\u00e8me de Nuit Anti-Taches de la marque Palmer's est sp\u00e9cialement formul\u00e9e pour cibler les taches brunes, les taches de vieillesse et le teint irr\u00e9gulier. Elle aide \u00e0 \u00e9quilibrer le teint et \u00e0 r\u00e9duire les d\u00e9colorations, tout en am\u00e9liorant la souplesse et l'\u00e9lasticit\u00e9 de la peau. Elle r\u00e9duit \u00e9galement l'apparence\u2026","rel":"","context":"Similar post","block_context":{"text":"Similar post","link":""},"img":{"alt_text":"","src":"","width":0,"height":0},"classes":[]},{"id":26963,"url":"https:\/\/sakaba.mghosteur.com\/en\/product\/facetheory-ocuwake-eye-cream\/","url_meta":{"origin":26556,"position":5},"title":"FACETHEORY Ocuwake Eye Cream EYE1","author":"admin","date":"November 28, 2022","format":false,"excerpt":"Produit : FACETHEORY Ocuwake Eye Cream EYE1 La cr\u00e8me pour les yeux FACETHEORY Ocuwake Eye Cream EYE1 est un m\u00e9lange d'actifs de pointe, con\u00e7u pour r\u00e9duire les cernes et les poches sous les yeux. La formule contient un m\u00e9lange de vitamine C, acide f\u00e9rulique, r\u00e9glisse et camomille, ainsi que la\u2026","rel":"","context":"Similar post","block_context":{"text":"Similar post","link":""},"img":{"alt_text":"","src":"","width":0,"height":0},"classes":[]}],"_links":{"self":[{"href":"https:\/\/sakaba.mghosteur.com\/en\/wp-json\/wp\/v2\/product\/26556","targetHints":{"allow":["GET"]}}],"collection":[{"href":"https:\/\/sakaba.mghosteur.com\/en\/wp-json\/wp\/v2\/product"}],"about":[{"href":"https:\/\/sakaba.mghosteur.com\/en\/wp-json\/wp\/v2\/types\/product"}],"replies":[{"embeddable":true,"href":"https:\/\/sakaba.mghosteur.com\/en\/wp-json\/wp\/v2\/comments?post=26556"}],"version-history":[{"count":0,"href":"https:\/\/sakaba.mghosteur.com\/en\/wp-json\/wp\/v2\/product\/26556\/revisions"}],"wp:attachment":[{"href":"https:\/\/sakaba.mghosteur.com\/en\/wp-json\/wp\/v2\/media?parent=26556"}],"wp:term":[{"taxonomy":"product_brand","embeddable":true,"href":"https:\/\/sakaba.mghosteur.com\/en\/wp-json\/wp\/v2\/product_brand?post=26556"},{"taxonomy":"product_cat","embeddable":true,"href":"https:\/\/sakaba.mghosteur.com\/en\/wp-json\/wp\/v2\/product_cat?post=26556"},{"taxonomy":"product_tag","embeddable":true,"href":"https:\/\/sakaba.mghosteur.com\/en\/wp-json\/wp\/v2\/product_tag?post=26556"}],"curies":[{"name":"wp","href":"https:\/\/api.w.org\/{rel}","templated":true}]}}