{"id":26562,"date":"2022-11-25T12:24:57","date_gmt":"2022-11-25T12:24:57","guid":{"rendered":"http:\/\/www.sakababeauty.com\/?post_type=product&#038;p=26562"},"modified":"2024-08-29T02:47:57","modified_gmt":"2024-08-29T02:47:57","slug":"pixi-coffret-best-of-bright","status":"publish","type":"product","link":"https:\/\/sakaba.mghosteur.com\/en\/product\/pixi-coffret-best-of-bright\/","title":{"rendered":"PIXI COFFRET  BEST OF BRIGHT"},"content":{"rendered":"<p>Obtenez un teint \u00e9clatant de sant\u00e9 avec le kit Best of Bright de PIXI. Il combine un nettoyant luxueux, un tonique exfoliant et un masque \u00e0 la boue inspir\u00e9 du visage. Le trio agit ensemble pour restaurer un teint doux et lisse au toucher avec une clart\u00e9 accrue. Le kit contient : Pixi Glow Mud Cleanser (13 ml) Un nettoyant doux mais puissant qui utilise 5 % d&#8217;acide glycolique pour r\u00e9v\u00e9ler un teint radieux et d&#8217;apparence saine<\/p>","protected":false},"excerpt":{"rendered":"<p>Obtenez un teint \u00e9clatant de sant\u00e9 avec le kit Best of Bright de PIXI. Il combine un nettoyant luxueux, un tonique exfoliant et un masque \u00e0 la boue inspir\u00e9 du visage. Le trio agit ensemble pour restaurer un teint doux et lisse au toucher avec une clart\u00e9 accrue. Le kit contient : Pixi Glow Mud<span class=\"read-more-faq\"><a href=\"https:\/\/sakaba.mghosteur.com\/en\/product\/pixi-coffret-best-of-bright\/\">Read More<\/a><\/span><\/p>","protected":false},"featured_media":0,"comment_status":"closed","ping_status":"closed","template":"","meta":[],"product_brand":[],"product_cat":[1057,451],"product_tag":[],"class_list":{"0":"post-26562","1":"product","2":"type-product","3":"status-publish","5":"product_cat-coffret-soins-visage","6":"product_cat-aab-soin-du-visage","8":"first","9":"instock","10":"shipping-taxable","11":"product-type-simple"},"jetpack-related-posts":[{"id":32933,"url":"https:\/\/sakaba.mghosteur.com\/en\/product\/pixi-glow-mud-cleanser\/","url_meta":{"origin":26562,"position":0},"title":"PIXI GLOW MUD CLEANSER","author":"admin","date":"May 16, 2024","format":false,"excerpt":"Le nettoyant Pixi Glow Mud est une boue nettoyante en profondeur qui exfolie en douceur tout en purifiant pour une peau radieuse. Il est enrichi de 5 % d'acide glycolique et d'extraits botaniques apaisants et est formul\u00e9 pour fournir un nettoyage efficace, tout en \u00e9tant suffisamment doux pour toutes les\u2026","rel":"","context":"Similar post","block_context":{"text":"Similar post","link":""},"img":{"alt_text":"","src":"","width":0,"height":0},"classes":[]},{"id":32930,"url":"https:\/\/sakaba.mghosteur.com\/en\/product\/pixi-botanical-collagen-tonic-100ml\/","url_meta":{"origin":26562,"position":1},"title":"PIXI BOTANICAL COLLAGEN TONIC 100ML","author":"admin","date":"May 16, 2024","format":false,"excerpt":"Pixi Botanical Collagen Tonic est un tonique volumateur qui aide \u00e0 lisser les ridules et \u00e0 am\u00e9liorer la texture in\u00e9gale de la peau. Il est formul\u00e9 avec du collag\u00e8ne d'acacia et des peptides pour aider \u00e0 promouvoir un teint d'apparence jeune. Il est sans alcool, sans cruaut\u00e9 et convient \u00e0\u2026","rel":"","context":"Similar post","block_context":{"text":"Similar post","link":""},"img":{"alt_text":"","src":"","width":0,"height":0},"classes":[]},{"id":32939,"url":"https:\/\/sakaba.mghosteur.com\/en\/product\/pixi-skintreats-collagen-tonic-250ml\/","url_meta":{"origin":26562,"position":2},"title":"PIXI SKIN TREATS COLLAGEN TONIC 250ML","author":"admin","date":"May 16, 2024","format":false,"excerpt":"Pixi Botanical Collagen Tonic est un tonique volumateur qui aide \u00e0 lisser les ridules et \u00e0 am\u00e9liorer la texture in\u00e9gale de la peau. Il est formul\u00e9 avec du collag\u00e8ne d'acacia et des peptides pour aider \u00e0 promouvoir un teint d'apparence jeune. Il est sans alcool, sans cruaut\u00e9 et convient \u00e0\u2026","rel":"","context":"Similar post","block_context":{"text":"Similar post","link":""},"img":{"alt_text":"","src":"","width":0,"height":0},"classes":[]},{"id":32942,"url":"https:\/\/sakaba.mghosteur.com\/en\/product\/pixi-skintreats-rose-tonic-250ml\/","url_meta":{"origin":26562,"position":3},"title":"PIXI SKIN TREATS ROSE TONIC 250ML","author":"admin","date":"May 16, 2024","format":false,"excerpt":"Le tonique nourrissant Pixi Rose Tonic \u00e0 la rose est un tonique doux pour le visage, naturellement apaisant et riche en nutriments. Il tonifie, \u00e9quilibre le pH, apaise la peau et minimise les rougeurs. Il est sans alcool, sans parab\u00e8ne et n'a pas \u00e9t\u00e9 test\u00e9 sur les animaux. Il convient\u2026","rel":"","context":"Similar post","block_context":{"text":"Similar post","link":""},"img":{"alt_text":"","src":"","width":0,"height":0},"classes":[]},{"id":26559,"url":"https:\/\/sakaba.mghosteur.com\/en\/product\/pixi-rose-tonic-rose-elderflower-nourishing-tone\/","url_meta":{"origin":26562,"position":4},"title":"PIXI ROSE TONIC ROSE &amp; ELDERFLOWER NOURISHING TONER","author":"admin","date":"November 25, 2022","format":false,"excerpt":"Le tonique nourrissant Pixi Rose Tonic \u00e0 la rose et \u00e0 la fleur de sureau est un tonique doux pour le visage, naturellement apaisant et riche en nutriments. Il tonifie, \u00e9quilibre le pH, apaise la peau et minimise les rougeurs. Il est sans alcool, sans parab\u00e8ne et n'a pas \u00e9t\u00e9\u2026","rel":"","context":"Similar post","block_context":{"text":"Similar post","link":""},"img":{"alt_text":"","src":"","width":0,"height":0},"classes":[]},{"id":26568,"url":"https:\/\/sakaba.mghosteur.com\/en\/product\/pixi-overnight-glow-serum\/","url_meta":{"origin":26562,"position":5},"title":"PIXI OVERNIGHT GLOW SERUM","author":"admin","date":"November 25, 2022","format":false,"excerpt":"R\u00e9veillez-vous avec un teint plus lumineux gr\u00e2ce au s\u00e9rum Overnight Glow de PIXI. Le gel exfoliant concentr\u00e9 agit pour cr\u00e9er un teint plus uniforme et plus radieux pendant votre sommeil. Formul\u00e9 avec 10 % d'acide glycolique et d'arginine, il aide \u00e0 r\u00e9duire l'apparence des ridules et des rides et att\u00e9nue\u2026","rel":"","context":"Similar post","block_context":{"text":"Similar post","link":""},"img":{"alt_text":"","src":"","width":0,"height":0},"classes":[]}],"_links":{"self":[{"href":"https:\/\/sakaba.mghosteur.com\/en\/wp-json\/wp\/v2\/product\/26562","targetHints":{"allow":["GET"]}}],"collection":[{"href":"https:\/\/sakaba.mghosteur.com\/en\/wp-json\/wp\/v2\/product"}],"about":[{"href":"https:\/\/sakaba.mghosteur.com\/en\/wp-json\/wp\/v2\/types\/product"}],"replies":[{"embeddable":true,"href":"https:\/\/sakaba.mghosteur.com\/en\/wp-json\/wp\/v2\/comments?post=26562"}],"version-history":[{"count":0,"href":"https:\/\/sakaba.mghosteur.com\/en\/wp-json\/wp\/v2\/product\/26562\/revisions"}],"wp:attachment":[{"href":"https:\/\/sakaba.mghosteur.com\/en\/wp-json\/wp\/v2\/media?parent=26562"}],"wp:term":[{"taxonomy":"product_brand","embeddable":true,"href":"https:\/\/sakaba.mghosteur.com\/en\/wp-json\/wp\/v2\/product_brand?post=26562"},{"taxonomy":"product_cat","embeddable":true,"href":"https:\/\/sakaba.mghosteur.com\/en\/wp-json\/wp\/v2\/product_cat?post=26562"},{"taxonomy":"product_tag","embeddable":true,"href":"https:\/\/sakaba.mghosteur.com\/en\/wp-json\/wp\/v2\/product_tag?post=26562"}],"curies":[{"name":"wp","href":"https:\/\/api.w.org\/{rel}","templated":true}]}}