{"id":26568,"date":"2022-11-25T12:31:43","date_gmt":"2022-11-25T12:31:43","guid":{"rendered":"http:\/\/www.sakababeauty.com\/?post_type=product&#038;p=26568"},"modified":"2024-08-29T02:52:41","modified_gmt":"2024-08-29T02:52:41","slug":"pixi-overnight-glow-serum","status":"publish","type":"product","link":"https:\/\/sakaba.mghosteur.com\/en\/product\/pixi-overnight-glow-serum\/","title":{"rendered":"PIXI OVERNIGHT GLOW SERUM"},"content":{"rendered":"<p>R\u00e9veillez-vous avec un teint plus lumineux gr\u00e2ce au s\u00e9rum Overnight Glow de PIXI. Le gel exfoliant concentr\u00e9 agit pour cr\u00e9er un teint plus uniforme et plus radieux pendant votre sommeil. Formul\u00e9 avec 10 % d&#8217;acide glycolique et d&#8217;arginine, il aide \u00e0 r\u00e9duire l&#8217;apparence des ridules et des rides et att\u00e9nue les taches solaires au fil du temps. Pendant ce temps, les extraits de concombre et d&#8217;aloe vera apaisent la peau et les vitamines A, C et E la nourrissent.<\/p>","protected":false},"excerpt":{"rendered":"<p>R\u00e9veillez-vous avec un teint plus lumineux gr\u00e2ce au s\u00e9rum Overnight Glow de PIXI. Le gel exfoliant concentr\u00e9 agit pour cr\u00e9er un teint plus uniforme et plus radieux pendant votre sommeil. Formul\u00e9 avec 10 % d&#8217;acide glycolique et d&#8217;arginine, il aide \u00e0 r\u00e9duire l&#8217;apparence des ridules et des rides et att\u00e9nue les taches solaires au fil<span class=\"read-more-faq\"><a href=\"https:\/\/sakaba.mghosteur.com\/en\/product\/pixi-overnight-glow-serum\/\">Read More<\/a><\/span><\/p>","protected":false},"featured_media":0,"comment_status":"closed","ping_status":"closed","template":"","meta":[],"product_brand":[],"product_cat":[293,451,334],"product_tag":[],"class_list":{"0":"post-26568","1":"product","2":"type-product","3":"status-publish","5":"product_cat-anti-taches","6":"product_cat-aab-soin-du-visage","7":"product_cat-traitement-serum","9":"first","10":"instock","11":"shipping-taxable","12":"product-type-simple"},"jetpack-related-posts":[{"id":26562,"url":"https:\/\/sakaba.mghosteur.com\/en\/product\/pixi-coffret-best-of-bright\/","url_meta":{"origin":26568,"position":0},"title":"PIXI COFFRET  BEST OF BRIGHT","author":"admin","date":"November 25, 2022","format":false,"excerpt":"Obtenez un teint \u00e9clatant de sant\u00e9 avec le kit Best of Bright de PIXI. Il combine un nettoyant luxueux, un tonique exfoliant et un masque \u00e0 la boue inspir\u00e9 du visage. Le trio agit ensemble pour restaurer un teint doux et lisse au toucher avec une clart\u00e9 accrue. Le kit\u2026","rel":"","context":"Similar post","block_context":{"text":"Similar post","link":""},"img":{"alt_text":"","src":"","width":0,"height":0},"classes":[]},{"id":27385,"url":"https:\/\/sakaba.mghosteur.com\/en\/product\/ren-clean-skincare-overnight-glow-dark-spot\/","url_meta":{"origin":26568,"position":1},"title":"REN CLEAN SKINCARE OVERNIGHT GLOW DARK SPOT","author":"admin","date":"November 29, 2022","format":false,"excerpt":"La cr\u00e8me de nuit anti-taches Overnight Glow de Ren est une cr\u00e8me anti-imperfections pour tous les types de peau. R\u00e9veillez-vous avec une peau visiblement plus rebondie le matin, sans taches brunes dans l'obscurit\u00e9. Cliniquement prouv\u00e9e pour r\u00e9duire la taille des taches brunes apr\u00e8s 7 jours*, la formule v\u00e9g\u00e9talienne de la\u2026","rel":"","context":"Similar post","block_context":{"text":"Similar post","link":""},"img":{"alt_text":"","src":"","width":0,"height":0},"classes":[]},{"id":31547,"url":"https:\/\/sakaba.mghosteur.com\/en\/product\/vaseline-glutha-hya-serum-burst-lotion-overnight-radiance-repair\/","url_meta":{"origin":26568,"position":2},"title":"VASELINE GLUTHA HYA SERUM BURST LOTION OVERNIGHT RADIANCE REPAIR","author":"admin","date":"May 10, 2024","format":false,"excerpt":"D\u00e9couvrez le Lotion Eclat Nuit R\u00e9paratrice Vaseline\u00ae Gluta-Hya Serum Burst, une solution aussi puissante que 10 masques en feuille, mais avec une texture l\u00e9g\u00e8re qui \u00e9clate en gouttelettes d'eau pour une absorption en profondeur par votre peau. Ressentez la diff\u00e9rence avec une peau plus \u00e9clatante et repulp\u00e9e. Avantages : Formul\u00e9\u2026","rel":"","context":"Similar post","block_context":{"text":"Similar post","link":""},"img":{"alt_text":"","src":"","width":0,"height":0},"classes":[]},{"id":32936,"url":"https:\/\/sakaba.mghosteur.com\/en\/product\/pixi-glow-tonic-5-glycolic-acid-exfoliating-100ml\/","url_meta":{"origin":26568,"position":3},"title":"PIXI GLOW TONIC 5% GLYCOLIC ACID EXFOLIATING 100ML","author":"admin","date":"May 16, 2024","format":false,"excerpt":"Le tonique exfoliant \u00e0 l'acide glycolique 5 % de Pixi Glow Tonic est un tonique pour le visage qui utilise 5 % d'acide glycolique pour exfolier, \u00e9claircir et lisser la peau. Il contient \u00e9galement de l'aloe vera, du ginseng et des extraits botaniques pour nourrir et traiter la peau. Le\u2026","rel":"","context":"Similar post","block_context":{"text":"Similar post","link":""},"img":{"alt_text":"","src":"","width":0,"height":0},"classes":[]},{"id":30456,"url":"https:\/\/sakaba.mghosteur.com\/en\/product\/golg-bond-retinol-overnight-body-face\/","url_meta":{"origin":26568,"position":4},"title":"GOLG BOND RETINOL OVERNIGHT BODY &#038; FACE","author":"admin","date":"May 11, 2023","format":false,"excerpt":"D\u00e9couvrez la lotion de nuit pour le corps et le visage au r\u00e9tinol Gold Bond Age Renew, qui r\u00e9v\u00e8le une peau plus lisse et d'apparence plus jeune pendant la nuit. Cette lotion riche et nourrissante est dot\u00e9e d'un puissant complexe de r\u00e9tinol et de peptides qui exfolie pour soutenir le\u2026","rel":"","context":"Similar post","block_context":{"text":"Similar post","link":""},"img":{"alt_text":"","src":"","width":0,"height":0},"classes":[]},{"id":32933,"url":"https:\/\/sakaba.mghosteur.com\/en\/product\/pixi-glow-mud-cleanser\/","url_meta":{"origin":26568,"position":5},"title":"PIXI GLOW MUD CLEANSER","author":"admin","date":"May 16, 2024","format":false,"excerpt":"Le nettoyant Pixi Glow Mud est une boue nettoyante en profondeur qui exfolie en douceur tout en purifiant pour une peau radieuse. Il est enrichi de 5 % d'acide glycolique et d'extraits botaniques apaisants et est formul\u00e9 pour fournir un nettoyage efficace, tout en \u00e9tant suffisamment doux pour toutes les\u2026","rel":"","context":"Similar post","block_context":{"text":"Similar post","link":""},"img":{"alt_text":"","src":"","width":0,"height":0},"classes":[]}],"_links":{"self":[{"href":"https:\/\/sakaba.mghosteur.com\/en\/wp-json\/wp\/v2\/product\/26568","targetHints":{"allow":["GET"]}}],"collection":[{"href":"https:\/\/sakaba.mghosteur.com\/en\/wp-json\/wp\/v2\/product"}],"about":[{"href":"https:\/\/sakaba.mghosteur.com\/en\/wp-json\/wp\/v2\/types\/product"}],"replies":[{"embeddable":true,"href":"https:\/\/sakaba.mghosteur.com\/en\/wp-json\/wp\/v2\/comments?post=26568"}],"version-history":[{"count":0,"href":"https:\/\/sakaba.mghosteur.com\/en\/wp-json\/wp\/v2\/product\/26568\/revisions"}],"wp:attachment":[{"href":"https:\/\/sakaba.mghosteur.com\/en\/wp-json\/wp\/v2\/media?parent=26568"}],"wp:term":[{"taxonomy":"product_brand","embeddable":true,"href":"https:\/\/sakaba.mghosteur.com\/en\/wp-json\/wp\/v2\/product_brand?post=26568"},{"taxonomy":"product_cat","embeddable":true,"href":"https:\/\/sakaba.mghosteur.com\/en\/wp-json\/wp\/v2\/product_cat?post=26568"},{"taxonomy":"product_tag","embeddable":true,"href":"https:\/\/sakaba.mghosteur.com\/en\/wp-json\/wp\/v2\/product_tag?post=26568"}],"curies":[{"name":"wp","href":"https:\/\/api.w.org\/{rel}","templated":true}]}}