{"id":26571,"date":"2022-11-25T12:33:41","date_gmt":"2022-11-25T12:33:41","guid":{"rendered":"http:\/\/www.sakababeauty.com\/?post_type=product&#038;p=26571"},"modified":"2022-11-25T12:33:42","modified_gmt":"2022-11-25T12:33:42","slug":"perrigo-benzoyl-peroxide-5","status":"publish","type":"product","link":"https:\/\/sakaba.mghosteur.com\/en\/product\/perrigo-benzoyl-peroxide-5\/","title":{"rendered":"PERRIGO BENZOYL PEROXIDE 5%"},"content":{"rendered":"","protected":false},"excerpt":{"rendered":"","protected":false},"featured_media":0,"comment_status":"closed","ping_status":"closed","template":"","meta":[],"product_brand":[],"product_cat":[15],"product_tag":[],"class_list":{"0":"post-26571","1":"product","2":"type-product","3":"status-publish","5":"product_cat-uncategorized","7":"first","8":"instock","9":"shipping-taxable","10":"product-type-simple"},"jetpack-related-posts":[{"id":26138,"url":"https:\/\/sakaba.mghosteur.com\/en\/product\/perrigo-benzoyl-peroxide-5-acne-medication-wash\/","url_meta":{"origin":26571,"position":0},"title":"PERRIGO BENZOYL PEROXIDE 5% ACNE MEDICATION WASH","author":"admin","date":"November 24, 2022","format":false,"excerpt":"","rel":"","context":"Similar post","block_context":{"text":"Similar post","link":""},"img":{"alt_text":"","src":"","width":0,"height":0},"classes":[]},{"id":26565,"url":"https:\/\/sakaba.mghosteur.com\/en\/product\/perrigo-benzoyl-peroxide-5-acne-medication-wash-2\/","url_meta":{"origin":26571,"position":1},"title":"PERRIGO BENZOYL PEROXIDE 5% ACNE MEDICATION WASH","author":"admin","date":"November 25, 2022","format":false,"excerpt":"","rel":"","context":"Similar post","block_context":{"text":"Similar post","link":""},"img":{"alt_text":"","src":"","width":0,"height":0},"classes":[]},{"id":26550,"url":"https:\/\/sakaba.mghosteur.com\/en\/product\/acne-org-treatment-benzoyl-peroxide-2-5\/","url_meta":{"origin":26571,"position":2},"title":"ACNE . ORG TREATMENT BENZOYL PEROXIDE 2.5%","author":"admin","date":"November 25, 2022","format":false,"excerpt":"","rel":"","context":"Similar post","block_context":{"text":"Similar post","link":""},"img":{"alt_text":"","src":"","width":0,"height":0},"classes":[]},{"id":29149,"url":"https:\/\/sakaba.mghosteur.com\/en\/product\/the-inkey-list-5-benzoyl-peroxide-cleanser\/","url_meta":{"origin":26571,"position":3},"title":"THE INKEY LIST 5% BENZOYL PEROXIDE CLEANSER","author":"admin","date":"March 15, 2023","format":false,"excerpt":"Dites adieu \u00e0 l'acn\u00e9 r\u00e9guli\u00e8re ou persistante gr\u00e2ce \u00e0 la solution contre l'acn\u00e9 de The Inkey List. Cette formule unique, cr\u00e9\u00e9e en partenariat avec des dermatologues, contient 5% de peroxyde de benzoyle pour aider \u00e0 \u00e9liminer les boutons irrit\u00e9s et les points blancs disgracieux. La solution contre l'acn\u00e9 de The\u2026","rel":"","context":"Similar post","block_context":{"text":"Similar post","link":""},"img":{"alt_text":"","src":"","width":0,"height":0},"classes":[]},{"id":26353,"url":"https:\/\/sakaba.mghosteur.com\/en\/product\/paula-choice-daily-skin-clearing-treatment\/","url_meta":{"origin":26571,"position":4},"title":"PAULA CHOICE Extra Strength Daily Skin Clearing Treatment with 5% Benzoyl Peroxide","author":"admin","date":"November 25, 2022","format":false,"excerpt":"Ce traitement quotidien pour le nettoyage de la peau est extra-puissant gr\u00e2ce \u00e0 sa formule contenant 5% de peroxyde de benzoyle. Il est sp\u00e9cialement con\u00e7u pour combattre l'acn\u00e9 tenace, pr\u00e9venir les \u00e9ruptions futures et r\u00e9duire les marques rouges. Contrairement \u00e0 d'autres produits similaires, celui-ci ne contient pas d'ingr\u00e9dients agressifs qui\u2026","rel":"","context":"Similar post","block_context":{"text":"Similar post","link":""},"img":{"alt_text":"","src":"","width":0,"height":0},"classes":[]},{"id":24730,"url":"https:\/\/sakaba.mghosteur.com\/en\/product\/differin-cleanser-dailydeep\/","url_meta":{"origin":26571,"position":5},"title":"DIFFERIN CLEANSER DAILY DEEP","author":"admin","date":"November 10, 2022","format":false,"excerpt":"Le nettoyant quotidien en profondeur offre la puissance du peroxyde de benzoyle, mais avec moins d'irritation et de rougeurs. Contient 5 % de peroxyde de benzoyle qui p\u00e9n\u00e8tre profond\u00e9ment dans les pores pour traiter et pr\u00e9venir l'acn\u00e9 Formule micronis\u00e9e \u00e0 double action qui s'est av\u00e9r\u00e9e moins irritante que les formules\u2026","rel":"","context":"Similar post","block_context":{"text":"Similar post","link":""},"img":{"alt_text":"","src":"","width":0,"height":0},"classes":[]}],"_links":{"self":[{"href":"https:\/\/sakaba.mghosteur.com\/en\/wp-json\/wp\/v2\/product\/26571","targetHints":{"allow":["GET"]}}],"collection":[{"href":"https:\/\/sakaba.mghosteur.com\/en\/wp-json\/wp\/v2\/product"}],"about":[{"href":"https:\/\/sakaba.mghosteur.com\/en\/wp-json\/wp\/v2\/types\/product"}],"replies":[{"embeddable":true,"href":"https:\/\/sakaba.mghosteur.com\/en\/wp-json\/wp\/v2\/comments?post=26571"}],"version-history":[{"count":0,"href":"https:\/\/sakaba.mghosteur.com\/en\/wp-json\/wp\/v2\/product\/26571\/revisions"}],"wp:attachment":[{"href":"https:\/\/sakaba.mghosteur.com\/en\/wp-json\/wp\/v2\/media?parent=26571"}],"wp:term":[{"taxonomy":"product_brand","embeddable":true,"href":"https:\/\/sakaba.mghosteur.com\/en\/wp-json\/wp\/v2\/product_brand?post=26571"},{"taxonomy":"product_cat","embeddable":true,"href":"https:\/\/sakaba.mghosteur.com\/en\/wp-json\/wp\/v2\/product_cat?post=26571"},{"taxonomy":"product_tag","embeddable":true,"href":"https:\/\/sakaba.mghosteur.com\/en\/wp-json\/wp\/v2\/product_tag?post=26571"}],"curies":[{"name":"wp","href":"https:\/\/api.w.org\/{rel}","templated":true}]}}