{"id":26578,"date":"2022-11-25T12:41:57","date_gmt":"2022-11-25T12:41:57","guid":{"rendered":"http:\/\/www.sakababeauty.com\/?post_type=product&#038;p=26578"},"modified":"2024-05-18T16:48:39","modified_gmt":"2024-05-18T16:48:39","slug":"tretinoin-gel-usp-0-05-w-w","status":"publish","type":"product","link":"https:\/\/sakaba.mghosteur.com\/en\/product\/tretinoin-gel-usp-0-05-w-w\/","title":{"rendered":"TRETINOIN GEL USP 0.05% W\/W"},"content":{"rendered":"","protected":false},"excerpt":{"rendered":"","protected":false},"featured_media":0,"comment_status":"closed","ping_status":"closed","template":"","meta":[],"product_brand":[],"product_cat":[377],"product_tag":[],"class_list":{"0":"post-26578","1":"product","2":"type-product","3":"status-publish","5":"product_cat-bath-body-works","7":"first","8":"instock","9":"shipping-taxable","10":"product-type-simple"},"jetpack-related-posts":[{"id":34448,"url":"https:\/\/sakaba.mghosteur.com\/en\/product\/tretinoin-gel-usp-as-microsphere-0-04-w-w-trunex-15g\/","url_meta":{"origin":26578,"position":0},"title":"TRETINOIN GEL USP AS MICROSPHERE 0.04% W W TRUNEX 15G","author":"admin","date":"May 28, 2024","format":false,"excerpt":"Le gel aqueux Trunex MS est une forme de vitamine A utilis\u00e9e pour traiter l'acn\u00e9 qui appara\u00eet sous forme de taches ou de boutons sur le visage, la poitrine ou le dos. Il aide \u00e9galement \u00e0 lisser la peau rugueuse du visage et \u00e0 r\u00e9duire les ridules de la peau.","rel":"","context":"Similar post","block_context":{"text":"Similar post","link":""},"img":{"alt_text":"","src":"","width":0,"height":0},"classes":[]},{"id":34444,"url":"https:\/\/sakaba.mghosteur.com\/en\/product\/tretinoin-gel-usp-0-1-w-w\/","url_meta":{"origin":26578,"position":1},"title":"TRETINOIN GEL USP 0.1% W\/W","author":"admin","date":"May 28, 2024","format":false,"excerpt":"Traitement de l'acn\u00e9 Le gel A-Ret 0,1 % est une forme de vitamine A. Il aide \u00e0 traiter l'acn\u00e9 en nettoyant les pores de la peau et en emp\u00eachant l'apparition de taches ou de boutons. Il faut g\u00e9n\u00e9ralement plusieurs semaines pour obtenir un effet notable, alors continuez \u00e0 l'utiliser m\u00eame\u2026","rel":"","context":"Similar post","block_context":{"text":"Similar post","link":""},"img":{"alt_text":"","src":"","width":0,"height":0},"classes":[]},{"id":26581,"url":"https:\/\/sakaba.mghosteur.com\/en\/product\/adapalene-gel-0-1-w-w-aqueous-gel\/","url_meta":{"origin":26578,"position":2},"title":"ADAPALENE GEL 0.1% W\/W AQUEOUS GEL","author":"admin","date":"November 25, 2022","format":false,"excerpt":"","rel":"","context":"Similar post","block_context":{"text":"Similar post","link":""},"img":{"alt_text":"","src":"","width":0,"height":0},"classes":[]},{"id":26190,"url":"https:\/\/sakaba.mghosteur.com\/en\/product\/fw-gel-de-douche-exfoliant-extra\/","url_meta":{"origin":26578,"position":3},"title":"F&#038;W GEL DE DOUCHE EXFOLIANT EXTRA","author":"admin","date":"November 24, 2022","format":false,"excerpt":"","rel":"","context":"Similar post","block_context":{"text":"Similar post","link":""},"img":{"alt_text":"","src":"","width":0,"height":0},"classes":[]},{"id":34441,"url":"https:\/\/sakaba.mghosteur.com\/en\/product\/tretinoin-and-clindamycin-gel-retino-ac-gel\/","url_meta":{"origin":26578,"position":4},"title":"TRETINOIN AND CLINDAMYCIN GEL RETINO AC GEL","author":"admin","date":"May 28, 2024","format":false,"excerpt":"Le gel Retino AC est une combinaison de deux m\u00e9dicaments, utilis\u00e9s pour traiter l'acn\u00e9, qui appara\u00eet sous forme de taches ou de boutons sur le visage, la poitrine ou le dos. Ce m\u00e9dicament agit en attaquant les germes qui les provoquent et rajeunit la peau endommag\u00e9e par le soleil.","rel":"","context":"Similar post","block_context":{"text":"Similar post","link":""},"img":{"alt_text":"","src":"","width":0,"height":0},"classes":[]},{"id":26574,"url":"https:\/\/sakaba.mghosteur.com\/en\/product\/azelaic-acid-cream-20w-w-aziderm\/","url_meta":{"origin":26578,"position":5},"title":"AZELAIC ACID CREAM 20%W\/W AZIDERM","author":"admin","date":"November 25, 2022","format":false,"excerpt":"","rel":"","context":"Similar post","block_context":{"text":"Similar post","link":""},"img":{"alt_text":"","src":"","width":0,"height":0},"classes":[]}],"_links":{"self":[{"href":"https:\/\/sakaba.mghosteur.com\/en\/wp-json\/wp\/v2\/product\/26578","targetHints":{"allow":["GET"]}}],"collection":[{"href":"https:\/\/sakaba.mghosteur.com\/en\/wp-json\/wp\/v2\/product"}],"about":[{"href":"https:\/\/sakaba.mghosteur.com\/en\/wp-json\/wp\/v2\/types\/product"}],"replies":[{"embeddable":true,"href":"https:\/\/sakaba.mghosteur.com\/en\/wp-json\/wp\/v2\/comments?post=26578"}],"version-history":[{"count":0,"href":"https:\/\/sakaba.mghosteur.com\/en\/wp-json\/wp\/v2\/product\/26578\/revisions"}],"wp:attachment":[{"href":"https:\/\/sakaba.mghosteur.com\/en\/wp-json\/wp\/v2\/media?parent=26578"}],"wp:term":[{"taxonomy":"product_brand","embeddable":true,"href":"https:\/\/sakaba.mghosteur.com\/en\/wp-json\/wp\/v2\/product_brand?post=26578"},{"taxonomy":"product_cat","embeddable":true,"href":"https:\/\/sakaba.mghosteur.com\/en\/wp-json\/wp\/v2\/product_cat?post=26578"},{"taxonomy":"product_tag","embeddable":true,"href":"https:\/\/sakaba.mghosteur.com\/en\/wp-json\/wp\/v2\/product_tag?post=26578"}],"curies":[{"name":"wp","href":"https:\/\/api.w.org\/{rel}","templated":true}]}}