{"id":26581,"date":"2022-11-25T12:44:34","date_gmt":"2022-11-25T12:44:34","guid":{"rendered":"http:\/\/www.sakababeauty.com\/?post_type=product&#038;p=26581"},"modified":"2024-06-07T00:18:59","modified_gmt":"2024-06-07T00:18:59","slug":"adapalene-gel-0-1-w-w-aqueous-gel","status":"publish","type":"product","link":"https:\/\/sakaba.mghosteur.com\/en\/product\/adapalene-gel-0-1-w-w-aqueous-gel\/","title":{"rendered":"ADAPALENE GEL 0.1% W\/W AQUEOUS GEL"},"content":{"rendered":"","protected":false},"excerpt":{"rendered":"","protected":false},"featured_media":0,"comment_status":"closed","ping_status":"closed","template":"","meta":[],"product_brand":[],"product_cat":[294,334],"product_tag":[],"class_list":{"0":"post-26581","1":"product","2":"type-product","3":"status-publish","5":"product_cat-acne","6":"product_cat-traitement-serum","8":"first","9":"instock","10":"shipping-taxable","11":"product-type-simple"},"jetpack-related-posts":[{"id":34444,"url":"https:\/\/sakaba.mghosteur.com\/en\/product\/tretinoin-gel-usp-0-1-w-w\/","url_meta":{"origin":26581,"position":0},"title":"TRETINOIN GEL USP 0.1% W\/W","author":"admin","date":"May 28, 2024","format":false,"excerpt":"Traitement de l'acn\u00e9 Le gel A-Ret 0,1 % est une forme de vitamine A. Il aide \u00e0 traiter l'acn\u00e9 en nettoyant les pores de la peau et en emp\u00eachant l'apparition de taches ou de boutons. Il faut g\u00e9n\u00e9ralement plusieurs semaines pour obtenir un effet notable, alors continuez \u00e0 l'utiliser m\u00eame\u2026","rel":"","context":"Similar post","block_context":{"text":"Similar post","link":""},"img":{"alt_text":"","src":"","width":0,"height":0},"classes":[]},{"id":26578,"url":"https:\/\/sakaba.mghosteur.com\/en\/product\/tretinoin-gel-usp-0-05-w-w\/","url_meta":{"origin":26581,"position":1},"title":"TRETINOIN GEL USP 0.05% W\/W","author":"admin","date":"November 25, 2022","format":false,"excerpt":"","rel":"","context":"Similar post","block_context":{"text":"Similar post","link":""},"img":{"alt_text":"","src":"","width":0,"height":0},"classes":[]},{"id":32877,"url":"https:\/\/sakaba.mghosteur.com\/en\/product\/differen-gel-acne-treatment-adapalene-gel-01\/","url_meta":{"origin":26581,"position":2},"title":"DIFFEREN GEL ACNE TREATMENT ADAPALENE GEL 0,1%","author":"admin","date":"May 16, 2024","format":false,"excerpt":"","rel":"","context":"Similar post","block_context":{"text":"Similar post","link":""},"img":{"alt_text":"","src":"","width":0,"height":0},"classes":[]},{"id":34448,"url":"https:\/\/sakaba.mghosteur.com\/en\/product\/tretinoin-gel-usp-as-microsphere-0-04-w-w-trunex-15g\/","url_meta":{"origin":26581,"position":3},"title":"TRETINOIN GEL USP AS MICROSPHERE 0.04% W W TRUNEX 15G","author":"admin","date":"May 28, 2024","format":false,"excerpt":"Le gel aqueux Trunex MS est une forme de vitamine A utilis\u00e9e pour traiter l'acn\u00e9 qui appara\u00eet sous forme de taches ou de boutons sur le visage, la poitrine ou le dos. Il aide \u00e9galement \u00e0 lisser la peau rugueuse du visage et \u00e0 r\u00e9duire les ridules de la peau.","rel":"","context":"Similar post","block_context":{"text":"Similar post","link":""},"img":{"alt_text":"","src":"","width":0,"height":0},"classes":[]},{"id":26190,"url":"https:\/\/sakaba.mghosteur.com\/en\/product\/fw-gel-de-douche-exfoliant-extra\/","url_meta":{"origin":26581,"position":4},"title":"F&#038;W GEL DE DOUCHE EXFOLIANT EXTRA","author":"admin","date":"November 24, 2022","format":false,"excerpt":"","rel":"","context":"Similar post","block_context":{"text":"Similar post","link":""},"img":{"alt_text":"","src":"","width":0,"height":0},"classes":[]},{"id":26574,"url":"https:\/\/sakaba.mghosteur.com\/en\/product\/azelaic-acid-cream-20w-w-aziderm\/","url_meta":{"origin":26581,"position":5},"title":"AZELAIC ACID CREAM 20%W\/W AZIDERM","author":"admin","date":"November 25, 2022","format":false,"excerpt":"","rel":"","context":"Similar post","block_context":{"text":"Similar post","link":""},"img":{"alt_text":"","src":"","width":0,"height":0},"classes":[]}],"_links":{"self":[{"href":"https:\/\/sakaba.mghosteur.com\/en\/wp-json\/wp\/v2\/product\/26581","targetHints":{"allow":["GET"]}}],"collection":[{"href":"https:\/\/sakaba.mghosteur.com\/en\/wp-json\/wp\/v2\/product"}],"about":[{"href":"https:\/\/sakaba.mghosteur.com\/en\/wp-json\/wp\/v2\/types\/product"}],"replies":[{"embeddable":true,"href":"https:\/\/sakaba.mghosteur.com\/en\/wp-json\/wp\/v2\/comments?post=26581"}],"version-history":[{"count":0,"href":"https:\/\/sakaba.mghosteur.com\/en\/wp-json\/wp\/v2\/product\/26581\/revisions"}],"wp:attachment":[{"href":"https:\/\/sakaba.mghosteur.com\/en\/wp-json\/wp\/v2\/media?parent=26581"}],"wp:term":[{"taxonomy":"product_brand","embeddable":true,"href":"https:\/\/sakaba.mghosteur.com\/en\/wp-json\/wp\/v2\/product_brand?post=26581"},{"taxonomy":"product_cat","embeddable":true,"href":"https:\/\/sakaba.mghosteur.com\/en\/wp-json\/wp\/v2\/product_cat?post=26581"},{"taxonomy":"product_tag","embeddable":true,"href":"https:\/\/sakaba.mghosteur.com\/en\/wp-json\/wp\/v2\/product_tag?post=26581"}],"curies":[{"name":"wp","href":"https:\/\/api.w.org\/{rel}","templated":true}]}}