{"id":26589,"date":"2022-11-28T10:40:38","date_gmt":"2022-11-28T10:40:38","guid":{"rendered":"http:\/\/www.sakababeauty.com\/?post_type=product&#038;p=26589"},"modified":"2022-11-28T10:40:39","modified_gmt":"2022-11-28T10:40:39","slug":"gluta-c-body-lotion-150ml","status":"publish","type":"product","link":"https:\/\/sakaba.mghosteur.com\/en\/product\/gluta-c-body-lotion-150ml\/","title":{"rendered":"GLUTA C BODY LOTION 150ML"},"content":{"rendered":"","protected":false},"excerpt":{"rendered":"","protected":false},"featured_media":0,"comment_status":"closed","ping_status":"closed","template":"","meta":[],"product_brand":[],"product_cat":[355],"product_tag":[],"class_list":{"0":"post-26589","1":"product","2":"type-product","3":"status-publish","5":"product_cat-hydratant-corps","7":"first","8":"instock","9":"shipping-taxable","10":"product-type-simple"},"jetpack-related-posts":[{"id":26485,"url":"https:\/\/sakaba.mghosteur.com\/en\/product\/gluta-c-intense-whitening-spf-25-body-lotion\/","url_meta":{"origin":26589,"position":0},"title":"GLUTA C INTENSE WHITENING +SPF 25 BODY LOTION","author":"admin","date":"November 25, 2022","format":false,"excerpt":"","rel":"","context":"Similar post","block_context":{"text":"Similar post","link":""},"img":{"alt_text":"","src":"","width":0,"height":0},"classes":[]},{"id":31544,"url":"https:\/\/sakaba.mghosteur.com\/en\/product\/vaseline-gluta-hya-dewy-radiance-serum-in-lotion\/","url_meta":{"origin":26589,"position":1},"title":"VASELINE GLUTA HYA DEWY RADIANCE SERUM IN LOTION","author":"admin","date":"May 10, 2024","format":false,"excerpt":"D\u00e9couvrez le Vaseline\u00ae Gluta-Hya Serum Burst Lotion Dewy Radiance, un \u00e9lixir de beaut\u00e9 r\u00e9volutionnaire enrichi par la technologie GlutaGlow, offrant une puissance dix fois sup\u00e9rieure \u00e0 celle de la vitamine C+. Cette lotion est con\u00e7ue pour sublimer votre peau avec \u00e9clat. Les b\u00e9n\u00e9fices de cette lotion sont multiples. Gr\u00e2ce \u00e0\u2026","rel":"","context":"Similar post","block_context":{"text":"Similar post","link":""},"img":{"alt_text":"","src":"","width":0,"height":0},"classes":[]},{"id":31677,"url":"https:\/\/sakaba.mghosteur.com\/en\/product\/aplb-glutathione-niacinamide-body-lotion-12-5\/","url_meta":{"origin":26589,"position":2},"title":"APLB GLUTATHIONE NIACINAMIDE BODY LOTION 12.5%","author":"admin","date":"May 10, 2024","format":false,"excerpt":"D\u00e9couvrez la Lotion Corporelle Glutathion Niacinamide, \u00e9galement connue sous le nom de LIPO GLUTA NIAC CEN 12,5%. Avec une concentration puissante de Glutathion \u00e0 1 000 ppm et de Niacinamide \u00e0 1 000 ppm, enrichie de 12,3 % d'extrait de Centella Asiatica, ce produit offre une exp\u00e9rience de soin corporel\u2026","rel":"","context":"Similar post","block_context":{"text":"Similar post","link":""},"img":{"alt_text":"","src":"","width":0,"height":0},"classes":[]},{"id":26169,"url":"https:\/\/sakaba.mghosteur.com\/en\/product\/gluta-c-face-body-soap-hydroquinone-free\/","url_meta":{"origin":26589,"position":3},"title":"GLUTA-C FACE &#038; BODY SOAP HYDROQUINONE FREE","author":"admin","date":"November 24, 2022","format":false,"excerpt":"","rel":"","context":"Similar post","block_context":{"text":"Similar post","link":""},"img":{"alt_text":"","src":"","width":0,"height":0},"classes":[]},{"id":31538,"url":"https:\/\/sakaba.mghosteur.com\/en\/product\/vaseline-gluta-hya-flawless-glow-serum-in-lotion-200ml\/","url_meta":{"origin":26589,"position":4},"title":"VASELINE GLUTA HYA FLAWLESS GLOW SERUM IN LOTION  200ml","author":"admin","date":"May 10, 2024","format":false,"excerpt":"VASELINE GLUTA-HYA SERUM BURST LOTION FLAWLESS BRIGHT D\u00e9tails: Propuls\u00e9 par la technologie GlutaGlow, qui est 10 fois plus puissante que la vitamine C+. Le 10X Pro-R\u00e9tinol* est r\u00e9put\u00e9 pour son aide \u00e0 exfolier les cellules mortes de la peau, favorisant ainsi une peau unifi\u00e9e. Avantages: La technologie GlutaGlow, 10 fois\u2026","rel":"","context":"Similar post","block_context":{"text":"Similar post","link":""},"img":{"alt_text":"","src":"","width":0,"height":0},"classes":[]},{"id":26553,"url":"https:\/\/sakaba.mghosteur.com\/en\/product\/gluta-c-whitening-system-face-neck-cream\/","url_meta":{"origin":26589,"position":5},"title":"GLUTA C WHITENING SYSTEM FACE &#038; NECK CREAM","author":"admin","date":"November 25, 2022","format":false,"excerpt":"","rel":"","context":"Similar post","block_context":{"text":"Similar post","link":""},"img":{"alt_text":"","src":"","width":0,"height":0},"classes":[]}],"_links":{"self":[{"href":"https:\/\/sakaba.mghosteur.com\/en\/wp-json\/wp\/v2\/product\/26589","targetHints":{"allow":["GET"]}}],"collection":[{"href":"https:\/\/sakaba.mghosteur.com\/en\/wp-json\/wp\/v2\/product"}],"about":[{"href":"https:\/\/sakaba.mghosteur.com\/en\/wp-json\/wp\/v2\/types\/product"}],"replies":[{"embeddable":true,"href":"https:\/\/sakaba.mghosteur.com\/en\/wp-json\/wp\/v2\/comments?post=26589"}],"version-history":[{"count":0,"href":"https:\/\/sakaba.mghosteur.com\/en\/wp-json\/wp\/v2\/product\/26589\/revisions"}],"wp:attachment":[{"href":"https:\/\/sakaba.mghosteur.com\/en\/wp-json\/wp\/v2\/media?parent=26589"}],"wp:term":[{"taxonomy":"product_brand","embeddable":true,"href":"https:\/\/sakaba.mghosteur.com\/en\/wp-json\/wp\/v2\/product_brand?post=26589"},{"taxonomy":"product_cat","embeddable":true,"href":"https:\/\/sakaba.mghosteur.com\/en\/wp-json\/wp\/v2\/product_cat?post=26589"},{"taxonomy":"product_tag","embeddable":true,"href":"https:\/\/sakaba.mghosteur.com\/en\/wp-json\/wp\/v2\/product_tag?post=26589"}],"curies":[{"name":"wp","href":"https:\/\/api.w.org\/{rel}","templated":true}]}}