{"id":26593,"date":"2022-11-28T10:47:40","date_gmt":"2022-11-28T10:47:40","guid":{"rendered":"http:\/\/www.sakababeauty.com\/?post_type=product&#038;p=26593"},"modified":"2022-11-28T10:47:41","modified_gmt":"2022-11-28T10:47:41","slug":"clinique-clarifying-lotion-exfoliante2-peau-seche","status":"publish","type":"product","link":"https:\/\/sakaba.mghosteur.com\/en\/product\/clinique-clarifying-lotion-exfoliante2-peau-seche\/","title":{"rendered":"Clinique Clarifying Lotion  EXFOLIANTE2 Peau-S\u00e8che"},"content":{"rendered":"","protected":false},"excerpt":{"rendered":"","protected":false},"featured_media":0,"comment_status":"closed","ping_status":"closed","template":"","meta":[],"product_brand":[],"product_cat":[446],"product_tag":[],"class_list":{"0":"post-26593","1":"product","2":"type-product","3":"status-publish","5":"product_cat-nettoyant","7":"first","8":"instock","9":"shipping-taxable","10":"product-type-simple"},"jetpack-related-posts":[{"id":26681,"url":"https:\/\/sakaba.mghosteur.com\/en\/product\/clinique-clarifying-lotion-exfoliante-3-peau-grass\/","url_meta":{"origin":26593,"position":0},"title":"Clinique Clarifying Lotion EXFOLIANTE 3 Peau-Grass","author":"admin","date":"November 28, 2022","format":false,"excerpt":"","rel":"","context":"Similar post","block_context":{"text":"Similar post","link":""},"img":{"alt_text":"","src":"","width":0,"height":0},"classes":[]},{"id":33516,"url":"https:\/\/sakaba.mghosteur.com\/en\/product\/aveeno-daily-moisturizing-body-lotion-for-dry-skin-18oz\/","url_meta":{"origin":26593,"position":1},"title":"Aveeno Daily Moisturizing Body Lotion For Dry Skin, 18oz.","author":"admin","date":"May 22, 2024","format":false,"excerpt":"Nourrissez intens\u00e9ment la peau s\u00e8che avec une formule \u00e0 base d'avoine pr\u00e9biotique. La lotion quotidienne douce nourrit et aide \u00e0 reconstituer la barri\u00e8re d'hydratation naturelle de la peau et offre une hydratation cliniquement prouv\u00e9e qui dure 24 heures. Hydratation 24 heures cliniquement prouv\u00e9e La lotion quotidienne nourrit la peau s\u00e8che\u2026","rel":"","context":"Similar post","block_context":{"text":"Similar post","link":""},"img":{"alt_text":"","src":"","width":0,"height":0},"classes":[]},{"id":24031,"url":"https:\/\/sakaba.mghosteur.com\/en\/product\/aveeno-daily-moisturizing-lotion-nourishes-dry-skin-12-oz\/","url_meta":{"origin":26593,"position":2},"title":"Aveeno Daily Moisturizing Lotion Nourishes Dry Skin 12 oz","author":"admin","date":"November 9, 2022","format":false,"excerpt":"Nourrissez intens\u00e9ment la peau s\u00e8che avec une formule \u00e0 base d'avoine pr\u00e9biotique. La lotion quotidienne douce nourrit et aide \u00e0 reconstituer la barri\u00e8re d'hydratation naturelle de la peau et offre une hydratation cliniquement prouv\u00e9e qui dure 24 heures. Hydratation 24 heures cliniquement prouv\u00e9e La lotion quotidienne nourrit la peau s\u00e8che\u2026","rel":"","context":"Similar post","block_context":{"text":"Similar post","link":""},"img":{"alt_text":"","src":"","width":0,"height":0},"classes":[]},{"id":24027,"url":"https:\/\/sakaba.mghosteur.com\/en\/product\/aveeno-skin-relief-24-hour-moisturizing-lotion\/","url_meta":{"origin":26593,"position":3},"title":"Aveeno Skin Relief 24-Hour Moisturizing Lotion","author":"admin","date":"November 9, 2022","format":false,"excerpt":"Hydrate et soulage la peau sensible ou qui d\u00e9mange, et la peau tr\u00e8s s\u00e8che. Formule \u00e0 base d'avoine triple test\u00e9e cliniquement. Recommand\u00e9e par les dermatologues. Riche, mais \u00e0 absorption rapide, cette lotion hydratante commence \u00e0 agir imm\u00e9diatement pour nourrir et restaurer l'hydratation essentielle de la peau tr\u00e8s s\u00e8che ou sensible\u2026","rel":"","context":"Similar post","block_context":{"text":"Similar post","link":""},"img":{"alt_text":"","src":"","width":0,"height":0},"classes":[]},{"id":29899,"url":"https:\/\/sakaba.mghosteur.com\/en\/product\/vaseline-calm-healing-600ml\/","url_meta":{"origin":26593,"position":4},"title":"VASELINE CALM HEALING 600ML","author":"admin","date":"April 27, 2023","format":false,"excerpt":"D\u00e9couvrez la lotion apaisante Vaseline Intensive Care pour une peau s\u00e8che et stress\u00e9e. Cette lotion test\u00e9e par des dermatologues est con\u00e7ue pour aider \u00e0 gu\u00e9rir et \u00e0 restaurer la peau s\u00e8che tout en procurant un moment de d\u00e9tente gr\u00e2ce \u00e0 son l\u00e9ger parfum de lavande. Elle contient de l'extrait de\u2026","rel":"","context":"Similar post","block_context":{"text":"Similar post","link":""},"img":{"alt_text":"","src":"","width":0,"height":0},"classes":[]},{"id":29902,"url":"https:\/\/sakaba.mghosteur.com\/en\/product\/vaseline-cocoa-radiant-body-lotion-600ml\/","url_meta":{"origin":26593,"position":5},"title":"VASELINE COCOA RADIANT BODY LOTION 600ML","author":"admin","date":"April 27, 2023","format":false,"excerpt":"D\u00e9couvrez la lotion Vaseline Intensive Care Cocoa Radiant, sp\u00e9cialement con\u00e7ue pour aider \u00e0 rajeunir la peau terne et s\u00e8che. Sa formule \u00e0 absorption rapide, test\u00e9e par des dermatologues, procure 48 heures d'hydratation pour un \u00e9clat radieux et durable. Cette lotion est id\u00e9ale pour les peaux s\u00e8ches et ternes. Elle contient\u2026","rel":"","context":"Similar post","block_context":{"text":"Similar post","link":""},"img":{"alt_text":"","src":"","width":0,"height":0},"classes":[]}],"_links":{"self":[{"href":"https:\/\/sakaba.mghosteur.com\/en\/wp-json\/wp\/v2\/product\/26593","targetHints":{"allow":["GET"]}}],"collection":[{"href":"https:\/\/sakaba.mghosteur.com\/en\/wp-json\/wp\/v2\/product"}],"about":[{"href":"https:\/\/sakaba.mghosteur.com\/en\/wp-json\/wp\/v2\/types\/product"}],"replies":[{"embeddable":true,"href":"https:\/\/sakaba.mghosteur.com\/en\/wp-json\/wp\/v2\/comments?post=26593"}],"version-history":[{"count":0,"href":"https:\/\/sakaba.mghosteur.com\/en\/wp-json\/wp\/v2\/product\/26593\/revisions"}],"wp:attachment":[{"href":"https:\/\/sakaba.mghosteur.com\/en\/wp-json\/wp\/v2\/media?parent=26593"}],"wp:term":[{"taxonomy":"product_brand","embeddable":true,"href":"https:\/\/sakaba.mghosteur.com\/en\/wp-json\/wp\/v2\/product_brand?post=26593"},{"taxonomy":"product_cat","embeddable":true,"href":"https:\/\/sakaba.mghosteur.com\/en\/wp-json\/wp\/v2\/product_cat?post=26593"},{"taxonomy":"product_tag","embeddable":true,"href":"https:\/\/sakaba.mghosteur.com\/en\/wp-json\/wp\/v2\/product_tag?post=26593"}],"curies":[{"name":"wp","href":"https:\/\/api.w.org\/{rel}","templated":true}]}}