{"id":26596,"date":"2022-11-28T10:49:54","date_gmt":"2022-11-28T10:49:54","guid":{"rendered":"http:\/\/www.sakababeauty.com\/?post_type=product&#038;p=26596"},"modified":"2022-11-28T10:49:55","modified_gmt":"2022-11-28T10:49:55","slug":"clinique-all-about-clean-liquid-facial-soap-mild-peau","status":"publish","type":"product","link":"https:\/\/sakaba.mghosteur.com\/en\/product\/clinique-all-about-clean-liquid-facial-soap-mild-peau\/","title":{"rendered":"Clinique All About Clean Liquid Facial Soap Mild- Peau"},"content":{"rendered":"","protected":false},"excerpt":{"rendered":"","protected":false},"featured_media":0,"comment_status":"closed","ping_status":"closed","template":"","meta":[],"product_brand":[],"product_cat":[446],"product_tag":[],"class_list":{"0":"post-26596","1":"product","2":"type-product","3":"status-publish","5":"product_cat-nettoyant","7":"first","8":"instock","9":"shipping-taxable","10":"product-type-simple"},"jetpack-related-posts":[{"id":26672,"url":"https:\/\/sakaba.mghosteur.com\/en\/product\/clinique-facial-soap-mild-with-dish\/","url_meta":{"origin":26596,"position":0},"title":"Clinique Facial Soap Mild with Dish","author":"admin","date":"November 28, 2022","format":false,"excerpt":"","rel":"","context":"Similar post","block_context":{"text":"Similar post","link":""},"img":{"alt_text":"","src":"","width":0,"height":0},"classes":[]},{"id":26678,"url":"https:\/\/sakaba.mghosteur.com\/en\/product\/clinique-all-about-clean-forming-cleanser\/","url_meta":{"origin":26596,"position":1},"title":"Clinique All About Clean Forming Cleanser","author":"admin","date":"November 28, 2022","format":false,"excerpt":"","rel":"","context":"Similar post","block_context":{"text":"Similar post","link":""},"img":{"alt_text":"","src":"","width":0,"height":0},"classes":[]},{"id":24551,"url":"https:\/\/sakaba.mghosteur.com\/en\/product\/clean-clear-morning-burst-facial-cleanser\/","url_meta":{"origin":26596,"position":2},"title":"CLEAN &amp; CLEAR MORNING BURST FACIAL CLEANSER","author":"admin","date":"November 10, 2022","format":false,"excerpt":"Le nettoyant visage Clean & Clear Morning Burst nourrit la peau tout en \u00e9liminant la salet\u00e9, le s\u00e9bum et les impuret\u00e9s qui s'accumulent pendant la nuit. Con\u00e7u pour nettoyer et dynamiser, ce nettoyant visage quotidien sans huile \u00e9limine en douceur les cellules mortes de la peau et nettoie la peau.\u2026","rel":"","context":"Similar post","block_context":{"text":"Similar post","link":""},"img":{"alt_text":"","src":"","width":0,"height":0},"classes":[]},{"id":24553,"url":"https:\/\/sakaba.mghosteur.com\/en\/product\/clean-clear-morning-burst-facial-scrub\/","url_meta":{"origin":26596,"position":3},"title":"CLEAN &amp; CLEAR MORNING BURST FACIAL SCRUB","author":"admin","date":"November 10, 2022","format":false,"excerpt":"Le gommage visage Clean & Clear Morning Burst est un gommage v\u00e9g\u00e9talien sans huile qui contient de l'acide citrique et de la vitamine C. Il est con\u00e7u pour nettoyer, exfolier et rafra\u00eechir la peau en douceur.","rel":"","context":"Similar post","block_context":{"text":"Similar post","link":""},"img":{"alt_text":"","src":"","width":0,"height":0},"classes":[]},{"id":27385,"url":"https:\/\/sakaba.mghosteur.com\/en\/product\/ren-clean-skincare-overnight-glow-dark-spot\/","url_meta":{"origin":26596,"position":4},"title":"REN CLEAN SKINCARE OVERNIGHT GLOW DARK SPOT","author":"admin","date":"November 29, 2022","format":false,"excerpt":"La cr\u00e8me de nuit anti-taches Overnight Glow de Ren est une cr\u00e8me anti-imperfections pour tous les types de peau. R\u00e9veillez-vous avec une peau visiblement plus rebondie le matin, sans taches brunes dans l'obscurit\u00e9. Cliniquement prouv\u00e9e pour r\u00e9duire la taille des taches brunes apr\u00e8s 7 jours*, la formule v\u00e9g\u00e9talienne de la\u2026","rel":"","context":"Similar post","block_context":{"text":"Similar post","link":""},"img":{"alt_text":"","src":"","width":0,"height":0},"classes":[]},{"id":26868,"url":"https:\/\/sakaba.mghosteur.com\/en\/product\/paula-choice-2-bha-liquid-exfoliant\/","url_meta":{"origin":26596,"position":5},"title":"PAULA CHOICE 2% BHA LIQUID EXFOLIANT","author":"admin","date":"November 28, 2022","format":false,"excerpt":"Le produit num\u00e9ro 1 de la marque Paula's Choice, cet exfoliant liquide 2% BHA est un favori culte qui nettoie en profondeur les pores, lisse les rides et unifie le teint de la peau. Sa formule douce sans rin\u00e7age \u00e0 base d'acide salicylique \u00e9prouv\u00e9 en clinique permet de d\u00e9sobstruer rapidement\u2026","rel":"","context":"Similar post","block_context":{"text":"Similar post","link":""},"img":{"alt_text":"","src":"","width":0,"height":0},"classes":[]}],"_links":{"self":[{"href":"https:\/\/sakaba.mghosteur.com\/en\/wp-json\/wp\/v2\/product\/26596","targetHints":{"allow":["GET"]}}],"collection":[{"href":"https:\/\/sakaba.mghosteur.com\/en\/wp-json\/wp\/v2\/product"}],"about":[{"href":"https:\/\/sakaba.mghosteur.com\/en\/wp-json\/wp\/v2\/types\/product"}],"replies":[{"embeddable":true,"href":"https:\/\/sakaba.mghosteur.com\/en\/wp-json\/wp\/v2\/comments?post=26596"}],"version-history":[{"count":0,"href":"https:\/\/sakaba.mghosteur.com\/en\/wp-json\/wp\/v2\/product\/26596\/revisions"}],"wp:attachment":[{"href":"https:\/\/sakaba.mghosteur.com\/en\/wp-json\/wp\/v2\/media?parent=26596"}],"wp:term":[{"taxonomy":"product_brand","embeddable":true,"href":"https:\/\/sakaba.mghosteur.com\/en\/wp-json\/wp\/v2\/product_brand?post=26596"},{"taxonomy":"product_cat","embeddable":true,"href":"https:\/\/sakaba.mghosteur.com\/en\/wp-json\/wp\/v2\/product_cat?post=26596"},{"taxonomy":"product_tag","embeddable":true,"href":"https:\/\/sakaba.mghosteur.com\/en\/wp-json\/wp\/v2\/product_tag?post=26596"}],"curies":[{"name":"wp","href":"https:\/\/api.w.org\/{rel}","templated":true}]}}