{"id":26599,"date":"2022-11-28T11:17:15","date_gmt":"2022-11-28T11:17:15","guid":{"rendered":"http:\/\/www.sakababeauty.com\/?post_type=product&#038;p=26599"},"modified":"2023-04-07T11:15:49","modified_gmt":"2023-04-07T11:15:49","slug":"butta-drop-whipped-oil-body-cream","status":"publish","type":"product","link":"https:\/\/sakaba.mghosteur.com\/en\/product\/butta-drop-whipped-oil-body-cream\/","title":{"rendered":"BUTTA DROP WHIPPED OIL BODY CREAM"},"content":{"rendered":"<p>D\u00e9couvrez la cr\u00e8me corporelle fouett\u00e9e BUTTA DROP, enrichie en huiles tropicales et en beurre de karit\u00e9. Cette cr\u00e8me nourrissante et hydratante offre une sensation de vacances avec son fini lustr\u00e9 sur la peau. Elle contient une d\u00e9licieuse combinaison de sept huiles essentielles pour renouveler et restaurer l&#8217;hydratation de la peau en profondeur. Elle contient \u00e9galement de la cerise de la Barbade, riche en antioxydants, pour am\u00e9liorer la vitalit\u00e9 de la peau. Cette cr\u00e8me corporelle est adapt\u00e9e \u00e0 tous les types de peau, vegan, sans gluten et respectueuse de l&#8217;environnement. Selon une \u00e9tude clinique men\u00e9e sur 55 personnes pendant 4 semaines, la cr\u00e8me BUTTA DROP hydrate instantan\u00e9ment la peau, am\u00e9liore visiblement la peau s\u00e8che et conditionne et nourrit la peau \u00e0 100%. Elle restaure la souplesse de la peau, la laisse lumineuse et vibrante \u00e0 96% et r\u00e9v\u00e8le une peau plus douce et lisse. Profitez de la sensation de vacances avec cette cr\u00e8me corporelle luxueuse et nourrissante.<\/p>","protected":false},"excerpt":{"rendered":"<p>D\u00e9couvrez la cr\u00e8me corporelle fouett\u00e9e BUTTA DROP, enrichie en huiles tropicales et en beurre de karit\u00e9. Cette cr\u00e8me nourrissante et hydratante offre une sensation de vacances avec son fini lustr\u00e9 sur la peau. Elle contient une d\u00e9licieuse combinaison de sept huiles essentielles pour renouveler et restaurer l&#8217;hydratation de la peau en profondeur. Elle contient \u00e9galement<span class=\"read-more-faq\"><a href=\"https:\/\/sakaba.mghosteur.com\/en\/product\/butta-drop-whipped-oil-body-cream\/\">Read More<\/a><\/span><\/p>","protected":false},"featured_media":0,"comment_status":"closed","ping_status":"closed","template":"","meta":[],"product_brand":[],"product_cat":[355],"product_tag":[],"class_list":{"0":"post-26599","1":"product","2":"type-product","3":"status-publish","5":"product_cat-hydratant-corps","7":"first","8":"instock","9":"shipping-taxable","10":"product-type-simple"},"jetpack-related-posts":[],"_links":{"self":[{"href":"https:\/\/sakaba.mghosteur.com\/en\/wp-json\/wp\/v2\/product\/26599","targetHints":{"allow":["GET"]}}],"collection":[{"href":"https:\/\/sakaba.mghosteur.com\/en\/wp-json\/wp\/v2\/product"}],"about":[{"href":"https:\/\/sakaba.mghosteur.com\/en\/wp-json\/wp\/v2\/types\/product"}],"replies":[{"embeddable":true,"href":"https:\/\/sakaba.mghosteur.com\/en\/wp-json\/wp\/v2\/comments?post=26599"}],"version-history":[{"count":0,"href":"https:\/\/sakaba.mghosteur.com\/en\/wp-json\/wp\/v2\/product\/26599\/revisions"}],"wp:attachment":[{"href":"https:\/\/sakaba.mghosteur.com\/en\/wp-json\/wp\/v2\/media?parent=26599"}],"wp:term":[{"taxonomy":"product_brand","embeddable":true,"href":"https:\/\/sakaba.mghosteur.com\/en\/wp-json\/wp\/v2\/product_brand?post=26599"},{"taxonomy":"product_cat","embeddable":true,"href":"https:\/\/sakaba.mghosteur.com\/en\/wp-json\/wp\/v2\/product_cat?post=26599"},{"taxonomy":"product_tag","embeddable":true,"href":"https:\/\/sakaba.mghosteur.com\/en\/wp-json\/wp\/v2\/product_tag?post=26599"}],"curies":[{"name":"wp","href":"https:\/\/api.w.org\/{rel}","templated":true}]}}