{"id":26603,"date":"2022-11-28T11:24:58","date_gmt":"2022-11-28T11:24:58","guid":{"rendered":"http:\/\/www.sakababeauty.com\/?post_type=product&#038;p=26603"},"modified":"2022-11-28T11:24:59","modified_gmt":"2022-11-28T11:24:59","slug":"purito-centella-green-level-buffet-serum","status":"publish","type":"product","link":"https:\/\/sakaba.mghosteur.com\/en\/product\/purito-centella-green-level-buffet-serum\/","title":{"rendered":"PURITO CENTELLA GREEN LEVEL BUFFET SERUM"},"content":{"rendered":"","protected":false},"excerpt":{"rendered":"","protected":false},"featured_media":0,"comment_status":"closed","ping_status":"closed","template":"","meta":[],"product_brand":[],"product_cat":[377],"product_tag":[],"class_list":{"0":"post-26603","1":"product","2":"type-product","3":"status-publish","5":"product_cat-bath-body-works","7":"first","8":"instock","9":"shipping-taxable","10":"product-type-simple"},"jetpack-related-posts":[{"id":31381,"url":"https:\/\/sakaba.mghosteur.com\/en\/product\/beauty-of-joseon-light-on-serum-centella-vita-c\/","url_meta":{"origin":26603,"position":0},"title":"BEAUTY OF JOSEON LIGHT ON SERUM CENTELLA VITA C","author":"admin","date":"May 10, 2024","format":false,"excerpt":"D\u00e9couvrez le s\u00e9rum Lumi\u00e8re Activ\u00e9e : Centella + Vita C. Ce s\u00e9rum \u00e9claircissant associe l'extrait de Centella Asiatica et la vitamine C pour offrir une exp\u00e9rience de soin de la peau in\u00e9gal\u00e9e. Ce produit innovant r\u00e9sout les probl\u00e8mes courants associ\u00e9s aux s\u00e9rums \u00e0 base de vitamine C pure. Fini le\u2026","rel":"","context":"Similar post","block_context":{"text":"Similar post","link":""},"img":{"alt_text":"","src":"","width":0,"height":0},"classes":[]},{"id":27496,"url":"https:\/\/sakaba.mghosteur.com\/en\/product\/the-ordinary-buffet\/","url_meta":{"origin":26603,"position":1},"title":"THE ORDINARY BUFFET","author":"admin","date":"November 29, 2022","format":false,"excerpt":"Le s\u00e9rum \"Buffet\" de la marque The Ordinary est un produit de soin de la peau innovant con\u00e7u pour cibler plusieurs signes de vieillissement en m\u00eame temps. Inspir\u00e9 par la notion de buffets offrant une vari\u00e9t\u00e9 de plats, ce s\u00e9rum offre une solution tout-en-un pour am\u00e9liorer l'apparence de la peau\u2026","rel":"","context":"Similar post","block_context":{"text":"Similar post","link":""},"img":{"alt_text":"","src":"","width":0,"height":0},"classes":[]},{"id":31517,"url":"https:\/\/sakaba.mghosteur.com\/en\/product\/madagascar-centella-ampoule-55ml\/","url_meta":{"origin":26603,"position":2},"title":"MADAGASCAR CENTELLA AMPOULE 55ML","author":"admin","date":"May 10, 2024","format":false,"excerpt":"CENTELLA AMPOULE DESCRIPTION DU PRODUIT : L'ampoule Centella est une solution apaisante sp\u00e9cialement con\u00e7ue pour r\u00e9tablir l'\u00e9quilibre de votre peau agress\u00e9e par les environnements difficiles. COMPOSITION ESSENTIELLE : Extrait de Centella Asiatica : Reconnue pour ses propri\u00e9t\u00e9s apaisantes, elle r\u00e9hydrate et r\u00e9g\u00e9n\u00e8re la peau. MODE D'EMPLOI : Appliquez une quantit\u00e9\u2026","rel":"","context":"Similar post","block_context":{"text":"Similar post","link":""},"img":{"alt_text":"","src":"","width":0,"height":0},"classes":[]},{"id":31482,"url":"https:\/\/sakaba.mghosteur.com\/en\/product\/madagascar-centella-ampoule-100ml\/","url_meta":{"origin":26603,"position":3},"title":"MADAGASCAR CENTELLA AMPOULE 100ML","author":"admin","date":"May 10, 2024","format":false,"excerpt":"CENTELLA AMPOULE DESCRIPTION : L'ampoule Centella est un soin apaisant sp\u00e9cialement con\u00e7u pour r\u00e9tablir l'\u00e9quilibre de votre peau, particuli\u00e8rement mise \u00e0 rude \u00e9preuve par les conditions environnementales difficiles. INGR\u00c9DIENTS PRINCIPAUX : Extrait de Centella Asiatica : Renomm\u00e9 pour ses propri\u00e9t\u00e9s apaisantes, il contribue \u00e0 restaurer l'hydratation naturelle de la peau.\u2026","rel":"","context":"Similar post","block_context":{"text":"Similar post","link":""},"img":{"alt_text":"","src":"","width":0,"height":0},"classes":[]},{"id":31506,"url":"https:\/\/sakaba.mghosteur.com\/en\/product\/madagascar-centella-hyalu-cica-water-fit-sun\/","url_meta":{"origin":26603,"position":4},"title":"MADAGASCAR CENTELLA HYALU CICA WATER FIT SUN","author":"admin","date":"May 10, 2024","format":false,"excerpt":"HYALU-CICA WATER-FIT SUN SERUM SPF50+ PA++++ DESCRIPTION : Le s\u00e9rum solaire HYALU-CICA WATER-FIT SPF50+ PA++++ est une solution non nanochimique qui assure une protection efficace contre les rayons UV tout en offrant une hydratation optimale \u00e0 la peau. Sa formule unique laisse un fini hydrat\u00e9 et ros\u00e9, procurant \u00e0 votre\u2026","rel":"","context":"Similar post","block_context":{"text":"Similar post","link":""},"img":{"alt_text":"","src":"","width":0,"height":0},"classes":[]},{"id":34952,"url":"https:\/\/sakaba.mghosteur.com\/en\/product\/innisfree-intensive-hydrating-serum-with-green\/","url_meta":{"origin":26603,"position":5},"title":"INNISFREE INTENSIVE HYDRATING SERUM WITH GREEN","author":"admin","date":"June 3, 2024","format":false,"excerpt":"","rel":"","context":"Similar post","block_context":{"text":"Similar post","link":""},"img":{"alt_text":"","src":"","width":0,"height":0},"classes":[]}],"_links":{"self":[{"href":"https:\/\/sakaba.mghosteur.com\/en\/wp-json\/wp\/v2\/product\/26603","targetHints":{"allow":["GET"]}}],"collection":[{"href":"https:\/\/sakaba.mghosteur.com\/en\/wp-json\/wp\/v2\/product"}],"about":[{"href":"https:\/\/sakaba.mghosteur.com\/en\/wp-json\/wp\/v2\/types\/product"}],"replies":[{"embeddable":true,"href":"https:\/\/sakaba.mghosteur.com\/en\/wp-json\/wp\/v2\/comments?post=26603"}],"version-history":[{"count":0,"href":"https:\/\/sakaba.mghosteur.com\/en\/wp-json\/wp\/v2\/product\/26603\/revisions"}],"wp:attachment":[{"href":"https:\/\/sakaba.mghosteur.com\/en\/wp-json\/wp\/v2\/media?parent=26603"}],"wp:term":[{"taxonomy":"product_brand","embeddable":true,"href":"https:\/\/sakaba.mghosteur.com\/en\/wp-json\/wp\/v2\/product_brand?post=26603"},{"taxonomy":"product_cat","embeddable":true,"href":"https:\/\/sakaba.mghosteur.com\/en\/wp-json\/wp\/v2\/product_cat?post=26603"},{"taxonomy":"product_tag","embeddable":true,"href":"https:\/\/sakaba.mghosteur.com\/en\/wp-json\/wp\/v2\/product_tag?post=26603"}],"curies":[{"name":"wp","href":"https:\/\/api.w.org\/{rel}","templated":true}]}}