{"id":26605,"date":"2022-11-28T11:27:15","date_gmt":"2022-11-28T11:27:15","guid":{"rendered":"http:\/\/www.sakababeauty.com\/?post_type=product&#038;p=26605"},"modified":"2023-04-11T11:16:41","modified_gmt":"2023-04-11T11:16:41","slug":"fenty-skin-buff-ryder-exfoliating-body-scrub","status":"publish","type":"product","link":"https:\/\/sakaba.mghosteur.com\/en\/product\/fenty-skin-buff-ryder-exfoliating-body-scrub\/","title":{"rendered":"FENTY SKIN BUFF RYDER EXFOLIATING BODY  SCRUB"},"content":{"rendered":"<p>D\u00e9couvrez le BUFF RYDER EXFOLIATING BODY SCRUB WITH SUPERFINE SAND + FRUIT ENZYMES de la marque FENTY, le gommage corporel inspir\u00e9 de la Barbade qui transformera votre peau en une douceur soyeuse en un rien de temps.<\/p>\n<p>Ce m\u00e9lange unique de sucre, de sel, de sable ultrafin, d&#8217;enzymes de fruits et d&#8217;huiles nourrissantes exfolie en douceur votre peau pour \u00e9liminer les cellules mortes tout en lui apportant une hydratation en profondeur.<\/p>\n<p>Gr\u00e2ce \u00e0 l&#8217;extrait de cerise de la Barbade, riche en antioxydants, votre peau retrouve son \u00e9clat naturel tandis que le parfum chaud et tropical de caramel et de goyave vous transporte instantan\u00e9ment vers les plages de la Barbade.<\/p>\n<p>Convient \u00e0 tous les types de peau, ce produit est \u00e9galement propre, v\u00e9g\u00e9talien, sans gluten et respectueux de l&#8217;environnement. Dans une \u00e9tude clinique men\u00e9e sur 53 personnes, 100% des participants ont constat\u00e9 une am\u00e9lioration de leur peau d\u00e8s la premi\u00e8re utilisation.<\/p>\n<p>Pour une peau douce et lisse, appliquez le gommage sur peau mouill\u00e9e sous la douche et rincez abondamment. Transformez votre routine de douche en une exp\u00e9rience luxueuse inspir\u00e9e de la Barbade avec le BUFF RYDER EXFOLIATING BODY SCRUB WITH SUPERFINE SAND + FRUIT ENZYMES de FENTY.<\/p>","protected":false},"excerpt":{"rendered":"<p>D\u00e9couvrez le BUFF RYDER EXFOLIATING BODY SCRUB WITH SUPERFINE SAND + FRUIT ENZYMES de la marque FENTY, le gommage corporel inspir\u00e9 de la Barbade qui transformera votre peau en une douceur soyeuse en un rien de temps. Ce m\u00e9lange unique de sucre, de sel, de sable ultrafin, d&#8217;enzymes de fruits et d&#8217;huiles nourrissantes exfolie en<span class=\"read-more-faq\"><a href=\"https:\/\/sakaba.mghosteur.com\/en\/product\/fenty-skin-buff-ryder-exfoliating-body-scrub\/\">Read More<\/a><\/span><\/p>","protected":false},"featured_media":0,"comment_status":"closed","ping_status":"closed","template":"","meta":[],"product_brand":[],"product_cat":[347,361],"product_tag":[],"class_list":{"0":"post-26605","1":"product","2":"type-product","3":"status-publish","5":"product_cat-gommage-peeling","6":"product_cat-gommage-corps","8":"first","9":"instock","10":"shipping-taxable","11":"product-type-simple"},"jetpack-related-posts":[{"id":34658,"url":"https:\/\/sakaba.mghosteur.com\/en\/product\/fenty-skin-the-body-duo\/","url_meta":{"origin":26605,"position":0},"title":"Fenty Beauty by Rihanna Fenty Skin The Body Duo Set Buff Ryder Exfoliating Body Scrub 57g + Butta Drop Whipped Oil","author":"admin","date":"May 30, 2024","format":false,"excerpt":"Fenty Skin - Duo Mini Gommage Corps + Cr\u00e8me Hydratante Essentiels Un ensemble comprenant un gommage corporel de format voyage et une cr\u00e8me corporelle \u00e0 l'huile fouett\u00e9e de format voyage pour vous donner une peau lisse, douce et souple. Cet ensemble vous aidera \u00e0 obtenir un \u00e9clat inspir\u00e9 des Cara\u00efbes\u2026","rel":"","context":"Similar post","block_context":{"text":"Similar post","link":""},"img":{"alt_text":"","src":"","width":0,"height":0},"classes":[]},{"id":27327,"url":"https:\/\/sakaba.mghosteur.com\/en\/product\/good-molecules-pineapple-exfoliating-powder\/","url_meta":{"origin":26605,"position":1},"title":"GOOD MOLECULES PINEAPPLE EXFOLIATING POWDER","author":"admin","date":"November 29, 2022","format":false,"excerpt":"La poudre exfoliante ananas de la marque Good Molecules est une solution douce et efficace pour exfolier votre peau. Formul\u00e9e avec des enzymes de fruits, de la vitamine C et de la poudre de riz, elle \u00e9claircit, adoucit et exfolie en douceur votre peau pour r\u00e9v\u00e9ler une peau plus lumineuse\u2026","rel":"","context":"Similar post","block_context":{"text":"Similar post","link":""},"img":{"alt_text":"","src":"","width":0,"height":0},"classes":[]},{"id":34719,"url":"https:\/\/sakaba.mghosteur.com\/en\/product\/fenty-skin-cherry-dub-75ml\/","url_meta":{"origin":26605,"position":2},"title":"FENTY SKIN CHERRY DUB 75ml","author":"admin","date":"May 30, 2024","format":false,"excerpt":"Le masque visage en gel\u00e9e \u00e9claircissant Fenty Skin Cherry Dub 75 ml utilise un complexe triple cerise et 5 % d'AHA pour clarifier et renouveler la peau. Il est non com\u00e9dog\u00e8ne et convient \u00e0 tous les types de peau. Passez d'une peau terne \u00e0 une peau \u00e9clatante en quelques minutes\u2026","rel":"","context":"Similar post","block_context":{"text":"Similar post","link":""},"img":{"alt_text":"","src":"","width":0,"height":0},"classes":[]},{"id":34609,"url":"https:\/\/sakaba.mghosteur.com\/en\/product\/fenty-nettoyant-en-profondeur-skin-cleanser\/","url_meta":{"origin":26605,"position":3},"title":"FENTY TOTAL CLEANS&#8217;R REMOVE-IT-ALL CLEANSER WITH BARBADOS CHERRY","author":"admin","date":"May 29, 2024","format":false,"excerpt":"Obtenez cette sensation de fra\u00eecheur et de propret\u00e9 avec notre nettoyant cr\u00e9meux moelleux qui affine l'apparence des pores et \u00e9limine instantan\u00e9ment la salet\u00e9, le s\u00e9bum et les impuret\u00e9s sans laisser de sensation de tiraillement sur la peau. B\u00e9n\u00e9fices Le Ginkgo Biloba aide \u00e0 \u00e9quilibrer les pores et \u00e0 lutter contre\u2026","rel":"","context":"Similar post","block_context":{"text":"Similar post","link":""},"img":{"alt_text":"","src":"","width":0,"height":0},"classes":[]},{"id":24246,"url":"https:\/\/sakaba.mghosteur.com\/en\/product\/victoria-secret-exfolianting-body-scrub\/","url_meta":{"origin":26605,"position":4},"title":"VICTORIA SECRET EXFOLIATING BODY SCRUB COCONUT MILK &amp; ROSE","author":"admin","date":"November 9, 2022","format":false,"excerpt":"Un nouveau genre de rituel corporel quotidien. R\u00e9v\u00e9lez une peau lisse et douce avec ce gommage au sucre riche. \u00c9limine la peau s\u00e8che gr\u00e2ce \u00e0 la poudre de coquille de noix exfoliante. Sentez-vous calme avec le parfum du lait de coco et de la rose. C'est une v\u00e9ritable tranquillit\u00e9. Fait\u2026","rel":"","context":"Similar post","block_context":{"text":"Similar post","link":""},"img":{"alt_text":"","src":"","width":0,"height":0},"classes":[]},{"id":29592,"url":"https:\/\/sakaba.mghosteur.com\/en\/product\/fenty-skin-pre-show-glow-2\/","url_meta":{"origin":26605,"position":5},"title":"FENTY SKIN PRE SHOW GLOW","author":"admin","date":"April 10, 2023","format":false,"excerpt":"D\u00e9couvrez le FENTY SKIN PRE SHOW GLOW, un traitement pour une peau lisse et pr\u00eate en une minute. Avec une concentration de 10% d'acide alpha-hydroxy (AHA), ce traitement clarifie, purifie et lisse votre peau en douceur en \u00e9liminant les cellules mortes \u00e0 la surface et en profondeur dans les pores.\u2026","rel":"","context":"Similar post","block_context":{"text":"Similar post","link":""},"img":{"alt_text":"","src":"","width":0,"height":0},"classes":[]}],"_links":{"self":[{"href":"https:\/\/sakaba.mghosteur.com\/en\/wp-json\/wp\/v2\/product\/26605","targetHints":{"allow":["GET"]}}],"collection":[{"href":"https:\/\/sakaba.mghosteur.com\/en\/wp-json\/wp\/v2\/product"}],"about":[{"href":"https:\/\/sakaba.mghosteur.com\/en\/wp-json\/wp\/v2\/types\/product"}],"replies":[{"embeddable":true,"href":"https:\/\/sakaba.mghosteur.com\/en\/wp-json\/wp\/v2\/comments?post=26605"}],"version-history":[{"count":0,"href":"https:\/\/sakaba.mghosteur.com\/en\/wp-json\/wp\/v2\/product\/26605\/revisions"}],"wp:attachment":[{"href":"https:\/\/sakaba.mghosteur.com\/en\/wp-json\/wp\/v2\/media?parent=26605"}],"wp:term":[{"taxonomy":"product_brand","embeddable":true,"href":"https:\/\/sakaba.mghosteur.com\/en\/wp-json\/wp\/v2\/product_brand?post=26605"},{"taxonomy":"product_cat","embeddable":true,"href":"https:\/\/sakaba.mghosteur.com\/en\/wp-json\/wp\/v2\/product_cat?post=26605"},{"taxonomy":"product_tag","embeddable":true,"href":"https:\/\/sakaba.mghosteur.com\/en\/wp-json\/wp\/v2\/product_tag?post=26605"}],"curies":[{"name":"wp","href":"https:\/\/api.w.org\/{rel}","templated":true}]}}