{"id":26609,"date":"2022-11-28T11:31:02","date_gmt":"2022-11-28T11:31:02","guid":{"rendered":"http:\/\/www.sakababeauty.com\/?post_type=product&#038;p=26609"},"modified":"2024-09-01T03:39:19","modified_gmt":"2024-09-01T03:39:19","slug":"fenty-skin-hydra-reset","status":"publish","type":"product","link":"https:\/\/sakaba.mghosteur.com\/en\/product\/fenty-skin-hydra-reset\/","title":{"rendered":"FENTY SKIN HYDRA RESET"},"content":{"rendered":"<p>D\u00e9couvrez HYDRA\u2019RESET INTENSIVE RECOVERY GLYCERIN HAND MASK de la marque FENTY &#8211; le secret pour des mains douces comme des nuages. Ce masque pour les mains contient 40% de glyc\u00e9rine pour une hydratation en profondeur, des huiles de fruits et des extraits de plantes pour revitaliser les mains et leur donner un effet coussin\u00e9.<\/p>\n<p>Utilisez-le tous les soirs avant de vous coucher pour nourrir intens\u00e9ment et adoucir vos mains. La texture douce et moelleuse est rapidement absorb\u00e9e pour hydrater en profondeur, tandis que la glyc\u00e9rine maintient l&#8217;humidit\u00e9 pour une brillance douce et soyeuse. Le parfum tropical fruit\u00e9 et floral ajoute une touche de fra\u00eecheur \u00e0 votre routine de soins de la peau.<\/p>","protected":false},"excerpt":{"rendered":"<p>D\u00e9couvrez HYDRA\u2019RESET INTENSIVE RECOVERY GLYCERIN HAND MASK de la marque FENTY &#8211; le secret pour des mains douces comme des nuages. Ce masque pour les mains contient 40% de glyc\u00e9rine pour une hydratation en profondeur, des huiles de fruits et des extraits de plantes pour revitaliser les mains et leur donner un effet coussin\u00e9. Utilisez-le<span class=\"read-more-faq\"><a href=\"https:\/\/sakaba.mghosteur.com\/en\/product\/fenty-skin-hydra-reset\/\">Read More<\/a><\/span><\/p>","protected":false},"featured_media":0,"comment_status":"closed","ping_status":"closed","template":"","meta":[],"product_brand":[],"product_cat":[447,364],"product_tag":[],"class_list":{"0":"post-26609","1":"product","2":"type-product","3":"status-publish","5":"product_cat-aac-bain-et-corps","6":"product_cat-soin-mains-pieds","8":"first","9":"instock","10":"shipping-taxable","11":"product-type-simple"},"jetpack-related-posts":[{"id":25428,"url":"https:\/\/sakaba.mghosteur.com\/en\/product\/neutrogena-hand-cream\/","url_meta":{"origin":26609,"position":0},"title":"Neutrogena Hand Cream","author":"admin","date":"November 14, 2022","format":false,"excerpt":"D\u00e9couvrez la cr\u00e8me pour les mains Norwegian Formula de la marque Neutrogena, un alli\u00e9 essentiel pour prendre soin de vos mains s\u00e8ches et gerc\u00e9es. Cette lotion hautement concentr\u00e9e, riche en glyc\u00e9rine, a \u00e9t\u00e9 formul\u00e9e pour une action rapide et efficace. En un seul geste, cette cr\u00e8me hydratante soulage instantan\u00e9ment vos\u2026","rel":"","context":"Similar post","block_context":{"text":"Similar post","link":""},"img":{"alt_text":"","src":"","width":0,"height":0},"classes":[]},{"id":24354,"url":"https:\/\/sakaba.mghosteur.com\/en\/product\/neutrogena-acne-pro-skin-facial-bar\/","url_meta":{"origin":26609,"position":1},"title":"NEUTROGENA ACNE PRO SKIN FACIAL BAR","author":"admin","date":"November 10, 2022","format":false,"excerpt":"Le Pain de savon \u00e0 la glyc\u00e9rine pour peaux \u00e0 tendance acn\u00e9ique de Neutrogena est un choix id\u00e9al pour ceux qui cherchent un nettoyant doux et efficace pour leur peau sujette aux imperfections. Ce pain de savon sans colorant est sp\u00e9cialement con\u00e7u pour \u00e9liminer les impuret\u00e9s et l'exc\u00e8s de s\u00e9bum\u2026","rel":"","context":"Similar post","block_context":{"text":"Similar post","link":""},"img":{"alt_text":"","src":"","width":0,"height":0},"classes":[]},{"id":31541,"url":"https:\/\/sakaba.mghosteur.com\/en\/product\/vaseline-hydra-healthy-hand-lotion-100ml\/","url_meta":{"origin":26609,"position":2},"title":"VASELINE HYDRA HEALTHY HAND LOTION 100ml","author":"admin","date":"May 10, 2024","format":false,"excerpt":"D\u00e9couvrez la Lotion pour les mains Vaseline Intensive Care Hydra Healthy. Sa formule non grasse \u00e0 absorption rapide, enrichie en k\u00e9ratine, offre une hydratation en profondeur pour traiter efficacement les mains extr\u00eamement s\u00e8ches. Cette lotion aide \u00e0 pr\u00e9venir les fissures et la casse des ongles, les rendant 10 fois plus\u2026","rel":"","context":"Similar post","block_context":{"text":"Similar post","link":""},"img":{"alt_text":"","src":"","width":0,"height":0},"classes":[]},{"id":31535,"url":"https:\/\/sakaba.mghosteur.com\/en\/product\/vaseline-hydra-replenish-hand-creme-hyaluronic-acide-100ml\/","url_meta":{"origin":26609,"position":3},"title":"VASELINE HYDRA REPLENISH HAND CREME HYALURONIC ACIDE 100ml","author":"admin","date":"May 10, 2024","format":false,"excerpt":"La Cr\u00e8me \u00e0 mains Vaseline\u00ae Intensive Care\u2122 Hydra Replenish est un produit essentiel pour ceux qui recherchent une hydratation en profondeur. Combinant l'efficacit\u00e9 de l'acide hyaluronique, de la vitamine B3 et du beurre de cacao, cette cr\u00e8me nourrissante pour peaux s\u00e8ches laisse la peau douce d\u00e8s la premi\u00e8re application. Sa\u2026","rel":"","context":"Similar post","block_context":{"text":"Similar post","link":""},"img":{"alt_text":"","src":"","width":0,"height":0},"classes":[]},{"id":31527,"url":"https:\/\/sakaba.mghosteur.com\/en\/product\/vaseline-hand-butter-deep-nourishhment-101ml\/","url_meta":{"origin":26609,"position":4},"title":"VASELINE HAND BUTTER DEEP NOURISHHMENT 101ML","author":"admin","date":"May 10, 2024","format":false,"excerpt":"VASELINE\u00ae RADIANT X DEEP NOURISHMENT HAND BUTTER D\u00e9couvrez le nouveau beurre pour les mains Vaseline\u00ae Radiant X Deep Nourishment, une solution enrichissante pour une hydratation intense sans la sensation grasse. Sa texture riche et onctueuse p\u00e9n\u00e8tre facilement dans la peau, laissant une douceur irr\u00e9sistible, une texture lisse et un \u00e9clat\u2026","rel":"","context":"Similar post","block_context":{"text":"Similar post","link":""},"img":{"alt_text":"","src":"","width":0,"height":0},"classes":[]},{"id":29555,"url":"https:\/\/sakaba.mghosteur.com\/en\/product\/fenty-cherry-treat\/","url_meta":{"origin":26609,"position":5},"title":"FENTY CHERRY TREAT","author":"admin","date":"April 7, 2023","format":false,"excerpt":"D\u00e9couvrez CHERRY TREAT de la marque FENTY ! Offrez \u00e0 vos l\u00e8vres une barri\u00e8re d'hydratation renforc\u00e9e gr\u00e2ce \u00e0 ce merveilleux produit. Vos l\u00e8vres sont votre premi\u00e8re ligne de d\u00e9fense contre les \u00e9l\u00e9ments ext\u00e9rieurs, alors gardez-les hydrat\u00e9es, douces et sans pellicules. Cette huile \u00e0 l\u00e8vres ultra-hydratante et non collante nourrit vos\u2026","rel":"","context":"Similar post","block_context":{"text":"Similar post","link":""},"img":{"alt_text":"","src":"","width":0,"height":0},"classes":[]}],"_links":{"self":[{"href":"https:\/\/sakaba.mghosteur.com\/en\/wp-json\/wp\/v2\/product\/26609","targetHints":{"allow":["GET"]}}],"collection":[{"href":"https:\/\/sakaba.mghosteur.com\/en\/wp-json\/wp\/v2\/product"}],"about":[{"href":"https:\/\/sakaba.mghosteur.com\/en\/wp-json\/wp\/v2\/types\/product"}],"replies":[{"embeddable":true,"href":"https:\/\/sakaba.mghosteur.com\/en\/wp-json\/wp\/v2\/comments?post=26609"}],"version-history":[{"count":0,"href":"https:\/\/sakaba.mghosteur.com\/en\/wp-json\/wp\/v2\/product\/26609\/revisions"}],"wp:attachment":[{"href":"https:\/\/sakaba.mghosteur.com\/en\/wp-json\/wp\/v2\/media?parent=26609"}],"wp:term":[{"taxonomy":"product_brand","embeddable":true,"href":"https:\/\/sakaba.mghosteur.com\/en\/wp-json\/wp\/v2\/product_brand?post=26609"},{"taxonomy":"product_cat","embeddable":true,"href":"https:\/\/sakaba.mghosteur.com\/en\/wp-json\/wp\/v2\/product_cat?post=26609"},{"taxonomy":"product_tag","embeddable":true,"href":"https:\/\/sakaba.mghosteur.com\/en\/wp-json\/wp\/v2\/product_tag?post=26609"}],"curies":[{"name":"wp","href":"https:\/\/api.w.org\/{rel}","templated":true}]}}