{"id":26611,"date":"2022-11-28T11:34:47","date_gmt":"2022-11-28T11:34:47","guid":{"rendered":"http:\/\/www.sakababeauty.com\/?post_type=product&#038;p=26611"},"modified":"2022-11-28T11:34:48","modified_gmt":"2022-11-28T11:34:48","slug":"advance-white-glycolic-peeling-gel","status":"publish","type":"product","link":"https:\/\/sakaba.mghosteur.com\/en\/product\/advance-white-glycolic-peeling-gel\/","title":{"rendered":"ADVANCE WHITE GLYCOLIC PEELING GEL"},"content":{"rendered":"","protected":false},"excerpt":{"rendered":"","protected":false},"featured_media":0,"comment_status":"closed","ping_status":"closed","template":"","meta":[],"product_brand":[],"product_cat":[450],"product_tag":[],"class_list":{"0":"post-26611","1":"product","2":"type-product","3":"status-publish","5":"product_cat-soin-de-la-peau","7":"first","8":"instock","9":"shipping-taxable","10":"product-type-simple"},"jetpack-related-posts":[{"id":34387,"url":"https:\/\/sakaba.mghosteur.com\/en\/product\/glycolic-max-soap-advance-white\/","url_meta":{"origin":26611,"position":0},"title":"GLYCOLIC MAX SOAP ADVANCE WHITE","author":"admin","date":"May 28, 2024","format":false,"excerpt":"","rel":"","context":"Similar post","block_context":{"text":"Similar post","link":""},"img":{"alt_text":"","src":"","width":0,"height":0},"classes":[]},{"id":26334,"url":"https:\/\/sakaba.mghosteur.com\/en\/product\/glycolic-acid-resurfacing-gel-10\/","url_meta":{"origin":26611,"position":1},"title":"GLYCOLIC ACID RESURFACING GEL 10%","author":"admin","date":"November 24, 2022","format":false,"excerpt":"","rel":"","context":"Similar post","block_context":{"text":"Similar post","link":""},"img":{"alt_text":"","src":"","width":0,"height":0},"classes":[]},{"id":28010,"url":"https:\/\/sakaba.mghosteur.com\/en\/product\/squalane-glycolic-renewal-mask\/","url_meta":{"origin":26611,"position":2},"title":"BIOSSANCE SQUALANE+ GLYCOLIC RENEWAL MASK","author":"admin","date":"November 29, 2022","format":false,"excerpt":"Peeling, exfoliant et masque tout-en-un avec AHA pour minimiser les ridules, la d\u00e9coloration et l'apparence des pores dilat\u00e9s.","rel":"","context":"Similar post","block_context":{"text":"Similar post","link":""},"img":{"alt_text":"","src":"","width":0,"height":0},"classes":[]},{"id":32498,"url":"https:\/\/sakaba.mghosteur.com\/en\/product\/tiam-berry-very-soft-peeling-gel\/","url_meta":{"origin":26611,"position":3},"title":"TIAM BERRY VERY SOFT PEELING GEL","author":"admin","date":"May 14, 2024","format":false,"excerpt":"Le Peeling TIAM Berry Gel Peeling Tr\u00e8s Doux offre une texture gel remarquablement d\u00e9licate qui n'entra\u00eene aucune irritation, adapt\u00e9e m\u00eame aux peaux les plus sensibles. Ce gel peeling doux exfolie en douceur la couche corn\u00e9e, favorisant ainsi une meilleure microcirculation tout en stimulant les processus de cicatrisation et de renouvellement\u2026","rel":"","context":"Similar post","block_context":{"text":"Similar post","link":""},"img":{"alt_text":"","src":"","width":0,"height":0},"classes":[]},{"id":26617,"url":"https:\/\/sakaba.mghosteur.com\/en\/product\/advance-white-clarifying-foaming-cleanser\/","url_meta":{"origin":26611,"position":4},"title":"ADVANCE WHITE CLARIFYING FOAMING CLEANSER","author":"admin","date":"November 28, 2022","format":false,"excerpt":"","rel":"","context":"Similar post","block_context":{"text":"Similar post","link":""},"img":{"alt_text":"","src":"","width":0,"height":0},"classes":[]},{"id":26648,"url":"https:\/\/sakaba.mghosteur.com\/en\/product\/intensive-repair-soap-advance-white\/","url_meta":{"origin":26611,"position":5},"title":"INTENSIVE REPAIR SOAP ADVANCE WHITE","author":"admin","date":"November 28, 2022","format":false,"excerpt":"","rel":"","context":"Similar post","block_context":{"text":"Similar post","link":""},"img":{"alt_text":"","src":"","width":0,"height":0},"classes":[]}],"_links":{"self":[{"href":"https:\/\/sakaba.mghosteur.com\/en\/wp-json\/wp\/v2\/product\/26611","targetHints":{"allow":["GET"]}}],"collection":[{"href":"https:\/\/sakaba.mghosteur.com\/en\/wp-json\/wp\/v2\/product"}],"about":[{"href":"https:\/\/sakaba.mghosteur.com\/en\/wp-json\/wp\/v2\/types\/product"}],"replies":[{"embeddable":true,"href":"https:\/\/sakaba.mghosteur.com\/en\/wp-json\/wp\/v2\/comments?post=26611"}],"version-history":[{"count":0,"href":"https:\/\/sakaba.mghosteur.com\/en\/wp-json\/wp\/v2\/product\/26611\/revisions"}],"wp:attachment":[{"href":"https:\/\/sakaba.mghosteur.com\/en\/wp-json\/wp\/v2\/media?parent=26611"}],"wp:term":[{"taxonomy":"product_brand","embeddable":true,"href":"https:\/\/sakaba.mghosteur.com\/en\/wp-json\/wp\/v2\/product_brand?post=26611"},{"taxonomy":"product_cat","embeddable":true,"href":"https:\/\/sakaba.mghosteur.com\/en\/wp-json\/wp\/v2\/product_cat?post=26611"},{"taxonomy":"product_tag","embeddable":true,"href":"https:\/\/sakaba.mghosteur.com\/en\/wp-json\/wp\/v2\/product_tag?post=26611"}],"curies":[{"name":"wp","href":"https:\/\/api.w.org\/{rel}","templated":true}]}}