{"id":26613,"date":"2022-11-28T11:38:20","date_gmt":"2022-11-28T11:38:20","guid":{"rendered":"http:\/\/www.sakababeauty.com\/?post_type=product&#038;p=26613"},"modified":"2024-09-01T14:32:01","modified_gmt":"2024-09-01T14:32:01","slug":"alpha-skin-care-essential-renewal-lotion","status":"publish","type":"product","link":"https:\/\/sakaba.mghosteur.com\/en\/product\/alpha-skin-care-essential-renewal-lotion\/","title":{"rendered":"ALPHA SKIN CARE ESSENTIAL RENEWAL LOTION"},"content":{"rendered":"<p>La lotion r\u00e9g\u00e9n\u00e9ratrice essentielle Alpha Skin Care est une lotion de 120 ml contenant 10 % d&#8217;AHA glycolique, qui lib\u00e8re en douceur les cellules mortes de la peau et permet \u00e0 une peau nouvelle et plus saine de remonter \u00e0 la surface. Elle est con\u00e7ue pour les peaux s\u00e8ches et offre de vrais r\u00e9sultats pour les rides et ridules. La lotion est sans parab\u00e8ne et sans parfum et a un pH de 4,0<\/p>","protected":false},"excerpt":{"rendered":"<p>La lotion r\u00e9g\u00e9n\u00e9ratrice essentielle Alpha Skin Care est une lotion de 120 ml contenant 10 % d&#8217;AHA glycolique, qui lib\u00e8re en douceur les cellules mortes de la peau et permet \u00e0 une peau nouvelle et plus saine de remonter \u00e0 la surface. Elle est con\u00e7ue pour les peaux s\u00e8ches et offre de vrais r\u00e9sultats pour<span class=\"read-more-faq\"><a href=\"https:\/\/sakaba.mghosteur.com\/en\/product\/alpha-skin-care-essential-renewal-lotion\/\">Read More<\/a><\/span><\/p>","protected":false},"featured_media":0,"comment_status":"closed","ping_status":"closed","template":"","meta":[],"product_brand":[],"product_cat":[1095,451,334],"product_tag":[],"class_list":{"0":"post-26613","1":"product","2":"type-product","3":"status-publish","5":"product_cat-anti-age","6":"product_cat-aab-soin-du-visage","7":"product_cat-traitement-serum","9":"first","10":"instock","11":"shipping-taxable","12":"product-type-simple"},"jetpack-related-posts":[{"id":26629,"url":"https:\/\/sakaba.mghosteur.com\/en\/product\/alpha-skin-care-renewal-body-lotion-12-glycolic\/","url_meta":{"origin":26613,"position":0},"title":"ALPHA SKIN CARE RENEWAL BODY LOTION 12% GLYCOLIC","author":"admin","date":"November 28, 2022","format":false,"excerpt":"Formul\u00e9 avec 12 % d'acide alpha-hydroxy glycolique (AHA) pour hydrater en profondeur et exfolier en douceur, laissant la peau douce, lisse et d'apparence plus jeune de la t\u00eate aux pieds. TYPES DE PEAU : Tous types de peau FORMULE ANTI-\u00c2GE : Ce lotion anti-\u00e2ge est sp\u00e9cialement formul\u00e9e avec l'\u00e9quilibre optimal\u2026","rel":"","context":"Similar post","block_context":{"text":"Similar post","link":""},"img":{"alt_text":"","src":"","width":0,"height":0},"classes":[]},{"id":26548,"url":"https:\/\/sakaba.mghosteur.com\/en\/product\/skin-success-body-lotion-glow\/","url_meta":{"origin":26613,"position":1},"title":"SKIN SUCCESS BODY LOTION GLOW","author":"admin","date":"November 25, 2022","format":false,"excerpt":"La lotion pour les mains et le corps Palmer's Skin Success GLOW Water Lily est un produit parfait pour celles et ceux qui recherchent une peau radieuse et \u00e9quilibr\u00e9e. Avec des ingr\u00e9dients naturels tels que le Lys Blanc, le Champignon Songyi, la Vitamine C et la R\u00e9glisse, cette lotion nourrit\u2026","rel":"","context":"Similar post","block_context":{"text":"Similar post","link":""},"img":{"alt_text":"","src":"","width":0,"height":0},"classes":[]},{"id":25533,"url":"https:\/\/sakaba.mghosteur.com\/en\/product\/eucerin-intensive-repair-lotion\/","url_meta":{"origin":26613,"position":2},"title":"EUCERIN INTENSIVE REPAIR LOTION","author":"admin","date":"November 14, 2022","format":false,"excerpt":"La Lotion R\u00e9paratrice Intensive d'Eucerin est une lotion pour le corps qui hydrate, exfolie et revitalise la peau tr\u00e8s s\u00e8che et squameuse. C'est une marque recommand\u00e9e par les dermatologues qui est sans parfum, sans parab\u00e8ne et sans colorant. Elle contient de l'alpha-hydroxy (AHA) et des facteurs hydratants naturels pour les\u2026","rel":"","context":"Similar post","block_context":{"text":"Similar post","link":""},"img":{"alt_text":"","src":"","width":0,"height":0},"classes":[]},{"id":24025,"url":"https:\/\/sakaba.mghosteur.com\/en\/product\/aveeno-daily-moisturizing-body-lotion-for-dry-skin\/","url_meta":{"origin":26613,"position":3},"title":"Aveeno Daily Moisturizing Body Lotion For Dry Skin 18 OZ","author":"admin","date":"November 9, 2022","format":false,"excerpt":"La lotion corporelle hydratante quotidienne Aveeno est une lotion sans parfum con\u00e7ue pour nourrir intens\u00e9ment la peau s\u00e8che et lui procurer jusqu'\u00e0 24 heures d'hydratation. Elle est fabriqu\u00e9e avec une formule \u00e0 base d'avoine pr\u00e9biotique qui s'absorbe rapidement et aide \u00e0 reconstituer la barri\u00e8re d'hydratation naturelle de la peau.","rel":"","context":"Similar post","block_context":{"text":"Similar post","link":""},"img":{"alt_text":"","src":"","width":0,"height":0},"classes":[]},{"id":25566,"url":"https:\/\/sakaba.mghosteur.com\/en\/product\/gold-bond-ultimate-healing-skin-therapy-lotion-14-oz-2\/","url_meta":{"origin":26613,"position":4},"title":"Gold Bond Ultimate Healing Skin Therapy Lotion, 14 oz","author":"admin","date":"November 14, 2022","format":false,"excerpt":"La cr\u00e8me\/lotion hydratante r\u00e9paratrice Gold Bond de la marque Gold Bond est le produit parfait pour hydrater, gu\u00e9rir et lisser la peau s\u00e8che. Cette cr\u00e8me\/lotion offre une hydratation imm\u00e9diate qui dure toute la journ\u00e9e et r\u00e9v\u00e8le une peau visiblement plus saine. Contenant 7 hydratants essentiels et 3 vitamines nourrissantes, cette\u2026","rel":"","context":"Similar post","block_context":{"text":"Similar post","link":""},"img":{"alt_text":"","src":"","width":0,"height":0},"classes":[]},{"id":26804,"url":"https:\/\/sakaba.mghosteur.com\/en\/product\/skin-lightening-body-lotion\/","url_meta":{"origin":26613,"position":5},"title":"SKIN LIGHTENING BODY LOTION","author":"admin","date":"November 28, 2022","format":false,"excerpt":"La lotion \u00e9claircissante pour le corps Kojie San KOJIC est une solution id\u00e9ale pour ceux qui cherchent \u00e0 \u00e9claircir leur peau et \u00e0 r\u00e9duire les taches brunes. Avec son principal ingr\u00e9dient actif, l'acide kojique, cette lotion est formul\u00e9e pour blanchir naturellement la peau tout en la contient hydrat\u00e9e et saine.\u2026","rel":"","context":"Similar post","block_context":{"text":"Similar post","link":""},"img":{"alt_text":"","src":"","width":0,"height":0},"classes":[]}],"_links":{"self":[{"href":"https:\/\/sakaba.mghosteur.com\/en\/wp-json\/wp\/v2\/product\/26613","targetHints":{"allow":["GET"]}}],"collection":[{"href":"https:\/\/sakaba.mghosteur.com\/en\/wp-json\/wp\/v2\/product"}],"about":[{"href":"https:\/\/sakaba.mghosteur.com\/en\/wp-json\/wp\/v2\/types\/product"}],"replies":[{"embeddable":true,"href":"https:\/\/sakaba.mghosteur.com\/en\/wp-json\/wp\/v2\/comments?post=26613"}],"version-history":[{"count":0,"href":"https:\/\/sakaba.mghosteur.com\/en\/wp-json\/wp\/v2\/product\/26613\/revisions"}],"wp:attachment":[{"href":"https:\/\/sakaba.mghosteur.com\/en\/wp-json\/wp\/v2\/media?parent=26613"}],"wp:term":[{"taxonomy":"product_brand","embeddable":true,"href":"https:\/\/sakaba.mghosteur.com\/en\/wp-json\/wp\/v2\/product_brand?post=26613"},{"taxonomy":"product_cat","embeddable":true,"href":"https:\/\/sakaba.mghosteur.com\/en\/wp-json\/wp\/v2\/product_cat?post=26613"},{"taxonomy":"product_tag","embeddable":true,"href":"https:\/\/sakaba.mghosteur.com\/en\/wp-json\/wp\/v2\/product_tag?post=26613"}],"curies":[{"name":"wp","href":"https:\/\/api.w.org\/{rel}","templated":true}]}}