{"id":26627,"date":"2022-11-28T11:52:16","date_gmt":"2022-11-28T11:52:16","guid":{"rendered":"http:\/\/www.sakababeauty.com\/?post_type=product&#038;p=26627"},"modified":"2024-09-01T14:30:40","modified_gmt":"2024-09-01T14:30:40","slug":"alpha-intensive-renewal-serum-14-glycolic-aha","status":"publish","type":"product","link":"https:\/\/sakaba.mghosteur.com\/en\/product\/alpha-intensive-renewal-serum-14-glycolic-aha\/","title":{"rendered":"ALPHA INTENSIVE RENEWAL SERUM 14% GLYCOLIC AHA"},"content":{"rendered":"<p>Le s\u00e9rum r\u00e9g\u00e9n\u00e9rant intensif Alpha Skin Care 14 % Glycolic AHA est un traitement liquide \u00e0 usage hebdomadaire tr\u00e8s puissant qui contient un m\u00e9lange unique d&#8217;acide glycolique et d&#8217;antioxydants pour une exfoliation intensive. Il s&#8217;agit d&#8217;un liquide l\u00e9ger comme de l&#8217;eau qui convient \u00e0 tous les types de peau et peut inverser les signes de photovieillissement tels que les taches, les ridules et les rides. Il est formul\u00e9 sans parab\u00e8nes, sulfates et parfums<\/p>","protected":false},"excerpt":{"rendered":"<p>Le s\u00e9rum r\u00e9g\u00e9n\u00e9rant intensif Alpha Skin Care 14 % Glycolic AHA est un traitement liquide \u00e0 usage hebdomadaire tr\u00e8s puissant qui contient un m\u00e9lange unique d&#8217;acide glycolique et d&#8217;antioxydants pour une exfoliation intensive. Il s&#8217;agit d&#8217;un liquide l\u00e9ger comme de l&#8217;eau qui convient \u00e0 tous les types de peau et peut inverser les signes de<span class=\"read-more-faq\"><a href=\"https:\/\/sakaba.mghosteur.com\/en\/product\/alpha-intensive-renewal-serum-14-glycolic-aha\/\">Read More<\/a><\/span><\/p>","protected":false},"featured_media":0,"comment_status":"closed","ping_status":"closed","template":"","meta":[],"product_brand":[],"product_cat":[1095,451,334],"product_tag":[],"class_list":{"0":"post-26627","1":"product","2":"type-product","3":"status-publish","5":"product_cat-anti-age","6":"product_cat-aab-soin-du-visage","7":"product_cat-traitement-serum","9":"first","10":"instock","11":"shipping-taxable","12":"product-type-simple"},"jetpack-related-posts":[{"id":26629,"url":"https:\/\/sakaba.mghosteur.com\/en\/product\/alpha-skin-care-renewal-body-lotion-12-glycolic\/","url_meta":{"origin":26627,"position":0},"title":"ALPHA SKIN CARE RENEWAL BODY LOTION 12% GLYCOLIC","author":"admin","date":"November 28, 2022","format":false,"excerpt":"Formul\u00e9 avec 12 % d'acide alpha-hydroxy glycolique (AHA) pour hydrater en profondeur et exfolier en douceur, laissant la peau douce, lisse et d'apparence plus jeune de la t\u00eate aux pieds. TYPES DE PEAU : Tous types de peau FORMULE ANTI-\u00c2GE : Ce lotion anti-\u00e2ge est sp\u00e9cialement formul\u00e9e avec l'\u00e9quilibre optimal\u2026","rel":"","context":"Similar post","block_context":{"text":"Similar post","link":""},"img":{"alt_text":"","src":"","width":0,"height":0},"classes":[]},{"id":31738,"url":"https:\/\/sakaba.mghosteur.com\/en\/product\/medix-5-5-10-glycolic-lactic-acid\/","url_meta":{"origin":26627,"position":1},"title":"MEDIX 5.5 10% GLYCOLIC + LACTIC ACID","author":"admin","date":"May 10, 2024","format":false,"excerpt":"Le s\u00e9rum \u00e0 l'acide glycolique Medix 5.5 r\u00e9duit visiblement l'apparence des pores obstru\u00e9s, de la texture de la peau rugueuse, du teint irr\u00e9gulier, des rougeurs et des taches brunes. Le peeling exfoliant de nuit pour le visage \u00e0 l'acide glycolique \u00e9limine efficacement les cellules mortes de la peau pour affiner,\u2026","rel":"","context":"Similar post","block_context":{"text":"Similar post","link":""},"img":{"alt_text":"","src":"","width":0,"height":0},"classes":[]},{"id":25533,"url":"https:\/\/sakaba.mghosteur.com\/en\/product\/eucerin-intensive-repair-lotion\/","url_meta":{"origin":26627,"position":2},"title":"EUCERIN INTENSIVE REPAIR LOTION","author":"admin","date":"November 14, 2022","format":false,"excerpt":"La Lotion R\u00e9paratrice Intensive d'Eucerin est une lotion pour le corps qui hydrate, exfolie et revitalise la peau tr\u00e8s s\u00e8che et squameuse. C'est une marque recommand\u00e9e par les dermatologues qui est sans parfum, sans parab\u00e8ne et sans colorant. Elle contient de l'alpha-hydroxy (AHA) et des facteurs hydratants naturels pour les\u2026","rel":"","context":"Similar post","block_context":{"text":"Similar post","link":""},"img":{"alt_text":"","src":"","width":0,"height":0},"classes":[]},{"id":28010,"url":"https:\/\/sakaba.mghosteur.com\/en\/product\/squalane-glycolic-renewal-mask\/","url_meta":{"origin":26627,"position":3},"title":"BIOSSANCE SQUALANE+ GLYCOLIC RENEWAL MASK","author":"admin","date":"November 29, 2022","format":false,"excerpt":"Peeling, exfoliant et masque tout-en-un avec AHA pour minimiser les ridules, la d\u00e9coloration et l'apparence des pores dilat\u00e9s.","rel":"","context":"Similar post","block_context":{"text":"Similar post","link":""},"img":{"alt_text":"","src":"","width":0,"height":0},"classes":[]},{"id":33116,"url":"https:\/\/sakaba.mghosteur.com\/en\/product\/medix-5-5-20-aha-pha-renew-booster-serum-50ml\/","url_meta":{"origin":26627,"position":4},"title":"MEDIX 5.5 20% AHA PHA RENEW BOOSTER SERUM 50ML","author":"admin","date":"May 20, 2024","format":false,"excerpt":"Avec un PH de 5,5, le niveau de PH optimal pour une barri\u00e8re cutan\u00e9e saine, ce S\u00c9RUM booster est un m\u00e9lange resurfa\u00e7ant d'ALPHA HYDROXY ACIDES et de POLY HYDROXY ACIDES qui favorise l'\u00e9claircissement et le renouvellement des cellules de la peau.","rel":"","context":"Similar post","block_context":{"text":"Similar post","link":""},"img":{"alt_text":"","src":"","width":0,"height":0},"classes":[]},{"id":26613,"url":"https:\/\/sakaba.mghosteur.com\/en\/product\/alpha-skin-care-essential-renewal-lotion\/","url_meta":{"origin":26627,"position":5},"title":"ALPHA SKIN CARE ESSENTIAL RENEWAL LOTION","author":"admin","date":"November 28, 2022","format":false,"excerpt":"La lotion r\u00e9g\u00e9n\u00e9ratrice essentielle Alpha Skin Care est une lotion de 120 ml contenant 10 % d'AHA glycolique, qui lib\u00e8re en douceur les cellules mortes de la peau et permet \u00e0 une peau nouvelle et plus saine de remonter \u00e0 la surface. Elle est con\u00e7ue pour les peaux s\u00e8ches et\u2026","rel":"","context":"Similar post","block_context":{"text":"Similar post","link":""},"img":{"alt_text":"","src":"","width":0,"height":0},"classes":[]}],"_links":{"self":[{"href":"https:\/\/sakaba.mghosteur.com\/en\/wp-json\/wp\/v2\/product\/26627","targetHints":{"allow":["GET"]}}],"collection":[{"href":"https:\/\/sakaba.mghosteur.com\/en\/wp-json\/wp\/v2\/product"}],"about":[{"href":"https:\/\/sakaba.mghosteur.com\/en\/wp-json\/wp\/v2\/types\/product"}],"replies":[{"embeddable":true,"href":"https:\/\/sakaba.mghosteur.com\/en\/wp-json\/wp\/v2\/comments?post=26627"}],"version-history":[{"count":0,"href":"https:\/\/sakaba.mghosteur.com\/en\/wp-json\/wp\/v2\/product\/26627\/revisions"}],"wp:attachment":[{"href":"https:\/\/sakaba.mghosteur.com\/en\/wp-json\/wp\/v2\/media?parent=26627"}],"wp:term":[{"taxonomy":"product_brand","embeddable":true,"href":"https:\/\/sakaba.mghosteur.com\/en\/wp-json\/wp\/v2\/product_brand?post=26627"},{"taxonomy":"product_cat","embeddable":true,"href":"https:\/\/sakaba.mghosteur.com\/en\/wp-json\/wp\/v2\/product_cat?post=26627"},{"taxonomy":"product_tag","embeddable":true,"href":"https:\/\/sakaba.mghosteur.com\/en\/wp-json\/wp\/v2\/product_tag?post=26627"}],"curies":[{"name":"wp","href":"https:\/\/api.w.org\/{rel}","templated":true}]}}