{"id":26629,"date":"2022-11-28T11:54:30","date_gmt":"2022-11-28T11:54:30","guid":{"rendered":"http:\/\/www.sakababeauty.com\/?post_type=product&#038;p=26629"},"modified":"2024-10-16T13:39:44","modified_gmt":"2024-10-16T13:39:44","slug":"alpha-skin-care-renewal-body-lotion-12-glycolic","status":"publish","type":"product","link":"https:\/\/sakaba.mghosteur.com\/en\/product\/alpha-skin-care-renewal-body-lotion-12-glycolic\/","title":{"rendered":"ALPHA SKIN CARE RENEWAL BODY LOTION 12% GLYCOLIC"},"content":{"rendered":"<p>Formul\u00e9 avec 12 % d&#8217;acide alpha-hydroxy glycolique (AHA) pour hydrater en profondeur et exfolier en douceur, laissant la peau douce, lisse et d&#8217;apparence plus jeune de la t\u00eate aux pieds.<\/p>\n<p>TYPES DE PEAU : Tous types de peau<\/p>\n<p>FORMULE ANTI-\u00c2GE : Ce lotion anti-\u00e2ge est sp\u00e9cialement formul\u00e9e avec l&#8217;\u00e9quilibre optimal de 12 % d&#8217;acide alpha-hydroxy glycolique (AHA) et un pH de 3,8. L&#8217;AHA glycolique est un ingr\u00e9dient d\u00e9riv\u00e9 de la canne \u00e0 sucre naturelle qui aide \u00e0 r\u00e9duire l&#8217;apparence des rides et ridules pour une apparence plus jeune.<\/p>\n<p>PEAU SAINE ET RAYONNANTE : Les AHA glycoliques agissent naturellement pour \u00e9liminer en douceur les cellules mortes de la peau afin qu&#8217;une nouvelle peau saine puisse \u00e9merger et r\u00e9duire l&#8217;apparence des rides et ridules. Votre peau sera imm\u00e9diatement lisse, fra\u00eeche et saine, et au fil du temps, vous verrez un teint plus radieux et uniforme.<\/p>","protected":false},"excerpt":{"rendered":"<p>Formul\u00e9 avec 12 % d&#8217;acide alpha-hydroxy glycolique (AHA) pour hydrater en profondeur et exfolier en douceur, laissant la peau douce, lisse et d&#8217;apparence plus jeune de la t\u00eate aux pieds. TYPES DE PEAU : Tous types de peau FORMULE ANTI-\u00c2GE : Ce lotion anti-\u00e2ge est sp\u00e9cialement formul\u00e9e avec l&#8217;\u00e9quilibre optimal de 12 % d&#8217;acide alpha-hydroxy<span class=\"read-more-faq\"><a href=\"https:\/\/sakaba.mghosteur.com\/en\/product\/alpha-skin-care-renewal-body-lotion-12-glycolic\/\">Read More<\/a><\/span><\/p>","protected":false},"featured_media":0,"comment_status":"closed","ping_status":"closed","template":"","meta":[],"product_brand":[],"product_cat":[1095,293,447,1061],"product_tag":[],"class_list":{"0":"post-26629","1":"product","2":"type-product","3":"status-publish","5":"product_cat-anti-age","6":"product_cat-anti-taches","7":"product_cat-aac-bain-et-corps","8":"product_cat-lait-huile_corporelle","10":"first","11":"instock","12":"shipping-taxable","13":"product-type-simple"},"jetpack-related-posts":[],"_links":{"self":[{"href":"https:\/\/sakaba.mghosteur.com\/en\/wp-json\/wp\/v2\/product\/26629","targetHints":{"allow":["GET"]}}],"collection":[{"href":"https:\/\/sakaba.mghosteur.com\/en\/wp-json\/wp\/v2\/product"}],"about":[{"href":"https:\/\/sakaba.mghosteur.com\/en\/wp-json\/wp\/v2\/types\/product"}],"replies":[{"embeddable":true,"href":"https:\/\/sakaba.mghosteur.com\/en\/wp-json\/wp\/v2\/comments?post=26629"}],"version-history":[{"count":0,"href":"https:\/\/sakaba.mghosteur.com\/en\/wp-json\/wp\/v2\/product\/26629\/revisions"}],"wp:attachment":[{"href":"https:\/\/sakaba.mghosteur.com\/en\/wp-json\/wp\/v2\/media?parent=26629"}],"wp:term":[{"taxonomy":"product_brand","embeddable":true,"href":"https:\/\/sakaba.mghosteur.com\/en\/wp-json\/wp\/v2\/product_brand?post=26629"},{"taxonomy":"product_cat","embeddable":true,"href":"https:\/\/sakaba.mghosteur.com\/en\/wp-json\/wp\/v2\/product_cat?post=26629"},{"taxonomy":"product_tag","embeddable":true,"href":"https:\/\/sakaba.mghosteur.com\/en\/wp-json\/wp\/v2\/product_tag?post=26629"}],"curies":[{"name":"wp","href":"https:\/\/api.w.org\/{rel}","templated":true}]}}