{"id":26644,"date":"2022-11-28T12:01:22","date_gmt":"2022-11-28T12:01:22","guid":{"rendered":"http:\/\/www.sakababeauty.com\/?post_type=product&#038;p=26644"},"modified":"2022-11-28T12:01:23","modified_gmt":"2022-11-28T12:01:23","slug":"relumins-intensive-repair-lotion","status":"publish","type":"product","link":"https:\/\/sakaba.mghosteur.com\/en\/product\/relumins-intensive-repair-lotion\/","title":{"rendered":"RELUMINS INTENSIVE REPAIR LOTION"},"content":{"rendered":"","protected":false},"excerpt":{"rendered":"","protected":false},"featured_media":0,"comment_status":"closed","ping_status":"closed","template":"","meta":[],"product_brand":[],"product_cat":[355],"product_tag":[],"class_list":{"0":"post-26644","1":"product","2":"type-product","3":"status-publish","5":"product_cat-hydratant-corps","7":"first","8":"instock","9":"shipping-taxable","10":"product-type-simple"},"jetpack-related-posts":[{"id":34304,"url":"https:\/\/sakaba.mghosteur.com\/en\/product\/advanced-glow-intensive-repair-lotion\/","url_meta":{"origin":26644,"position":0},"title":"ADVANCED Glow intensive repair lotion","author":"admin","date":"May 28, 2024","format":false,"excerpt":"","rel":"","context":"Similar post","block_context":{"text":"Similar post","link":""},"img":{"alt_text":"","src":"","width":0,"height":0},"classes":[]},{"id":26615,"url":"https:\/\/sakaba.mghosteur.com\/en\/product\/relumins-intense-glow-every-day-body-lotion\/","url_meta":{"origin":26644,"position":1},"title":"RELUMINS INTENSE GLOW EVERY DAY BODY LOTION","author":"admin","date":"November 28, 2022","format":false,"excerpt":"","rel":"","context":"Similar post","block_context":{"text":"Similar post","link":""},"img":{"alt_text":"","src":"","width":0,"height":0},"classes":[]},{"id":25533,"url":"https:\/\/sakaba.mghosteur.com\/en\/product\/eucerin-intensive-repair-lotion\/","url_meta":{"origin":26644,"position":2},"title":"EUCERIN INTENSIVE REPAIR LOTION","author":"admin","date":"November 14, 2022","format":false,"excerpt":"La Lotion R\u00e9paratrice Intensive d'Eucerin est une lotion pour le corps qui hydrate, exfolie et revitalise la peau tr\u00e8s s\u00e8che et squameuse. C'est une marque recommand\u00e9e par les dermatologues qui est sans parfum, sans parab\u00e8ne et sans colorant. Elle contient de l'alpha-hydroxy (AHA) et des facteurs hydratants naturels pour les\u2026","rel":"","context":"Similar post","block_context":{"text":"Similar post","link":""},"img":{"alt_text":"","src":"","width":0,"height":0},"classes":[]},{"id":26619,"url":"https:\/\/sakaba.mghosteur.com\/en\/product\/relumins-intense-glow-premium-brightening-serum\/","url_meta":{"origin":26644,"position":3},"title":"RELUMINS INTENSE GLOW PREMIUM BRIGHTENING SERUM","author":"admin","date":"November 28, 2022","format":false,"excerpt":"","rel":"","context":"Similar post","block_context":{"text":"Similar post","link":""},"img":{"alt_text":"","src":"","width":0,"height":0},"classes":[]},{"id":26650,"url":"https:\/\/sakaba.mghosteur.com\/en\/product\/relumins-intense-glow-knuckle-brightening-serum\/","url_meta":{"origin":26644,"position":4},"title":"RELUMINS INTENSE GLOW KNUCKLE BRIGHTENING SERUM","author":"admin","date":"November 28, 2022","format":false,"excerpt":"","rel":"","context":"Similar post","block_context":{"text":"Similar post","link":""},"img":{"alt_text":"","src":"","width":0,"height":0},"classes":[]},{"id":34390,"url":"https:\/\/sakaba.mghosteur.com\/en\/product\/intensive-brightening-serum\/","url_meta":{"origin":26644,"position":5},"title":"INTENSIVE BRIGHTENING SERUM","author":"admin","date":"May 28, 2024","format":false,"excerpt":"","rel":"","context":"Similar post","block_context":{"text":"Similar post","link":""},"img":{"alt_text":"","src":"","width":0,"height":0},"classes":[]}],"_links":{"self":[{"href":"https:\/\/sakaba.mghosteur.com\/en\/wp-json\/wp\/v2\/product\/26644","targetHints":{"allow":["GET"]}}],"collection":[{"href":"https:\/\/sakaba.mghosteur.com\/en\/wp-json\/wp\/v2\/product"}],"about":[{"href":"https:\/\/sakaba.mghosteur.com\/en\/wp-json\/wp\/v2\/types\/product"}],"replies":[{"embeddable":true,"href":"https:\/\/sakaba.mghosteur.com\/en\/wp-json\/wp\/v2\/comments?post=26644"}],"version-history":[{"count":0,"href":"https:\/\/sakaba.mghosteur.com\/en\/wp-json\/wp\/v2\/product\/26644\/revisions"}],"wp:attachment":[{"href":"https:\/\/sakaba.mghosteur.com\/en\/wp-json\/wp\/v2\/media?parent=26644"}],"wp:term":[{"taxonomy":"product_brand","embeddable":true,"href":"https:\/\/sakaba.mghosteur.com\/en\/wp-json\/wp\/v2\/product_brand?post=26644"},{"taxonomy":"product_cat","embeddable":true,"href":"https:\/\/sakaba.mghosteur.com\/en\/wp-json\/wp\/v2\/product_cat?post=26644"},{"taxonomy":"product_tag","embeddable":true,"href":"https:\/\/sakaba.mghosteur.com\/en\/wp-json\/wp\/v2\/product_tag?post=26644"}],"curies":[{"name":"wp","href":"https:\/\/api.w.org\/{rel}","templated":true}]}}