{"id":26646,"date":"2022-11-28T12:04:27","date_gmt":"2022-11-28T12:04:27","guid":{"rendered":"http:\/\/www.sakababeauty.com\/?post_type=product&#038;p=26646"},"modified":"2024-09-01T02:18:44","modified_gmt":"2024-09-01T02:18:44","slug":"alpha-skin-care-moisturizing-body-wash-sea-mist","status":"publish","type":"product","link":"https:\/\/sakaba.mghosteur.com\/en\/product\/alpha-skin-care-moisturizing-body-wash-sea-mist\/","title":{"rendered":"ALPHA SKIN CARE MOISTURIZING BODY WASH SEA MIST"},"content":{"rendered":"<p>Formul\u00e9 avec 10 % d&#8217;acide alpha-hydroxy glycolique (AHA) pour lib\u00e9rer en douceur les cellules mortes de la peau et r\u00e9v\u00e9ler une peau fra\u00eeche, saine et d&#8217;apparence plus jeune.<\/p>\n<p>TYPES DE PEAU : Peau normale \u00e0 s\u00e8che.<\/p>\n<p>FORMULE ANTI-\u00c2GE : Notre cr\u00e8me anti-\u00e2ge est sp\u00e9cialement formul\u00e9e avec l&#8217;\u00e9quilibre optimal de 10 % d&#8217;acide alpha-hydroxy glycolique (AHA) et un pH de 4,0. L&#8217;AHA glycolique est un ingr\u00e9dient d\u00e9riv\u00e9 de la canne \u00e0 sucre naturelle qui aide \u00e0 r\u00e9duire l&#8217;apparence des rides et ridules pour une apparence plus jeune.<\/p>\n<p>PEAU SAINE ET RAYONNANTE : Les AHA glycoliques agissent naturellement pour \u00e9liminer en douceur les cellules mortes de la peau afin qu&#8217;une nouvelle peau saine puisse \u00e9merger et r\u00e9duire l&#8217;apparence des rides et ridules. Votre peau sera imm\u00e9diatement lisse, fra\u00eeche et saine, et au fil du temps, vous verrez un teint plus radieux et uniforme.<\/p>","protected":false},"excerpt":{"rendered":"<p>Formul\u00e9 avec 10 % d&#8217;acide alpha-hydroxy glycolique (AHA) pour lib\u00e9rer en douceur les cellules mortes de la peau et r\u00e9v\u00e9ler une peau fra\u00eeche, saine et d&#8217;apparence plus jeune. TYPES DE PEAU : Peau normale \u00e0 s\u00e8che. FORMULE ANTI-\u00c2GE : Notre cr\u00e8me anti-\u00e2ge est sp\u00e9cialement formul\u00e9e avec l&#8217;\u00e9quilibre optimal de 10 % d&#8217;acide alpha-hydroxy glycolique (AHA)<span class=\"read-more-faq\"><a href=\"https:\/\/sakaba.mghosteur.com\/en\/product\/alpha-skin-care-moisturizing-body-wash-sea-mist\/\">Read More<\/a><\/span><\/p>","protected":false},"featured_media":0,"comment_status":"closed","ping_status":"closed","template":"","meta":[],"product_brand":[],"product_cat":[1095,358,447,446],"product_tag":[],"class_list":{"0":"post-26646","1":"product","2":"type-product","3":"status-publish","5":"product_cat-anti-age","6":"product_cat-bain-douche","7":"product_cat-aac-bain-et-corps","8":"product_cat-nettoyant","10":"first","11":"instock","12":"shipping-taxable","13":"product-type-simple"},"jetpack-related-posts":[{"id":26629,"url":"https:\/\/sakaba.mghosteur.com\/en\/product\/alpha-skin-care-renewal-body-lotion-12-glycolic\/","url_meta":{"origin":26646,"position":0},"title":"ALPHA SKIN CARE RENEWAL BODY LOTION 12% GLYCOLIC","author":"admin","date":"November 28, 2022","format":false,"excerpt":"Formul\u00e9 avec 12 % d'acide alpha-hydroxy glycolique (AHA) pour hydrater en profondeur et exfolier en douceur, laissant la peau douce, lisse et d'apparence plus jeune de la t\u00eate aux pieds. TYPES DE PEAU : Tous types de peau FORMULE ANTI-\u00c2GE : Ce lotion anti-\u00e2ge est sp\u00e9cialement formul\u00e9e avec l'\u00e9quilibre optimal\u2026","rel":"","context":"Similar post","block_context":{"text":"Similar post","link":""},"img":{"alt_text":"","src":"","width":0,"height":0},"classes":[]},{"id":26613,"url":"https:\/\/sakaba.mghosteur.com\/en\/product\/alpha-skin-care-essential-renewal-lotion\/","url_meta":{"origin":26646,"position":1},"title":"ALPHA SKIN CARE ESSENTIAL RENEWAL LOTION","author":"admin","date":"November 28, 2022","format":false,"excerpt":"La lotion r\u00e9g\u00e9n\u00e9ratrice essentielle Alpha Skin Care est une lotion de 120 ml contenant 10 % d'AHA glycolique, qui lib\u00e8re en douceur les cellules mortes de la peau et permet \u00e0 une peau nouvelle et plus saine de remonter \u00e0 la surface. Elle est con\u00e7ue pour les peaux s\u00e8ches et\u2026","rel":"","context":"Similar post","block_context":{"text":"Similar post","link":""},"img":{"alt_text":"","src":"","width":0,"height":0},"classes":[]},{"id":26948,"url":"https:\/\/sakaba.mghosteur.com\/en\/product\/facetheory-glycolacsal-solution\/","url_meta":{"origin":26646,"position":2},"title":"FACETHEORY Glycolacsal Solution T4","author":"admin","date":"November 28, 2022","format":false,"excerpt":"Produit: Solution T4 Glycolacsal de la marque Facetheory La Solution T4 Glycolacsal de Facetheory est un toner exfoliant formul\u00e9 avec un trio d'acides: l'acide glycolique (8,5%), l'acide salicylique (1%) et l'acide lactique (0,5%) pour clarifier, \u00e9claircir et unifier le teint. Ces actifs acc\u00e9l\u00e8rent le renouvellement cellulaire, r\u00e9duisent les ridules, les\u2026","rel":"","context":"Similar post","block_context":{"text":"Similar post","link":""},"img":{"alt_text":"","src":"","width":0,"height":0},"classes":[]},{"id":23934,"url":"https:\/\/sakaba.mghosteur.com\/en\/product\/cerave-acne-control-gel-2-salicylic-acid\/","url_meta":{"origin":26646,"position":3},"title":"CERAVE : ACNE CONTROL GEL 2% SALICYLIC ACID","author":"admin","date":"November 9, 2022","format":false,"excerpt":"Le gel anti-acn\u00e9 hydratant CeraVe Acne Control Gel est la solution compl\u00e8te pour traiter l'acn\u00e9 et pr\u00e9venir les \u00e9ruptions cutan\u00e9es futures. Avec sa formule l\u00e9g\u00e8re et non ass\u00e9chante, il est parfait pour une utilisation quotidienne et convient \u00e0 tous les types de peau, m\u00eame les plus sensibles. Enrichi en acides\u2026","rel":"","context":"Similar post","block_context":{"text":"Similar post","link":""},"img":{"alt_text":"","src":"","width":0,"height":0},"classes":[]},{"id":35978,"url":"https:\/\/sakaba.mghosteur.com\/en\/product\/medix-5-5-retinol-ferulic-acid-age-rewind-444ml\/","url_meta":{"origin":26646,"position":4},"title":"MEDIX 5.5 RETINOL FERULIC ACID AGE REWIND 444ML","author":"admin","date":"August 10, 2024","format":false,"excerpt":"MEDIX 5.5 \u2013 RETINOL CREAM contient d\u2019autres ingr\u00e9dients actifs tels que l\u2019acide f\u00e9rulique, le th\u00e9 vert, la vitamine E, le beurre de karit\u00e9 et l\u2019aloe vera qui agissent en synergie pour am\u00e9liorer la sant\u00e9 globale et l\u2019apparence de votre peau afin de donner \u00e0 votre peau un \u00e9clat jeune et\u2026","rel":"","context":"Similar post","block_context":{"text":"Similar post","link":""},"img":{"alt_text":"","src":"","width":0,"height":0},"classes":[]},{"id":26945,"url":"https:\/\/sakaba.mghosteur.com\/en\/product\/clarifying-cleanser\/","url_meta":{"origin":26646,"position":5},"title":"FACETHEORY Clarifying Cleanser C2","author":"admin","date":"November 28, 2022","format":false,"excerpt":"Le FACETHEORY Clarifying Cleanser C2 est une cr\u00e8me nettoyante clarifiante qui contient un puissant m\u00e9lange d'acides \u00e0 faible pH pour les peaux mixtes ou grasses, congestionn\u00e9es et sujettes aux imperfections. Il contient 2% d'acide salicylique qui p\u00e9n\u00e8tre profond\u00e9ment dans les pores pour \u00e9liminer la salet\u00e9 emprisonn\u00e9e et r\u00e9duire l'apparence des\u2026","rel":"","context":"Similar post","block_context":{"text":"Similar post","link":""},"img":{"alt_text":"","src":"","width":0,"height":0},"classes":[]}],"_links":{"self":[{"href":"https:\/\/sakaba.mghosteur.com\/en\/wp-json\/wp\/v2\/product\/26646","targetHints":{"allow":["GET"]}}],"collection":[{"href":"https:\/\/sakaba.mghosteur.com\/en\/wp-json\/wp\/v2\/product"}],"about":[{"href":"https:\/\/sakaba.mghosteur.com\/en\/wp-json\/wp\/v2\/types\/product"}],"replies":[{"embeddable":true,"href":"https:\/\/sakaba.mghosteur.com\/en\/wp-json\/wp\/v2\/comments?post=26646"}],"version-history":[{"count":0,"href":"https:\/\/sakaba.mghosteur.com\/en\/wp-json\/wp\/v2\/product\/26646\/revisions"}],"wp:attachment":[{"href":"https:\/\/sakaba.mghosteur.com\/en\/wp-json\/wp\/v2\/media?parent=26646"}],"wp:term":[{"taxonomy":"product_brand","embeddable":true,"href":"https:\/\/sakaba.mghosteur.com\/en\/wp-json\/wp\/v2\/product_brand?post=26646"},{"taxonomy":"product_cat","embeddable":true,"href":"https:\/\/sakaba.mghosteur.com\/en\/wp-json\/wp\/v2\/product_cat?post=26646"},{"taxonomy":"product_tag","embeddable":true,"href":"https:\/\/sakaba.mghosteur.com\/en\/wp-json\/wp\/v2\/product_tag?post=26646"}],"curies":[{"name":"wp","href":"https:\/\/api.w.org\/{rel}","templated":true}]}}