{"id":26652,"date":"2022-11-28T12:10:17","date_gmt":"2022-11-28T12:10:17","guid":{"rendered":"http:\/\/www.sakababeauty.com\/?post_type=product&#038;p=26652"},"modified":"2022-11-28T12:10:41","modified_gmt":"2022-11-28T12:10:41","slug":"dalfour-beauty-protect","status":"publish","type":"product","link":"https:\/\/sakaba.mghosteur.com\/en\/product\/dalfour-beauty-protect\/","title":{"rendered":"DALFOUR BEAUTY PROTECT+"},"content":{"rendered":"","protected":false},"excerpt":{"rendered":"","protected":false},"featured_media":0,"comment_status":"closed","ping_status":"closed","template":"","meta":[],"product_brand":[],"product_cat":[377],"product_tag":[],"class_list":{"0":"post-26652","1":"product","2":"type-product","3":"status-publish","5":"product_cat-bath-body-works","7":"first","8":"instock","9":"shipping-taxable","10":"product-type-simple"},"jetpack-related-posts":[{"id":26654,"url":"https:\/\/sakaba.mghosteur.com\/en\/product\/dalfour-beauty-excel\/","url_meta":{"origin":26652,"position":0},"title":"DALFOUR BEAUTY EXCEL","author":"admin","date":"November 28, 2022","format":false,"excerpt":"","rel":"","context":"Similar post","block_context":{"text":"Similar post","link":""},"img":{"alt_text":"","src":"","width":0,"height":0},"classes":[]},{"id":26807,"url":"https:\/\/sakaba.mghosteur.com\/en\/product\/dalfour-ultrawhite-beauty-lotion\/","url_meta":{"origin":26652,"position":1},"title":"DALFOUR ULTRAWHITE BEAUTY LOTION","author":"admin","date":"November 28, 2022","format":false,"excerpt":"","rel":"","context":"Similar post","block_context":{"text":"Similar post","link":""},"img":{"alt_text":"","src":"","width":0,"height":0},"classes":[]},{"id":31384,"url":"https:\/\/sakaba.mghosteur.com\/en\/product\/beauty-of-joseon-matte-sun-stick-mugwort-camelia\/","url_meta":{"origin":26652,"position":2},"title":"BEAUTY OF JOSEON MATTE SUN STICK MUGWORT + CAMELIA","author":"admin","date":"May 10, 2024","format":false,"excerpt":"Matte Sun Stick : Mugwort+Camelia (SPF 50+ PA+++) Contrairement \u00e0 la plupart des sticks solaires con\u00e7us principalement pour les activit\u00e9s en ext\u00e9rieur, notre Matte Sun Stick est sp\u00e9cialement formul\u00e9 pour r\u00e9pondre aux besoins des environnements urbains quotidiens. Il est crucial de r\u00e9appliquer r\u00e9guli\u00e8rement une protection solaire toutes les 2 \u00e0\u2026","rel":"","context":"Similar post","block_context":{"text":"Similar post","link":""},"img":{"alt_text":"","src":"","width":0,"height":0},"classes":[]},{"id":28322,"url":"https:\/\/sakaba.mghosteur.com\/en\/product\/kids-crest-cavity-protection\/","url_meta":{"origin":26652,"position":3},"title":"KIDS CREST CAVITY PROTECTION","author":"admin","date":"November 30, 2022","format":false,"excerpt":"","rel":"","context":"Similar post","block_context":{"text":"Similar post","link":""},"img":{"alt_text":"","src":"","width":0,"height":0},"classes":[]},{"id":25062,"url":"https:\/\/sakaba.mghosteur.com\/en\/product\/cleanse-protect-azo-cranberry\/","url_meta":{"origin":26652,"position":4},"title":"CLEANSE &#038; PROTECT AZO CRANBERRY","author":"admin","date":"November 11, 2022","format":false,"excerpt":"","rel":"","context":"Similar post","block_context":{"text":"Similar post","link":""},"img":{"alt_text":"","src":"","width":0,"height":0},"classes":[]},{"id":27989,"url":"https:\/\/sakaba.mghosteur.com\/en\/product\/dr-dennis-gross-peel-protect\/","url_meta":{"origin":26652,"position":5},"title":"DR DENNIS GROSS PEEL + PROTECT","author":"admin","date":"November 29, 2022","format":false,"excerpt":"","rel":"","context":"Similar post","block_context":{"text":"Similar post","link":""},"img":{"alt_text":"","src":"","width":0,"height":0},"classes":[]}],"_links":{"self":[{"href":"https:\/\/sakaba.mghosteur.com\/en\/wp-json\/wp\/v2\/product\/26652","targetHints":{"allow":["GET"]}}],"collection":[{"href":"https:\/\/sakaba.mghosteur.com\/en\/wp-json\/wp\/v2\/product"}],"about":[{"href":"https:\/\/sakaba.mghosteur.com\/en\/wp-json\/wp\/v2\/types\/product"}],"replies":[{"embeddable":true,"href":"https:\/\/sakaba.mghosteur.com\/en\/wp-json\/wp\/v2\/comments?post=26652"}],"version-history":[{"count":0,"href":"https:\/\/sakaba.mghosteur.com\/en\/wp-json\/wp\/v2\/product\/26652\/revisions"}],"wp:attachment":[{"href":"https:\/\/sakaba.mghosteur.com\/en\/wp-json\/wp\/v2\/media?parent=26652"}],"wp:term":[{"taxonomy":"product_brand","embeddable":true,"href":"https:\/\/sakaba.mghosteur.com\/en\/wp-json\/wp\/v2\/product_brand?post=26652"},{"taxonomy":"product_cat","embeddable":true,"href":"https:\/\/sakaba.mghosteur.com\/en\/wp-json\/wp\/v2\/product_cat?post=26652"},{"taxonomy":"product_tag","embeddable":true,"href":"https:\/\/sakaba.mghosteur.com\/en\/wp-json\/wp\/v2\/product_tag?post=26652"}],"curies":[{"name":"wp","href":"https:\/\/api.w.org\/{rel}","templated":true}]}}