{"id":26656,"date":"2022-11-28T12:20:46","date_gmt":"2022-11-28T12:20:46","guid":{"rendered":"http:\/\/www.sakababeauty.com\/?post_type=product&#038;p=26656"},"modified":"2022-11-28T12:20:46","modified_gmt":"2022-11-28T12:20:46","slug":"clinique-take-the-day-off-makeup-remover-for-lids-lashes-lips","status":"publish","type":"product","link":"https:\/\/sakaba.mghosteur.com\/en\/product\/clinique-take-the-day-off-makeup-remover-for-lids-lashes-lips\/","title":{"rendered":"Clinique Take The Day Off Makeup Remover For Lids, Lashes &#038; Lips"},"content":{"rendered":"","protected":false},"excerpt":{"rendered":"","protected":false},"featured_media":0,"comment_status":"closed","ping_status":"closed","template":"","meta":[],"product_brand":[],"product_cat":[446],"product_tag":[],"class_list":{"0":"post-26656","1":"product","2":"type-product","3":"status-publish","5":"product_cat-nettoyant","7":"first","8":"instock","9":"shipping-taxable","10":"product-type-simple"},"jetpack-related-posts":[{"id":26666,"url":"https:\/\/sakaba.mghosteur.com\/en\/product\/clinique-7-day-scrub-cream-rinse-off-formula\/","url_meta":{"origin":26656,"position":0},"title":"Clinique 7 Day Scrub Cream Rinse-Off Formula","author":"admin","date":"November 28, 2022","format":false,"excerpt":"","rel":"","context":"Similar post","block_context":{"text":"Similar post","link":""},"img":{"alt_text":"","src":"","width":0,"height":0},"classes":[]},{"id":31980,"url":"https:\/\/sakaba.mghosteur.com\/en\/product\/cerave-comforting-eye-makeup-remove-2\/","url_meta":{"origin":26656,"position":1},"title":"CERAVE COMFORTING EYE MAKEUP REMOVER","author":"admin","date":"May 13, 2024","format":false,"excerpt":"Compl\u00e9tez votre routine de soins de la peau avec ce d\u00e9maquillant yeux r\u00e9confortant de CeraVe. L'acide hyaluronique et trois c\u00e9ramides essentiels hydratent durablement et nourrissent votre peau, laissant le contour des yeux doux et \u00e9clatant, tandis que la formule l\u00e9g\u00e8re \u00e9limine facilement le maquillage tenace sans laisser de r\u00e9sidus gras.","rel":"","context":"Similar post","block_context":{"text":"Similar post","link":""},"img":{"alt_text":"","src":"","width":0,"height":0},"classes":[]},{"id":23974,"url":"https:\/\/sakaba.mghosteur.com\/en\/product\/clinique-lip-color-plum-pop\/","url_meta":{"origin":26656,"position":2},"title":"CLINIQUE LIP COLOR PLUM POP","author":"admin","date":"November 9, 2022","format":false,"excerpt":"","rel":"","context":"Similar post","block_context":{"text":"Similar post","link":""},"img":{"alt_text":"","src":"","width":0,"height":0},"classes":[]},{"id":29018,"url":"https:\/\/sakaba.mghosteur.com\/en\/product\/cerave-comforting-eye-makeup-remove\/","url_meta":{"origin":26656,"position":3},"title":"CERAVE COMFORTING EYE MAKEUP REMOVE","author":"admin","date":"March 9, 2023","format":false,"excerpt":"Le d\u00e9maquillant yeux r\u00e9confortant de CeraVe est un choix id\u00e9al pour enlever en douceur votre maquillage des yeux tenace tout en prenant soin de votre peau d\u00e9licate. Sa formule bi-phase \u00e0 la texture douce et laiteuse \u00e9limine rapidement et facilement le maquillage, y compris le mascara imperm\u00e9able et le maquillage\u2026","rel":"","context":"Similar post","block_context":{"text":"Similar post","link":""},"img":{"alt_text":"","src":"","width":0,"height":0},"classes":[]},{"id":34225,"url":"https:\/\/sakaba.mghosteur.com\/en\/product\/fresh-sugar-advanced-recovery-lip-mask-10g\/","url_meta":{"origin":26656,"position":4},"title":"FRESH SUGAR ADVANCED RECOVERY LIP MASK 10G","author":"admin","date":"May 27, 2024","format":false,"excerpt":"Le masque pour les l\u00e8vres Fresh Sugar Advanced Therapy Recovery est un masque pour les l\u00e8vres sans rin\u00e7age qui, selon des \u00e9tudes cliniques, r\u00e9pare l'apparence des l\u00e8vres tr\u00e8s s\u00e8ches pendant la nuit tout en conservant l'hydratation pour une apparence lisse et pulpeuse. Il est infus\u00e9 de cire de baies, de\u2026","rel":"","context":"Similar post","block_context":{"text":"Similar post","link":""},"img":{"alt_text":"","src":"","width":0,"height":0},"classes":[]},{"id":24363,"url":"https:\/\/sakaba.mghosteur.com\/en\/product\/duo-line-it-lash-it-2in-1-eyeliner-lash-adhesive\/","url_meta":{"origin":26656,"position":5},"title":"DUO LINE IT LASH IT 2IN 1 EYELINER &#038; LASH ADHESIVE","author":"admin","date":"November 10, 2022","format":false,"excerpt":"","rel":"","context":"Similar post","block_context":{"text":"Similar post","link":""},"img":{"alt_text":"","src":"","width":0,"height":0},"classes":[]}],"_links":{"self":[{"href":"https:\/\/sakaba.mghosteur.com\/en\/wp-json\/wp\/v2\/product\/26656","targetHints":{"allow":["GET"]}}],"collection":[{"href":"https:\/\/sakaba.mghosteur.com\/en\/wp-json\/wp\/v2\/product"}],"about":[{"href":"https:\/\/sakaba.mghosteur.com\/en\/wp-json\/wp\/v2\/types\/product"}],"replies":[{"embeddable":true,"href":"https:\/\/sakaba.mghosteur.com\/en\/wp-json\/wp\/v2\/comments?post=26656"}],"version-history":[{"count":0,"href":"https:\/\/sakaba.mghosteur.com\/en\/wp-json\/wp\/v2\/product\/26656\/revisions"}],"wp:attachment":[{"href":"https:\/\/sakaba.mghosteur.com\/en\/wp-json\/wp\/v2\/media?parent=26656"}],"wp:term":[{"taxonomy":"product_brand","embeddable":true,"href":"https:\/\/sakaba.mghosteur.com\/en\/wp-json\/wp\/v2\/product_brand?post=26656"},{"taxonomy":"product_cat","embeddable":true,"href":"https:\/\/sakaba.mghosteur.com\/en\/wp-json\/wp\/v2\/product_cat?post=26656"},{"taxonomy":"product_tag","embeddable":true,"href":"https:\/\/sakaba.mghosteur.com\/en\/wp-json\/wp\/v2\/product_tag?post=26656"}],"curies":[{"name":"wp","href":"https:\/\/api.w.org\/{rel}","templated":true}]}}