{"id":26659,"date":"2022-11-28T12:22:48","date_gmt":"2022-11-28T12:22:48","guid":{"rendered":"http:\/\/www.sakababeauty.com\/?post_type=product&#038;p=26659"},"modified":"2022-11-28T12:22:48","modified_gmt":"2022-11-28T12:22:48","slug":"clinique-dramatically-different-oil-free-gel-peau-grasse","status":"publish","type":"product","link":"https:\/\/sakaba.mghosteur.com\/en\/product\/clinique-dramatically-different-oil-free-gel-peau-grasse\/","title":{"rendered":"Clinique Dramatically Different Oil-Free Gel Peau-Grasse"},"content":{"rendered":"","protected":false},"excerpt":{"rendered":"","protected":false},"featured_media":0,"comment_status":"closed","ping_status":"closed","template":"","meta":[],"product_brand":[],"product_cat":[377],"product_tag":[],"class_list":{"0":"post-26659","1":"product","2":"type-product","3":"status-publish","5":"product_cat-bath-body-works","7":"first","8":"instock","9":"shipping-taxable","10":"product-type-simple"},"jetpack-related-posts":[{"id":24304,"url":"https:\/\/sakaba.mghosteur.com\/en\/product\/neutrogena-soothing-clear-turmeric-oil-free-gel-moisturizer\/","url_meta":{"origin":26659,"position":0},"title":"Neutrogena Soothing Clear Turmeric oil-free gel moisturizer","author":"admin","date":"November 9, 2022","format":false,"excerpt":"Offrez \u00e0 votre peau une hydratation et une sensation de confort avec l'hydratant pour le visage au gel de curcuma apaisant et nourrissant de Neutrogena. Ce gel hydratant pour le visage est sp\u00e9cialement con\u00e7u pour les peaux mixtes, d\u00e9shydrat\u00e9es ou \u00e0 tendance acn\u00e9ique. Il est formul\u00e9 avec du curcuma, reconnu\u2026","rel":"","context":"Similar post","block_context":{"text":"Similar post","link":""},"img":{"alt_text":"","src":"","width":0,"height":0},"classes":[]},{"id":26960,"url":"https:\/\/sakaba.mghosteur.com\/en\/product\/supergel-moisturiser-oil-free\/","url_meta":{"origin":26659,"position":1},"title":"FACETHEORY Supergel Oil-free Moisturiser M3 for Oily and Acne","author":"admin","date":"November 28, 2022","format":false,"excerpt":"D\u00e9couvrez le Supergel Hydratant sans huile M3 de FACETHEORY, sp\u00e9cialement formul\u00e9 pour les peaux grasses et sujettes \u00e0 l'acn\u00e9. Ce gel d'aloe vera l\u00e9ger hydrate la peau sans laisser de r\u00e9sidus gras et aide \u00e0 r\u00e9duire la taille des pores gr\u00e2ce au niacinamide et \u00e0 soulager la congestion cutan\u00e9e gr\u00e2ce\u2026","rel":"","context":"Similar post","block_context":{"text":"Similar post","link":""},"img":{"alt_text":"","src":"","width":0,"height":0},"classes":[]},{"id":26669,"url":"https:\/\/sakaba.mghosteur.com\/en\/product\/clinique-dramatically-different-hydrating-jelly-anti-pollution-gelee\/","url_meta":{"origin":26659,"position":2},"title":"Clinique Dramatically different hydrating jelly anti-pollution Gelee","author":"admin","date":"November 28, 2022","format":false,"excerpt":"","rel":"","context":"Similar post","block_context":{"text":"Similar post","link":""},"img":{"alt_text":"","src":"","width":0,"height":0},"classes":[]},{"id":29913,"url":"https:\/\/sakaba.mghosteur.com\/en\/product\/vaseline-cocoa-radiant-body-oil-200-ml\/","url_meta":{"origin":26659,"position":3},"title":"VASELINE COCOA RADIANT BODY OIL 200 ML","author":"admin","date":"April 27, 2023","format":false,"excerpt":"D\u00e9couvrez le gel-huile Vaseline Intensive Care Cocoa Radiant pour une peau \u00e9clatante et saine. Cette formule non grasse et riche combine du beurre de cacao pur et une huile r\u00e9g\u00e9n\u00e9rante pour donner \u00e0 votre peau un \u00e9clat naturel. Ce gel-huile pour le corps revitalise la peau d'apparence terne et am\u00e9liore\u2026","rel":"","context":"Similar post","block_context":{"text":"Similar post","link":""},"img":{"alt_text":"","src":"","width":0,"height":0},"classes":[]},{"id":26681,"url":"https:\/\/sakaba.mghosteur.com\/en\/product\/clinique-clarifying-lotion-exfoliante-3-peau-grass\/","url_meta":{"origin":26659,"position":4},"title":"Clinique Clarifying Lotion EXFOLIANTE 3 Peau-Grass","author":"admin","date":"November 28, 2022","format":false,"excerpt":"","rel":"","context":"Similar post","block_context":{"text":"Similar post","link":""},"img":{"alt_text":"","src":"","width":0,"height":0},"classes":[]},{"id":25683,"url":"https:\/\/sakaba.mghosteur.com\/en\/product\/neutrogena-hydro-boost-body-gel-cream\/","url_meta":{"origin":26659,"position":5},"title":"NEUTROGENA Hydro Boost Body gel Cream","author":"admin","date":"November 17, 2022","format":false,"excerpt":"D\u00e9couvrez le Gel-Cr\u00e8me Hydro Boost Extra Dry de Neutrogena, l'hydratant id\u00e9al pour les peaux extra-s\u00e8ches. Sa formule l\u00e9g\u00e8re et non grasse contient de l'acide hyaluronique, un ingr\u00e9dient hydratant naturel, pour aider \u00e0 renforcer la barri\u00e8re d'hydratation de la peau et lui donner un aspect sain et \u00e9clatant. Cliniquement prouv\u00e9e pour\u2026","rel":"","context":"Similar post","block_context":{"text":"Similar post","link":""},"img":{"alt_text":"","src":"","width":0,"height":0},"classes":[]}],"_links":{"self":[{"href":"https:\/\/sakaba.mghosteur.com\/en\/wp-json\/wp\/v2\/product\/26659","targetHints":{"allow":["GET"]}}],"collection":[{"href":"https:\/\/sakaba.mghosteur.com\/en\/wp-json\/wp\/v2\/product"}],"about":[{"href":"https:\/\/sakaba.mghosteur.com\/en\/wp-json\/wp\/v2\/types\/product"}],"replies":[{"embeddable":true,"href":"https:\/\/sakaba.mghosteur.com\/en\/wp-json\/wp\/v2\/comments?post=26659"}],"version-history":[{"count":0,"href":"https:\/\/sakaba.mghosteur.com\/en\/wp-json\/wp\/v2\/product\/26659\/revisions"}],"wp:attachment":[{"href":"https:\/\/sakaba.mghosteur.com\/en\/wp-json\/wp\/v2\/media?parent=26659"}],"wp:term":[{"taxonomy":"product_brand","embeddable":true,"href":"https:\/\/sakaba.mghosteur.com\/en\/wp-json\/wp\/v2\/product_brand?post=26659"},{"taxonomy":"product_cat","embeddable":true,"href":"https:\/\/sakaba.mghosteur.com\/en\/wp-json\/wp\/v2\/product_cat?post=26659"},{"taxonomy":"product_tag","embeddable":true,"href":"https:\/\/sakaba.mghosteur.com\/en\/wp-json\/wp\/v2\/product_tag?post=26659"}],"curies":[{"name":"wp","href":"https:\/\/api.w.org\/{rel}","templated":true}]}}