{"id":26662,"date":"2022-11-28T12:24:56","date_gmt":"2022-11-28T12:24:56","guid":{"rendered":"http:\/\/www.sakababeauty.com\/?post_type=product&#038;p=26662"},"modified":"2022-11-28T12:24:57","modified_gmt":"2022-11-28T12:24:57","slug":"clinique-mosture-surge-overnignt-mask","status":"publish","type":"product","link":"https:\/\/sakaba.mghosteur.com\/en\/product\/clinique-mosture-surge-overnignt-mask\/","title":{"rendered":"Clinique Mosture Surge Overnignt Mask"},"content":{"rendered":"","protected":false},"excerpt":{"rendered":"","protected":false},"featured_media":0,"comment_status":"closed","ping_status":"closed","template":"","meta":[],"product_brand":[],"product_cat":[334],"product_tag":[],"class_list":{"0":"post-26662","1":"product","2":"type-product","3":"status-publish","5":"product_cat-traitement-serum","7":"first","8":"instock","9":"shipping-taxable","10":"product-type-simple"},"jetpack-related-posts":[{"id":31587,"url":"https:\/\/sakaba.mghosteur.com\/en\/product\/cosrx-propolis-honey-overnignt-mask\/","url_meta":{"origin":26662,"position":0},"title":"COSRX PROPOLIS HONEY OVERNIGNT MASK","author":"admin","date":"May 10, 2024","format":false,"excerpt":"D\u00e9couvrez le Masque Hydratant Full Fit Propolis Honey Overnight. Ce produit polyvalent vous offre une exp\u00e9rience 3 en 1 : il peut \u00eatre utilis\u00e9 comme masque de nuit, comme cr\u00e8me hydratante ou comme masque lavable. Gr\u00e2ce \u00e0 sa formule enrichie de plus de 70 % d'extrait de propolis et de\u2026","rel":"","context":"Similar post","block_context":{"text":"Similar post","link":""},"img":{"alt_text":"","src":"","width":0,"height":0},"classes":[]},{"id":26587,"url":"https:\/\/sakaba.mghosteur.com\/en\/product\/clinique-moisture-surge-intense-72h-lipid-replenis-1-7-oz25\/","url_meta":{"origin":26662,"position":1},"title":"Clinique Moisture Surge Intense 72H Lipid-Replenis 1.7 OZ25","author":"admin","date":"November 28, 2022","format":false,"excerpt":"","rel":"","context":"Similar post","block_context":{"text":"Similar post","link":""},"img":{"alt_text":"","src":"","width":0,"height":0},"classes":[]},{"id":34225,"url":"https:\/\/sakaba.mghosteur.com\/en\/product\/fresh-sugar-advanced-recovery-lip-mask-10g\/","url_meta":{"origin":26662,"position":2},"title":"FRESH SUGAR ADVANCED RECOVERY LIP MASK 10G","author":"admin","date":"May 27, 2024","format":false,"excerpt":"Le masque pour les l\u00e8vres Fresh Sugar Advanced Therapy Recovery est un masque pour les l\u00e8vres sans rin\u00e7age qui, selon des \u00e9tudes cliniques, r\u00e9pare l'apparence des l\u00e8vres tr\u00e8s s\u00e8ches pendant la nuit tout en conservant l'hydratation pour une apparence lisse et pulpeuse. Il est infus\u00e9 de cire de baies, de\u2026","rel":"","context":"Similar post","block_context":{"text":"Similar post","link":""},"img":{"alt_text":"","src":"","width":0,"height":0},"classes":[]},{"id":30237,"url":"https:\/\/sakaba.mghosteur.com\/en\/product\/100-hydrogel-mask\/","url_meta":{"origin":26662,"position":3},"title":"100% HYDROGEL MASK","author":"admin","date":"May 4, 2023","format":false,"excerpt":"D\u00e9couvrez le masque hydratant 100% hydrogel Hydro Boost de la marque NEUTROGENA. Ce masque innovant est con\u00e7u pour hydrater en profondeur la peau s\u00e8che gr\u00e2ce \u00e0 sa formule \u00e0 base d'acide hyaluronique. Sa texture unique en hydrogel permet une absorption optimale de la formule hydratante pour des r\u00e9sultats cliniquement prouv\u00e9s.\u2026","rel":"","context":"Similar post","block_context":{"text":"Similar post","link":""},"img":{"alt_text":"","src":"","width":0,"height":0},"classes":[]},{"id":27520,"url":"https:\/\/sakaba.mghosteur.com\/en\/product\/topicals-hydrating-mask-like-butter\/","url_meta":{"origin":26662,"position":4},"title":"TOPICALS HYDRATING MASK LIKE BUTTER","author":"admin","date":"November 29, 2022","format":false,"excerpt":"D\u00e9couvrez le produit Comme le beurre hydratant de la marque TOPICALS, un hydratant quotidien suraliment\u00e9 avec 1 % d'avoine collo\u00efdale. Il est cliniquement prouv\u00e9 pour cibler la s\u00e9cheresse extr\u00eame et les peaux sujettes \u00e0 l'ecz\u00e9ma. Utilisez ce produit pour renforcer la barri\u00e8re cutan\u00e9e et augmenter le TLC pour les peaux\u2026","rel":"","context":"Similar post","block_context":{"text":"Similar post","link":""},"img":{"alt_text":"","src":"","width":0,"height":0},"classes":[]},{"id":26684,"url":"https:\/\/sakaba.mghosteur.com\/en\/product\/clinique-even-better-clinical\/","url_meta":{"origin":26662,"position":5},"title":"CLINIQUE EVEN BETTER CLINICAL","author":"admin","date":"November 28, 2022","format":false,"excerpt":"","rel":"","context":"Similar post","block_context":{"text":"Similar post","link":""},"img":{"alt_text":"","src":"","width":0,"height":0},"classes":[]}],"_links":{"self":[{"href":"https:\/\/sakaba.mghosteur.com\/en\/wp-json\/wp\/v2\/product\/26662","targetHints":{"allow":["GET"]}}],"collection":[{"href":"https:\/\/sakaba.mghosteur.com\/en\/wp-json\/wp\/v2\/product"}],"about":[{"href":"https:\/\/sakaba.mghosteur.com\/en\/wp-json\/wp\/v2\/types\/product"}],"replies":[{"embeddable":true,"href":"https:\/\/sakaba.mghosteur.com\/en\/wp-json\/wp\/v2\/comments?post=26662"}],"version-history":[{"count":0,"href":"https:\/\/sakaba.mghosteur.com\/en\/wp-json\/wp\/v2\/product\/26662\/revisions"}],"wp:attachment":[{"href":"https:\/\/sakaba.mghosteur.com\/en\/wp-json\/wp\/v2\/media?parent=26662"}],"wp:term":[{"taxonomy":"product_brand","embeddable":true,"href":"https:\/\/sakaba.mghosteur.com\/en\/wp-json\/wp\/v2\/product_brand?post=26662"},{"taxonomy":"product_cat","embeddable":true,"href":"https:\/\/sakaba.mghosteur.com\/en\/wp-json\/wp\/v2\/product_cat?post=26662"},{"taxonomy":"product_tag","embeddable":true,"href":"https:\/\/sakaba.mghosteur.com\/en\/wp-json\/wp\/v2\/product_tag?post=26662"}],"curies":[{"name":"wp","href":"https:\/\/api.w.org\/{rel}","templated":true}]}}