{"id":26666,"date":"2022-11-28T12:26:22","date_gmt":"2022-11-28T12:26:22","guid":{"rendered":"http:\/\/www.sakababeauty.com\/?post_type=product&#038;p=26666"},"modified":"2022-11-28T12:26:23","modified_gmt":"2022-11-28T12:26:23","slug":"clinique-7-day-scrub-cream-rinse-off-formula","status":"publish","type":"product","link":"https:\/\/sakaba.mghosteur.com\/en\/product\/clinique-7-day-scrub-cream-rinse-off-formula\/","title":{"rendered":"Clinique 7 Day Scrub Cream Rinse-Off Formula"},"content":{"rendered":"","protected":false},"excerpt":{"rendered":"","protected":false},"featured_media":0,"comment_status":"closed","ping_status":"closed","template":"","meta":[],"product_brand":[],"product_cat":[446],"product_tag":[],"class_list":{"0":"post-26666","1":"product","2":"type-product","3":"status-publish","5":"product_cat-nettoyant","7":"first","8":"instock","9":"shipping-taxable","10":"product-type-simple"},"jetpack-related-posts":[{"id":26656,"url":"https:\/\/sakaba.mghosteur.com\/en\/product\/clinique-take-the-day-off-makeup-remover-for-lids-lashes-lips\/","url_meta":{"origin":26666,"position":0},"title":"Clinique Take The Day Off Makeup Remover For Lids, Lashes &#038; Lips","author":"admin","date":"November 28, 2022","format":false,"excerpt":"","rel":"","context":"Similar post","block_context":{"text":"Similar post","link":""},"img":{"alt_text":"","src":"","width":0,"height":0},"classes":[]},{"id":25428,"url":"https:\/\/sakaba.mghosteur.com\/en\/product\/neutrogena-hand-cream\/","url_meta":{"origin":26666,"position":1},"title":"Neutrogena Hand Cream","author":"admin","date":"November 14, 2022","format":false,"excerpt":"D\u00e9couvrez la cr\u00e8me pour les mains Norwegian Formula de la marque Neutrogena, un alli\u00e9 essentiel pour prendre soin de vos mains s\u00e8ches et gerc\u00e9es. Cette lotion hautement concentr\u00e9e, riche en glyc\u00e9rine, a \u00e9t\u00e9 formul\u00e9e pour une action rapide et efficace. En un seul geste, cette cr\u00e8me hydratante soulage instantan\u00e9ment vos\u2026","rel":"","context":"Similar post","block_context":{"text":"Similar post","link":""},"img":{"alt_text":"","src":"","width":0,"height":0},"classes":[]},{"id":56099,"url":"https:\/\/sakaba.mghosteur.com\/en\/product\/advanced-clinicals-retinol-advanced-firming-cream\/","url_meta":{"origin":26666,"position":2},"title":"Advanced Clinicals Retinol Advanced Firming Cream","author":"Sope DIA","date":"January 2, 2026","format":false,"excerpt":"ADVANCED CLINICAL \u2013 RETINOL CREAM est infus\u00e9e d\u2019aloe vera, de camomille, de glyc\u00e9rine et de th\u00e9 vert. Ces composants agissent tous ensemble pour raffermir efficacement la peau et r\u00e9duire l\u2019apparence de la peau endommag\u00e9e par le soleil, des rides, des ridules et de la peau cr\u00e9pue. Aloe Vera prot\u00e8ge contre\u2026","rel":"","context":"Similar post","block_context":{"text":"Similar post","link":""},"img":{"alt_text":"","src":"","width":0,"height":0},"classes":[]},{"id":33274,"url":"https:\/\/sakaba.mghosteur.com\/en\/product\/eos-shea-better-sensitive-shave-cream-cream-colloidal\/","url_meta":{"origin":26666,"position":3},"title":"EOS SHEA BETTER SENSITIVE SHAVE CREAM CREAM COLLOIDAL","author":"admin","date":"May 20, 2024","format":false,"excerpt":"Sans parfum. Sans produits nocifs. Sans irritation. La cr\u00e8me de rasage apaisante et r\u00e9confortante pour peaux sensibles est sans parfum et contient de l'huile de karit\u00e9 hydratante instantan\u00e9e et du beurre de karit\u00e9 protecteur longue dur\u00e9e pour une hydratation incroyable de 24 heures et un confort cutan\u00e9 durable, m\u00eame pour\u2026","rel":"","context":"Similar post","block_context":{"text":"Similar post","link":""},"img":{"alt_text":"","src":"","width":0,"height":0},"classes":[]},{"id":24151,"url":"https:\/\/sakaba.mghosteur.com\/en\/product\/amlactin-daily-moisturizing-body-lotion-7-9-oz\/","url_meta":{"origin":26666,"position":4},"title":"Amlactin Daily Moisturizing Body Lotion, 7.9 oz.","author":"admin","date":"November 9, 2022","format":false,"excerpt":"Enrichissez votre peau au quotidien avec cette lotion exfoliante \u00e0 base d'acide lactique \u00e0 12% cliniquement prouv\u00e9. Hydrate imm\u00e9diatement et restaure l'\u00e9clat de la peau Exfolie en douceur, hydrate en profondeur Hydratation non grasse et longue dur\u00e9e Formul\u00e9 avec du lactate d'ammonium, \u00e9quivalent \u00e012 % d'acide lactique Formul\u00e9 sans parfum,\u2026","rel":"","context":"Similar post","block_context":{"text":"Similar post","link":""},"img":{"alt_text":"","src":"","width":0,"height":0},"classes":[]},{"id":25683,"url":"https:\/\/sakaba.mghosteur.com\/en\/product\/neutrogena-hydro-boost-body-gel-cream\/","url_meta":{"origin":26666,"position":5},"title":"NEUTROGENA Hydro Boost Body gel Cream","author":"admin","date":"November 17, 2022","format":false,"excerpt":"D\u00e9couvrez le Gel-Cr\u00e8me Hydro Boost Extra Dry de Neutrogena, l'hydratant id\u00e9al pour les peaux extra-s\u00e8ches. Sa formule l\u00e9g\u00e8re et non grasse contient de l'acide hyaluronique, un ingr\u00e9dient hydratant naturel, pour aider \u00e0 renforcer la barri\u00e8re d'hydratation de la peau et lui donner un aspect sain et \u00e9clatant. Cliniquement prouv\u00e9e pour\u2026","rel":"","context":"Similar post","block_context":{"text":"Similar post","link":""},"img":{"alt_text":"","src":"","width":0,"height":0},"classes":[]}],"_links":{"self":[{"href":"https:\/\/sakaba.mghosteur.com\/en\/wp-json\/wp\/v2\/product\/26666","targetHints":{"allow":["GET"]}}],"collection":[{"href":"https:\/\/sakaba.mghosteur.com\/en\/wp-json\/wp\/v2\/product"}],"about":[{"href":"https:\/\/sakaba.mghosteur.com\/en\/wp-json\/wp\/v2\/types\/product"}],"replies":[{"embeddable":true,"href":"https:\/\/sakaba.mghosteur.com\/en\/wp-json\/wp\/v2\/comments?post=26666"}],"version-history":[{"count":0,"href":"https:\/\/sakaba.mghosteur.com\/en\/wp-json\/wp\/v2\/product\/26666\/revisions"}],"wp:attachment":[{"href":"https:\/\/sakaba.mghosteur.com\/en\/wp-json\/wp\/v2\/media?parent=26666"}],"wp:term":[{"taxonomy":"product_brand","embeddable":true,"href":"https:\/\/sakaba.mghosteur.com\/en\/wp-json\/wp\/v2\/product_brand?post=26666"},{"taxonomy":"product_cat","embeddable":true,"href":"https:\/\/sakaba.mghosteur.com\/en\/wp-json\/wp\/v2\/product_cat?post=26666"},{"taxonomy":"product_tag","embeddable":true,"href":"https:\/\/sakaba.mghosteur.com\/en\/wp-json\/wp\/v2\/product_tag?post=26666"}],"curies":[{"name":"wp","href":"https:\/\/api.w.org\/{rel}","templated":true}]}}